{"id":5848,"date":"2023-10-23T00:52:54","date_gmt":"2023-10-22T22:52:54","guid":{"rendered":"https:\/\/fabb.pl\/warsztat-projektanta\/"},"modified":"2024-01-23T13:53:33","modified_gmt":"2024-01-23T12:53:33","slug":"atelier-de-design","status":"publish","type":"page","link":"https:\/\/fabb.pl\/fr\/atelier-de-design\/","title":{"rendered":"ATELIER DE DESIGN"},"content":{"rendered":"<section class=\"page-header\"\n  >\n      <div class=\"page-header__videoWrapper\">\n      <video class=\"page-header__video\"  loop=\"true\" autoplay=\"autoplay\" playsinline muted>\n      <!-- <video class=\"page-header__video\"  loop=\"true\" muted> -->\n        <source src=\"https:\/\/fabb.pl\/wp-content\/uploads\/2023\/10\/warsztat-projektanta_compressed.mp4\" type=\"video\/mp4\">\n      <\/video>\n    <\/div>\n  \n  <div class=\"container2\">\n\n          <h1 class=\"page-header__heading\" style=\"color: #8cc0d0\">\n        ATELIER <br \/>\r\nDE DESIGN\n      <\/h1>\n    \n  <\/div>\n<\/section>\n\n\n<section id=\"\" class=\"text-section alignfull\" style=\"--text-color: #dc774f; --background-color: #f6f4f3;\">\n  <div class=\"container2\">\n\n    \n          <h2 class=\"text-section__heading\">\n        UNE PLATEFORME O\u00d9 VOUS TROUVEREZ TOUS LES MAT\u00c9RIAUX N\u00c9CESSAIRES POUR R\u00c9ALISER VOS PROJETS.\n      <\/h2>\n    \n          <div class=\"text-section__content\">\n        <p>Contactez-nous simplement pour acc\u00e9der \u00e0 la plateforme o\u00f9 vous trouverez une large gamme de mod\u00e8les de meubles exceptionnels, ainsi que les textures de tissus fabb disponibles qui peuvent \u00eatre facilement import\u00e9es dans vos propres programmes de conception. Mais ce n&rsquo;est pas tout \u2013 si vous aimez le mobilier, vous pouvez le commander directement chez nous. Notre offre est bas\u00e9e sur les meilleurs designs de meubles de fabricants polonais renomm\u00e9s.<\/p>\n<p><a href=\"#login\" class=\"not-logged-only\">CONNECTEZ-VOUS \u00c0 VOTRE COMPTE<\/a><\/p>\n<p><a href=\"#formularz\" class=\"not-logged-only\">CONTACTEZ-NOUS POUR OBTENIR L&rsquo;ACC\u00c8S \u00c0 LA PLATEFORME<\/a><\/p>\n\n      <\/div>\n    \n\n  <\/div>\n<\/section>\n\n\n<section class=\"icon-section\">\n  <div class=\"container2\">\n          <h2 class=\"icon-section__heading\">\n        AJOUTEZ \u00c0 VOTRE PROJET DU MOBILIER REV\u00caTU DE TISSU FABB\n      <\/h2>\n    \n          <img decoding=\"async\" class=\"icon-section__image\" src=\"https:\/\/fabb.pl\/wp-content\/uploads\/2023\/10\/fot.01.jpg\" alt=\"\">\n    \n          <div class=\"icon-section__icons\">\n                  <div class=\"icon-section__icon\">\n                          <img decoding=\"async\" class=\"icon-section__icon-image\" src=\"https:\/\/fabb.pl\/wp-content\/uploads\/2023\/12\/krzesla.svg\" alt=\"\">\n                      <\/div>\n                  <div class=\"icon-section__icon\">\n                          <img decoding=\"async\" class=\"icon-section__icon-image\" src=\"https:\/\/fabb.pl\/wp-content\/uploads\/2023\/12\/lozka.svg\" alt=\"\">\n                      <\/div>\n                  <div class=\"icon-section__icon\">\n                          <img decoding=\"async\" class=\"icon-section__icon-image\" src=\"https:\/\/fabb.pl\/wp-content\/uploads\/2023\/12\/narozniki.svg\" alt=\"\">\n                      <\/div>\n                  <div class=\"icon-section__icon\">\n                          <img decoding=\"async\" class=\"icon-section__icon-image\" src=\"https:\/\/fabb.pl\/wp-content\/uploads\/2023\/12\/sofy.svg\" alt=\"\">\n                      <\/div>\n              <\/div>\n    \n          <a class=\"button button__primary\" href=\"https:\/\/fabb.pl\/fr\/catalogue-de-meubles\"\n              >\n        CATALOGUE DE MEUBLES\n      <\/a>\n    \n  <\/div>\n<\/section>\n\n\n<section class=\"focus-image\">\n\n    <div class=\"container2\">\n      <h2 class=\"focus-image__heading\">\n        CARACT\u00c8RE UNIQUE DES INT\u00c9RIEURS GR\u00c2CE AU TISSU FABB\n      <\/h2>\n\n              <div class=\"focus-image__points\">\n          <div class=\"swiper\">\n            <div class=\"swiper-wrapper\">\n\n              \n                                                    <div class=\"swiper-slide\">\n                    <div class=\"focus-image__point-slide\">\n                      <img decoding=\"async\" src=\"https:\/\/fabb.pl\/wp-content\/uploads\/2024\/01\/Wnetrze-1-scaled.webp\" alt=\"\">\n\n                \n                \n\n                      <div class=\"focus-image__point\" style=\"top:47.05%; left:72.34%;\">\n                        <svg viewBox=\"0 0 30 30\" fill=\"none\" xmlns=\"http:\/\/www.w3.org\/2000\/svg\">\n                          <circle cx=\"14.8042\" cy=\"14.5214\" r=\"14.5\" fill=\"#262626\" fill-opacity=\"0.4\"\/>\n                          <circle cx=\"14.8044\" cy=\"14.5214\" r=\"6.04167\" fill=\"white\"\/>\n                        <\/svg>\n\n                                                  <a class=\"focus-image__point-info focus-image__point-link\" href=\"https:\/\/fabb.pl\/fr\/collections\/rago\/\">\n                                                          <h3>Rago 79<\/h3>\n                                                                                  <\/a>\n                                              <\/div>\n\n                    \n              \n                \n                \n\n                      <div class=\"focus-image__point\" style=\"top:69.01%; left:69.7%;\">\n                        <svg viewBox=\"0 0 30 30\" fill=\"none\" xmlns=\"http:\/\/www.w3.org\/2000\/svg\">\n                          <circle cx=\"14.8042\" cy=\"14.5214\" r=\"14.5\" fill=\"#262626\" fill-opacity=\"0.4\"\/>\n                          <circle cx=\"14.8044\" cy=\"14.5214\" r=\"6.04167\" fill=\"white\"\/>\n                        <\/svg>\n\n                                                  <a class=\"focus-image__point-info focus-image__point-link\" href=\"https:\/\/fabb.pl\/fr\/collections\/rago\/\">\n                                                          <h3>Rago 59<\/h3>\n                                                                                  <\/a>\n                                              <\/div>\n\n                    \n              \n                \n                \n\n                      <div class=\"focus-image__point\" style=\"top:73.72%; left:21.47%;\">\n                        <svg viewBox=\"0 0 30 30\" fill=\"none\" xmlns=\"http:\/\/www.w3.org\/2000\/svg\">\n                          <circle cx=\"14.8042\" cy=\"14.5214\" r=\"14.5\" fill=\"#262626\" fill-opacity=\"0.4\"\/>\n                          <circle cx=\"14.8044\" cy=\"14.5214\" r=\"6.04167\" fill=\"white\"\/>\n                        <\/svg>\n\n                                                  <a class=\"focus-image__point-info focus-image__point-link\" href=\"https:\/\/fabb.pl\/fr\/collections\/nolio\/\">\n                                                          <h3>Nolio 24<\/h3>\n                                                                                  <\/a>\n                                              <\/div>\n\n                    \n              \n                \n                \n\n                      <div class=\"focus-image__point\" style=\"top:69.54%; left:26.17%;\">\n                        <svg viewBox=\"0 0 30 30\" fill=\"none\" xmlns=\"http:\/\/www.w3.org\/2000\/svg\">\n                          <circle cx=\"14.8042\" cy=\"14.5214\" r=\"14.5\" fill=\"#262626\" fill-opacity=\"0.4\"\/>\n                          <circle cx=\"14.8044\" cy=\"14.5214\" r=\"6.04167\" fill=\"white\"\/>\n                        <\/svg>\n\n                                                  <a class=\"focus-image__point-info focus-image__point-link\" href=\"https:\/\/fabb.pl\/fr\/collections\/voss\/\">\n                                                          <h3>Voss 18<\/h3>\n                                                                                  <\/a>\n                                              <\/div>\n\n                    \n              \n                \n                \n\n                      <div class=\"focus-image__point\" style=\"top:68.49%; left:33.23%;\">\n                        <svg viewBox=\"0 0 30 30\" fill=\"none\" xmlns=\"http:\/\/www.w3.org\/2000\/svg\">\n                          <circle cx=\"14.8042\" cy=\"14.5214\" r=\"14.5\" fill=\"#262626\" fill-opacity=\"0.4\"\/>\n                          <circle cx=\"14.8044\" cy=\"14.5214\" r=\"6.04167\" fill=\"white\"\/>\n                        <\/svg>\n\n                                                  <a class=\"focus-image__point-info focus-image__point-link\" href=\"https:\/\/fabb.pl\/fr\/collections\/hyper\/\">\n                                                          <h3>Hyper 23<\/h3>\n                                                                                  <\/a>\n                                              <\/div>\n\n                    \n              \n                \n                \n\n                      <div class=\"focus-image__point\" style=\"top:29.28%; left:62.93%;\">\n                        <svg viewBox=\"0 0 30 30\" fill=\"none\" xmlns=\"http:\/\/www.w3.org\/2000\/svg\">\n                          <circle cx=\"14.8042\" cy=\"14.5214\" r=\"14.5\" fill=\"#262626\" fill-opacity=\"0.4\"\/>\n                          <circle cx=\"14.8044\" cy=\"14.5214\" r=\"6.04167\" fill=\"white\"\/>\n                        <\/svg>\n\n                                                  <a class=\"focus-image__point-info focus-image__point-link\" href=\"https:\/\/fabb.pl\/fr\/collections\/bluvel\/\">\n                                                          <h3>Bluvel 22<\/h3>\n                                                                                  <\/a>\n                                              <\/div>\n\n                    \n              \n                \n                \n\n                      <div class=\"focus-image__point\" style=\"top:36.08%; left:57.64%;\">\n                        <svg viewBox=\"0 0 30 30\" fill=\"none\" xmlns=\"http:\/\/www.w3.org\/2000\/svg\">\n                          <circle cx=\"14.8042\" cy=\"14.5214\" r=\"14.5\" fill=\"#262626\" fill-opacity=\"0.4\"\/>\n                          <circle cx=\"14.8044\" cy=\"14.5214\" r=\"6.04167\" fill=\"white\"\/>\n                        <\/svg>\n\n                                                  <a class=\"focus-image__point-info focus-image__point-link\" href=\"https:\/\/fabb.pl\/fr\/collections\/bluvel\/\">\n                                                          <h3>Bluvel 28<\/h3>\n                                                                                  <\/a>\n                                              <\/div>\n\n                                            <\/div>\n                      <\/div>\n                    \n                          <\/div>\n\n            \n          <\/div>\n        <\/div>\n      \n    <\/div>\n  <\/section>\n\n\n\n<section class=\"materials-section\">\n    <img decoding=\"async\" class=\"materials-section__image\" src=\"https:\/\/fabb.pl\/wp-content\/uploads\/2023\/10\/materialy2.svg\" alt=\"\">\n  \n  <div class=\"container2\">\n\n          <h2 class=\"materials-section__heading\">\n        T\u00c9L\u00c9CHARGEZ LES MAT\u00c9RIAUX<br \/>\r\n N\u00c9CESSAIRES ET CR\u00c9EZ VOTRE <br \/>\r\nDESIGN DE MEUBLES\n      <\/h2>\n    \n          <a class=\"button button__primary\" href=\"https:\/\/fabb.pl\/fr\/telecharger-les-fichiers\"\n              >\n        TELECHARGER LES FICHIERS\n      <\/a>\n      <\/div>\n<\/section>\n\n\n<section class=\"form-section\"\n    style=\"--text-color: #ce9c8f; --background-color: #eee8e6;\">\n  <div class=\"container2\">\n\n          <h2 class=\"form-section__heading\">\n        REJOIGNEZ LA COMMUNAUT\u00c9 DES DESIGNERS, ARCHITECTES ET D\u00c9CORATEURS D&rsquo;INT\u00c9RIEUR\n      <\/h2>\n    \n    \n      <div class=\"form-section__form\">\n\n        <p class=\"wpcf7-contact-form-not-found\"><strong>Erreur\u00a0:<\/strong> Formulaire de contact non trouv\u00e9\u00a0!<\/p>\n      <\/div>\n    \n  <\/div>\n<\/section>\n","protected":false},"excerpt":{"rendered":"","protected":false},"author":2,"featured_media":9951,"parent":0,"menu_order":0,"comment_status":"closed","ping_status":"closed","template":"","meta":{"_acf_changed":false,"inline_featured_image":false,"footnotes":""},"class_list":["post-5848","page","type-page","status-publish","has-post-thumbnail","hentry"],"yoast_head":"<!-- This site is optimized with the Yoast SEO plugin v26.7 - https:\/\/yoast.com\/wordpress\/plugins\/seo\/ -->\n<title>TELIER DE DESIGN | fabb<\/title>\n<meta name=\"description\" content=\"Sur cette plateforme, vous trouverez tous les mat\u00e9riaux dont vous avez besoin pour vos projets d&#039;ameublement. T\u00e9l\u00e9chargez, cr\u00e9ez et admirez - allez-y ! %\" \/>\n<meta name=\"robots\" content=\"index, follow, max-snippet:-1, max-image-preview:large, max-video-preview:-1\" \/>\n<link rel=\"canonical\" href=\"https:\/\/fabb.pl\/fr\/atelier-de-design\/\" \/>\n<meta property=\"og:locale\" content=\"fr_FR\" \/>\n<meta property=\"og:type\" content=\"article\" \/>\n<meta property=\"og:title\" content=\"TELIER DE DESIGN | fabb\" \/>\n<meta property=\"og:description\" content=\"Sur cette plateforme, vous trouverez tous les mat\u00e9riaux dont vous avez besoin pour vos projets d&#039;ameublement. T\u00e9l\u00e9chargez, cr\u00e9ez et admirez - allez-y ! %\" \/>\n<meta property=\"og:url\" content=\"https:\/\/fabb.pl\/fr\/atelier-de-design\/\" \/>\n<meta property=\"og:site_name\" content=\"Fabb\" \/>\n<meta property=\"article:modified_time\" content=\"2024-01-23T12:53:33+00:00\" \/>\n<meta property=\"og:image\" content=\"https:\/\/fabb.pl\/wp-content\/uploads\/2023\/10\/inspiracje.jpg\" \/>\n\t<meta property=\"og:image:width\" content=\"1920\" \/>\n\t<meta property=\"og:image:height\" content=\"1017\" \/>\n\t<meta property=\"og:image:type\" content=\"image\/jpeg\" \/>\n<meta name=\"twitter:card\" content=\"summary_large_image\" \/>\n<script type=\"application\/ld+json\" class=\"yoast-schema-graph\">{\"@context\":\"https:\/\/schema.org\",\"@graph\":[{\"@type\":\"WebPage\",\"@id\":\"https:\/\/fabb.pl\/fr\/atelier-de-design\/\",\"url\":\"https:\/\/fabb.pl\/fr\/atelier-de-design\/\",\"name\":\"TELIER DE DESIGN | fabb\",\"isPartOf\":{\"@id\":\"https:\/\/fabb.pl\/fr\/#website\"},\"primaryImageOfPage\":{\"@id\":\"https:\/\/fabb.pl\/fr\/atelier-de-design\/#primaryimage\"},\"image\":{\"@id\":\"https:\/\/fabb.pl\/fr\/atelier-de-design\/#primaryimage\"},\"thumbnailUrl\":\"https:\/\/fabb.pl\/wp-content\/uploads\/2023\/10\/inspiracje.jpg\",\"datePublished\":\"2023-10-22T22:52:54+00:00\",\"dateModified\":\"2024-01-23T12:53:33+00:00\",\"description\":\"Sur cette plateforme, vous trouverez tous les mat\u00e9riaux dont vous avez besoin pour vos projets d'ameublement. T\u00e9l\u00e9chargez, cr\u00e9ez et admirez - allez-y ! %\",\"breadcrumb\":{\"@id\":\"https:\/\/fabb.pl\/fr\/atelier-de-design\/#breadcrumb\"},\"inLanguage\":\"fr-FR\",\"potentialAction\":[{\"@type\":\"ReadAction\",\"target\":[\"https:\/\/fabb.pl\/fr\/atelier-de-design\/\"]}]},{\"@type\":\"ImageObject\",\"inLanguage\":\"fr-FR\",\"@id\":\"https:\/\/fabb.pl\/fr\/atelier-de-design\/#primaryimage\",\"url\":\"https:\/\/fabb.pl\/wp-content\/uploads\/2023\/10\/inspiracje.jpg\",\"contentUrl\":\"https:\/\/fabb.pl\/wp-content\/uploads\/2023\/10\/inspiracje.jpg\",\"width\":1920,\"height\":1017},{\"@type\":\"BreadcrumbList\",\"@id\":\"https:\/\/fabb.pl\/fr\/atelier-de-design\/#breadcrumb\",\"itemListElement\":[{\"@type\":\"ListItem\",\"position\":1,\"name\":\"Strona g\u0142\u00f3wna\",\"item\":\"https:\/\/fabb.pl\/fr\/\"},{\"@type\":\"ListItem\",\"position\":2,\"name\":\"ATELIER DE DESIGN\"}]},{\"@type\":\"WebSite\",\"@id\":\"https:\/\/fabb.pl\/fr\/#website\",\"url\":\"https:\/\/fabb.pl\/fr\/\",\"name\":\"Fabb\",\"description\":\"\",\"potentialAction\":[{\"@type\":\"SearchAction\",\"target\":{\"@type\":\"EntryPoint\",\"urlTemplate\":\"https:\/\/fabb.pl\/fr\/?s={search_term_string}\"},\"query-input\":{\"@type\":\"PropertyValueSpecification\",\"valueRequired\":true,\"valueName\":\"search_term_string\"}}],\"inLanguage\":\"fr-FR\"}]}<\/script>\n<!-- \/ Yoast SEO plugin. -->","yoast_head_json":{"title":"TELIER DE DESIGN | fabb","description":"Sur cette plateforme, vous trouverez tous les mat\u00e9riaux dont vous avez besoin pour vos projets d'ameublement. T\u00e9l\u00e9chargez, cr\u00e9ez et admirez - allez-y ! %","robots":{"index":"index","follow":"follow","max-snippet":"max-snippet:-1","max-image-preview":"max-image-preview:large","max-video-preview":"max-video-preview:-1"},"canonical":"https:\/\/fabb.pl\/fr\/atelier-de-design\/","og_locale":"fr_FR","og_type":"article","og_title":"TELIER DE DESIGN | fabb","og_description":"Sur cette plateforme, vous trouverez tous les mat\u00e9riaux dont vous avez besoin pour vos projets d'ameublement. T\u00e9l\u00e9chargez, cr\u00e9ez et admirez - allez-y ! %","og_url":"https:\/\/fabb.pl\/fr\/atelier-de-design\/","og_site_name":"Fabb","article_modified_time":"2024-01-23T12:53:33+00:00","og_image":[{"width":1920,"height":1017,"url":"https:\/\/fabb.pl\/wp-content\/uploads\/2023\/10\/inspiracje.jpg","type":"image\/jpeg"}],"twitter_card":"summary_large_image","schema":{"@context":"https:\/\/schema.org","@graph":[{"@type":"WebPage","@id":"https:\/\/fabb.pl\/fr\/atelier-de-design\/","url":"https:\/\/fabb.pl\/fr\/atelier-de-design\/","name":"TELIER DE DESIGN | fabb","isPartOf":{"@id":"https:\/\/fabb.pl\/fr\/#website"},"primaryImageOfPage":{"@id":"https:\/\/fabb.pl\/fr\/atelier-de-design\/#primaryimage"},"image":{"@id":"https:\/\/fabb.pl\/fr\/atelier-de-design\/#primaryimage"},"thumbnailUrl":"https:\/\/fabb.pl\/wp-content\/uploads\/2023\/10\/inspiracje.jpg","datePublished":"2023-10-22T22:52:54+00:00","dateModified":"2024-01-23T12:53:33+00:00","description":"Sur cette plateforme, vous trouverez tous les mat\u00e9riaux dont vous avez besoin pour vos projets d'ameublement. T\u00e9l\u00e9chargez, cr\u00e9ez et admirez - allez-y ! %","breadcrumb":{"@id":"https:\/\/fabb.pl\/fr\/atelier-de-design\/#breadcrumb"},"inLanguage":"fr-FR","potentialAction":[{"@type":"ReadAction","target":["https:\/\/fabb.pl\/fr\/atelier-de-design\/"]}]},{"@type":"ImageObject","inLanguage":"fr-FR","@id":"https:\/\/fabb.pl\/fr\/atelier-de-design\/#primaryimage","url":"https:\/\/fabb.pl\/wp-content\/uploads\/2023\/10\/inspiracje.jpg","contentUrl":"https:\/\/fabb.pl\/wp-content\/uploads\/2023\/10\/inspiracje.jpg","width":1920,"height":1017},{"@type":"BreadcrumbList","@id":"https:\/\/fabb.pl\/fr\/atelier-de-design\/#breadcrumb","itemListElement":[{"@type":"ListItem","position":1,"name":"Strona g\u0142\u00f3wna","item":"https:\/\/fabb.pl\/fr\/"},{"@type":"ListItem","position":2,"name":"ATELIER DE DESIGN"}]},{"@type":"WebSite","@id":"https:\/\/fabb.pl\/fr\/#website","url":"https:\/\/fabb.pl\/fr\/","name":"Fabb","description":"","potentialAction":[{"@type":"SearchAction","target":{"@type":"EntryPoint","urlTemplate":"https:\/\/fabb.pl\/fr\/?s={search_term_string}"},"query-input":{"@type":"PropertyValueSpecification","valueRequired":true,"valueName":"search_term_string"}}],"inLanguage":"fr-FR"}]}},"acf":[],"_links":{"self":[{"href":"https:\/\/fabb.pl\/fr\/wp-json\/wp\/v2\/pages\/5848","targetHints":{"allow":["GET"]}}],"collection":[{"href":"https:\/\/fabb.pl\/fr\/wp-json\/wp\/v2\/pages"}],"about":[{"href":"https:\/\/fabb.pl\/fr\/wp-json\/wp\/v2\/types\/page"}],"author":[{"embeddable":true,"href":"https:\/\/fabb.pl\/fr\/wp-json\/wp\/v2\/users\/2"}],"replies":[{"embeddable":true,"href":"https:\/\/fabb.pl\/fr\/wp-json\/wp\/v2\/comments?post=5848"}],"version-history":[{"count":24,"href":"https:\/\/fabb.pl\/fr\/wp-json\/wp\/v2\/pages\/5848\/revisions"}],"predecessor-version":[{"id":17572,"href":"https:\/\/fabb.pl\/fr\/wp-json\/wp\/v2\/pages\/5848\/revisions\/17572"}],"wp:featuredmedia":[{"embeddable":true,"href":"https:\/\/fabb.pl\/fr\/wp-json\/wp\/v2\/media\/9951"}],"wp:attachment":[{"href":"https:\/\/fabb.pl\/fr\/wp-json\/wp\/v2\/media?parent=5848"}],"curies":[{"name":"wp","href":"https:\/\/api.w.org\/{rel}","templated":true}]}}