{"id":13826,"date":"2023-12-19T11:13:50","date_gmt":"2023-12-19T10:13:50","guid":{"rendered":"https:\/\/fabb.pl\/dla-partnera\/"},"modified":"2026-02-03T22:29:28","modified_gmt":"2026-02-03T21:29:28","slug":"lieu-du-partenaire","status":"publish","type":"page","link":"https:\/\/fabb.pl\/fr\/lieu-du-partenaire\/","title":{"rendered":"LIEU DU PARTENAIRE"},"content":{"rendered":"<section class=\"page-header-small\" style=\"--text-color: #ba633d; --background-color: #efe9e3;\">\n\n  <div class=\"container2\">\n\n          <div class=\"page-header-small__content\">\n        <h1 class=\"page-header-small__heading\" style=\"color: #ba633d\">\n          TISSEZ DE BONNES <br \/>\r\nRELATIONS AUTOUR D&rsquo;UN <br \/>\r\nEXCELLENT CAF\u00c9\n        <\/h1>\n\n                  <img decoding=\"async\" class=\"page-header-small__image\" src=\"https:\/\/fabb.pl\/wp-content\/uploads\/2023\/12\/partnerzyTop.webp\" alt=\"\">\n        \n      <\/div>\n    \n  <\/div>\n<\/section>\n\n\n<section id=\"\" class=\"text-image heading-left alignfull\" style=\"--text-color: #213b53; --hover-color: #66728e; --background-color: #efe9e3;\">\n  <div class=\"container2\">\n\n        <div class=\"text-image__heading\">\n      <h2 class=\"text-image__title\">\n        Travailler avec <br \/>\r\nnous garantit un <br \/>\r\npur plaisir.\n      <\/h2>\n          <\/div>\n    \n    <div class=\"text-image__contentWrapper\">\n                    <div class=\"text-image__videoWrapper\">\n          <video class=\"video\" height=\"100%\" loop=\"true\" autoplay=\"autoplay\"  muted playsinline>\n            <source src=\"https:\/\/fabb.pl\/wp-content\/uploads\/2023\/12\/wpolpraca.mp4\" type=\"video\/mp4\">\n          <\/video>\n        <\/div>\n      \n\n              <div class=\"text-image__content\">\n          <p>Nous offrons une vaste gamme de tissus d&rsquo;ameublement de premi\u00e8re classe, distingu\u00e9s par des certificats et des prix prestigieux. Toute notre gamme de produits est constamment disponible, assurant fiabilit\u00e9 et continuit\u00e9 de l&rsquo;approvisionnement. Notre syst\u00e8me op\u00e9rationnel moderne et notre \u00e9quipe qualifi\u00e9e garantissent le plus haut niveau de supervision tout au long du processus.<\/p>\n<h4 class=\"highlighText\">Nous nous caract\u00e9risons par notre flexibilit\u00e9, qui nous permet de traiter chaque partenaire commercial de mani\u00e8re unique.<\/h4>\n<p>Que vous repr\u00e9sentiez une grande corporation, une entreprise de taille moyenne, un grossiste en tissus ou une usine de fabrication de meubles, nous offrons des services sur mesure. Nous nous assurons que chacun re\u00e7oive des conditions commerciales adapt\u00e9es \u00e0 ses attentes et capacit\u00e9s, refl\u00e9tant notre d\u00e9vouement \u00e0 la satisfaction de nos clients.<\/p>\n\n\n                      <a href=\"https:\/\/fabb.pl\/fr\/tkaniny\/\" target=\"\" class=\"text-image__button\">\n              VOYEZ NOS TISSUS\n            <\/a>\n                  <\/div>\n      \n    <\/div>\n\n\n  <\/div>\n<\/section>\n\n\n<section id=\"\" class=\"text-image mapBackground text-left heading-left alignfull\" style=\"--text-color: #f9f4ef; --hover-color: #a54217; --background-color: #ba633d;\">\n  <div class=\"container2\">\n\n        <div class=\"text-image__heading\">\n      <h2 class=\"text-image__title\">\n        Centre logistique <br \/>\r\nau c\u0153ur du p\u00f4le polonais <br \/>\r\ndes entreprises de tapisserie.\n      <\/h2>\n            <figure class=\"text-image__image\">\n        <img decoding=\"async\" src=\"https:\/\/fabb.pl\/wp-content\/uploads\/2023\/12\/mapa-1.svg\">\n      <\/figure>\n          <\/div>\n    \n    <div class=\"text-image__contentWrapper\">\n            \n\n              <div class=\"text-image__content\">\n          <p>Cela garantit une ex\u00e9cution optimale des commandes. Sa proximit\u00e9 avec la fronti\u00e8re ouest du pays permet une distribution efficace \u00e0 nos partenaires dans toute l&rsquo;Europe et au-del\u00e0. Nous disposons de notre propre flotte de transport, ce qui se traduit par des livraisons rapides et efficaces. <\/p>\n<p>Nos tissus sont stock\u00e9s dans un entrep\u00f4t \u00e0 grande hauteur technologiquement avanc\u00e9, couvrant une surface de plus de 3 500 m\u00b2. Un syst\u00e8me op\u00e9rationnel innovant nous garantit un traitement des commandes rapide et pr\u00e9cis, ce qui est notre priorit\u00e9 et la confirmation de notre engagement envers la satisfaction du client.<\/p>\n\n\n                  <\/div>\n      \n    <\/div>\n\n\n  <\/div>\n<\/section>\n\n\n<section id=\"\" class=\"text-gallery\" style=\"--text-color: #f9f4ef; --hover-color: #5f809f; --background-color: #213b53;\">\n  <div class=\"container2\">\n\n          <h2 class=\"text-gallery__heading\">\n        D\u00c9PARTEMENT MARKETING TOUJOURS <br \/>\r\n\u00c0 PORT\u00c9E DE MAIN\n      <\/h2>\n    \n          <div class=\"text-gallery__content\">\n        <p>Nous comprenons pleinement l&rsquo;importance du soutien marketing pour le succ\u00e8s commercial. Nous vous assurons que vous pouvez compter sur notre engagement total dans tous les aspects de la promotion. Notre \u00e9quipe de sp\u00e9cialistes a pr\u00e9par\u00e9 un ensemble riche de mat\u00e9riels marketing uniques, disponibles pour les entreprises coop\u00e9rantes. De plus, le soutien professionnel de notre d\u00e9partement marketing est toujours \u00e0 disposition pour aider \u00e0 atteindre les objectifs de communication et commerciaux.<\/p>\n\n\n                  <div class=\"text-gallery__button\">\n            <a href=\"https:\/\/fabb.pl\/fr\/materialy-do-pobrania\"\n            class=\"button button__primary\">\n              MAT\u00c9RIELS MARKETING DISPONIBLES AU T\u00c9L\u00c9CHARGEMENT\n            <\/a>\n          <\/div>\n              <\/div>\n\n\n    \n  <\/div>\n\n      <div class=\"text-gallery__gallery\">\n              <figure class=\"singleImage\">\n          <img decoding=\"async\" class=\"image\" src=\"https:\/\/fabb.pl\/wp-content\/uploads\/2023\/12\/Rectangle-4.webp\">\n        <\/figure>\n              <figure class=\"singleImage\">\n          <img decoding=\"async\" class=\"image\" src=\"https:\/\/fabb.pl\/wp-content\/uploads\/2023\/12\/Rectangle-3.webp\">\n        <\/figure>\n              <figure class=\"singleImage\">\n          <img decoding=\"async\" class=\"image\" src=\"https:\/\/fabb.pl\/wp-content\/uploads\/2023\/12\/Rectangle-6.webp\">\n        <\/figure>\n              <figure class=\"singleImage\">\n          <img decoding=\"async\" class=\"image\" src=\"https:\/\/fabb.pl\/wp-content\/uploads\/2023\/12\/Rectangle-5.webp\">\n        <\/figure>\n          <\/div>\n  <\/section>\n\n\n<section id=\"\" class=\"text-section heading-center alignfull\" style=\"--text-color: #ba633d; --background-color: #fafafa;\">\n  <div class=\"container2\">\n\n    \n          <h2 class=\"text-section__heading\">\n        NOS TISSUS SONT <br \/>\r\nGARANTIS 6 ANS\n      <\/h2>\n    \n          <div class=\"text-section__content\">\n        <p>Nous vous offrons en toute confiance une garantie sur nos produits. Chaque mat\u00e9riau achet\u00e9 chez nous est accompagn\u00e9 d&rsquo;une garantie de six ans, refl\u00e9tant notre confiance en leur fiabilit\u00e9 et durabilit\u00e9. Nous esp\u00e9rons que cet engagement sera un signal clair que les tissus que nous fournissons repr\u00e9sentent le plus haut niveau de qualit\u00e9 sur le march\u00e9.<\/p>\n<p><a href=\"https:\/\/fabb.pl\/wp-content\/uploads\/2026\/01\/Fabb_warranty_card_EN_2026.pdf\">COMPLAINTS POLICY<\/a><\/p>\n\n      <\/div>\n    \n\n  <\/div>\n<\/section>\n\n\n<section class=\"form-section\"\n    style=\"--text-color: #213b53; --background-color: #efe9e3;\">\n  <div class=\"container2\">\n\n          <h2 class=\"form-section__heading\">\n        Rejoindre<br \/>\r\nnos distributeurs <br \/>\r\ndistributeurs\n      <\/h2>\n    \n    \n      <div class=\"form-section__form\">\n\n        <p class=\"wpcf7-contact-form-not-found\"><strong>Erreur\u00a0:<\/strong> Formulaire de contact non trouv\u00e9\u00a0!<\/p>\n      <\/div>\n    \n  <\/div>\n<\/section>\n","protected":false},"excerpt":{"rendered":"","protected":false},"author":1,"featured_media":12161,"parent":0,"menu_order":0,"comment_status":"closed","ping_status":"closed","template":"","meta":{"_acf_changed":false,"inline_featured_image":false,"footnotes":""},"class_list":["post-13826","page","type-page","status-publish","has-post-thumbnail","hentry"],"yoast_head":"<!-- This site is optimized with the Yoast SEO plugin v26.7 - https:\/\/yoast.com\/wordpress\/plugins\/seo\/ -->\n<title>LIEU DU PARTENAIRE - Fabb<\/title>\n<meta name=\"description\" content=\"TISSEZ DE BONNES RELATIONS AUTOUR D&#039;UN EXCELLENT CAF\u00c9.\" \/>\n<meta name=\"robots\" content=\"index, follow, max-snippet:-1, max-image-preview:large, max-video-preview:-1\" \/>\n<link rel=\"canonical\" href=\"https:\/\/fabb.pl\/fr\/lieu-du-partenaire\/\" \/>\n<meta property=\"og:locale\" content=\"fr_FR\" \/>\n<meta property=\"og:type\" content=\"article\" \/>\n<meta property=\"og:title\" content=\"LIEU DU PARTENAIRE - Fabb\" \/>\n<meta property=\"og:description\" content=\"TISSEZ DE BONNES RELATIONS AUTOUR D&#039;UN EXCELLENT CAF\u00c9.\" \/>\n<meta property=\"og:url\" content=\"https:\/\/fabb.pl\/fr\/lieu-du-partenaire\/\" \/>\n<meta property=\"og:site_name\" content=\"Fabb\" \/>\n<meta property=\"article:modified_time\" content=\"2026-02-03T21:29:28+00:00\" \/>\n<meta property=\"og:image\" content=\"https:\/\/fabb.pl\/wp-content\/uploads\/2023\/12\/partnerzyTop.webp\" \/>\n\t<meta property=\"og:image:width\" content=\"970\" \/>\n\t<meta property=\"og:image:height\" content=\"574\" \/>\n\t<meta property=\"og:image:type\" content=\"image\/webp\" \/>\n<meta name=\"twitter:card\" content=\"summary_large_image\" \/>\n<meta name=\"twitter:label1\" content=\"Dur\u00e9e de lecture estim\u00e9e\" \/>\n\t<meta name=\"twitter:data1\" content=\"1 minute\" \/>\n<script type=\"application\/ld+json\" class=\"yoast-schema-graph\">{\"@context\":\"https:\/\/schema.org\",\"@graph\":[{\"@type\":\"WebPage\",\"@id\":\"https:\/\/fabb.pl\/fr\/lieu-du-partenaire\/\",\"url\":\"https:\/\/fabb.pl\/fr\/lieu-du-partenaire\/\",\"name\":\"LIEU DU PARTENAIRE - Fabb\",\"isPartOf\":{\"@id\":\"https:\/\/fabb.pl\/fr\/#website\"},\"primaryImageOfPage\":{\"@id\":\"https:\/\/fabb.pl\/fr\/lieu-du-partenaire\/#primaryimage\"},\"image\":{\"@id\":\"https:\/\/fabb.pl\/fr\/lieu-du-partenaire\/#primaryimage\"},\"thumbnailUrl\":\"https:\/\/fabb.pl\/wp-content\/uploads\/2023\/12\/partnerzyTop.webp\",\"datePublished\":\"2023-12-19T10:13:50+00:00\",\"dateModified\":\"2026-02-03T21:29:28+00:00\",\"description\":\"TISSEZ DE BONNES RELATIONS AUTOUR D'UN EXCELLENT CAF\u00c9.\",\"breadcrumb\":{\"@id\":\"https:\/\/fabb.pl\/fr\/lieu-du-partenaire\/#breadcrumb\"},\"inLanguage\":\"fr-FR\",\"potentialAction\":[{\"@type\":\"ReadAction\",\"target\":[\"https:\/\/fabb.pl\/fr\/lieu-du-partenaire\/\"]}]},{\"@type\":\"ImageObject\",\"inLanguage\":\"fr-FR\",\"@id\":\"https:\/\/fabb.pl\/fr\/lieu-du-partenaire\/#primaryimage\",\"url\":\"https:\/\/fabb.pl\/wp-content\/uploads\/2023\/12\/partnerzyTop.webp\",\"contentUrl\":\"https:\/\/fabb.pl\/wp-content\/uploads\/2023\/12\/partnerzyTop.webp\",\"width\":970,\"height\":574},{\"@type\":\"BreadcrumbList\",\"@id\":\"https:\/\/fabb.pl\/fr\/lieu-du-partenaire\/#breadcrumb\",\"itemListElement\":[{\"@type\":\"ListItem\",\"position\":1,\"name\":\"Strona g\u0142\u00f3wna\",\"item\":\"https:\/\/fabb.pl\/fr\/\"},{\"@type\":\"ListItem\",\"position\":2,\"name\":\"LIEU DU PARTENAIRE\"}]},{\"@type\":\"WebSite\",\"@id\":\"https:\/\/fabb.pl\/fr\/#website\",\"url\":\"https:\/\/fabb.pl\/fr\/\",\"name\":\"Fabb\",\"description\":\"\",\"potentialAction\":[{\"@type\":\"SearchAction\",\"target\":{\"@type\":\"EntryPoint\",\"urlTemplate\":\"https:\/\/fabb.pl\/fr\/?s={search_term_string}\"},\"query-input\":{\"@type\":\"PropertyValueSpecification\",\"valueRequired\":true,\"valueName\":\"search_term_string\"}}],\"inLanguage\":\"fr-FR\"}]}<\/script>\n<!-- \/ Yoast SEO plugin. -->","yoast_head_json":{"title":"LIEU DU PARTENAIRE - Fabb","description":"TISSEZ DE BONNES RELATIONS AUTOUR D'UN EXCELLENT CAF\u00c9.","robots":{"index":"index","follow":"follow","max-snippet":"max-snippet:-1","max-image-preview":"max-image-preview:large","max-video-preview":"max-video-preview:-1"},"canonical":"https:\/\/fabb.pl\/fr\/lieu-du-partenaire\/","og_locale":"fr_FR","og_type":"article","og_title":"LIEU DU PARTENAIRE - Fabb","og_description":"TISSEZ DE BONNES RELATIONS AUTOUR D'UN EXCELLENT CAF\u00c9.","og_url":"https:\/\/fabb.pl\/fr\/lieu-du-partenaire\/","og_site_name":"Fabb","article_modified_time":"2026-02-03T21:29:28+00:00","og_image":[{"width":970,"height":574,"url":"https:\/\/fabb.pl\/wp-content\/uploads\/2023\/12\/partnerzyTop.webp","type":"image\/webp"}],"twitter_card":"summary_large_image","twitter_misc":{"Dur\u00e9e de lecture estim\u00e9e":"1 minute"},"schema":{"@context":"https:\/\/schema.org","@graph":[{"@type":"WebPage","@id":"https:\/\/fabb.pl\/fr\/lieu-du-partenaire\/","url":"https:\/\/fabb.pl\/fr\/lieu-du-partenaire\/","name":"LIEU DU PARTENAIRE - Fabb","isPartOf":{"@id":"https:\/\/fabb.pl\/fr\/#website"},"primaryImageOfPage":{"@id":"https:\/\/fabb.pl\/fr\/lieu-du-partenaire\/#primaryimage"},"image":{"@id":"https:\/\/fabb.pl\/fr\/lieu-du-partenaire\/#primaryimage"},"thumbnailUrl":"https:\/\/fabb.pl\/wp-content\/uploads\/2023\/12\/partnerzyTop.webp","datePublished":"2023-12-19T10:13:50+00:00","dateModified":"2026-02-03T21:29:28+00:00","description":"TISSEZ DE BONNES RELATIONS AUTOUR D'UN EXCELLENT CAF\u00c9.","breadcrumb":{"@id":"https:\/\/fabb.pl\/fr\/lieu-du-partenaire\/#breadcrumb"},"inLanguage":"fr-FR","potentialAction":[{"@type":"ReadAction","target":["https:\/\/fabb.pl\/fr\/lieu-du-partenaire\/"]}]},{"@type":"ImageObject","inLanguage":"fr-FR","@id":"https:\/\/fabb.pl\/fr\/lieu-du-partenaire\/#primaryimage","url":"https:\/\/fabb.pl\/wp-content\/uploads\/2023\/12\/partnerzyTop.webp","contentUrl":"https:\/\/fabb.pl\/wp-content\/uploads\/2023\/12\/partnerzyTop.webp","width":970,"height":574},{"@type":"BreadcrumbList","@id":"https:\/\/fabb.pl\/fr\/lieu-du-partenaire\/#breadcrumb","itemListElement":[{"@type":"ListItem","position":1,"name":"Strona g\u0142\u00f3wna","item":"https:\/\/fabb.pl\/fr\/"},{"@type":"ListItem","position":2,"name":"LIEU DU PARTENAIRE"}]},{"@type":"WebSite","@id":"https:\/\/fabb.pl\/fr\/#website","url":"https:\/\/fabb.pl\/fr\/","name":"Fabb","description":"","potentialAction":[{"@type":"SearchAction","target":{"@type":"EntryPoint","urlTemplate":"https:\/\/fabb.pl\/fr\/?s={search_term_string}"},"query-input":{"@type":"PropertyValueSpecification","valueRequired":true,"valueName":"search_term_string"}}],"inLanguage":"fr-FR"}]}},"acf":[],"_links":{"self":[{"href":"https:\/\/fabb.pl\/fr\/wp-json\/wp\/v2\/pages\/13826","targetHints":{"allow":["GET"]}}],"collection":[{"href":"https:\/\/fabb.pl\/fr\/wp-json\/wp\/v2\/pages"}],"about":[{"href":"https:\/\/fabb.pl\/fr\/wp-json\/wp\/v2\/types\/page"}],"author":[{"embeddable":true,"href":"https:\/\/fabb.pl\/fr\/wp-json\/wp\/v2\/users\/1"}],"replies":[{"embeddable":true,"href":"https:\/\/fabb.pl\/fr\/wp-json\/wp\/v2\/comments?post=13826"}],"version-history":[{"count":16,"href":"https:\/\/fabb.pl\/fr\/wp-json\/wp\/v2\/pages\/13826\/revisions"}],"predecessor-version":[{"id":43150,"href":"https:\/\/fabb.pl\/fr\/wp-json\/wp\/v2\/pages\/13826\/revisions\/43150"}],"wp:featuredmedia":[{"embeddable":true,"href":"https:\/\/fabb.pl\/fr\/wp-json\/wp\/v2\/media\/12161"}],"wp:attachment":[{"href":"https:\/\/fabb.pl\/fr\/wp-json\/wp\/v2\/media?parent=13826"}],"curies":[{"name":"wp","href":"https:\/\/api.w.org\/{rel}","templated":true}]}}