{"id":11891,"date":"2023-12-11T14:32:23","date_gmt":"2023-12-11T13:32:23","guid":{"rendered":"https:\/\/fabb.pl\/o-marce\/"},"modified":"2024-01-03T09:12:00","modified_gmt":"2024-01-03T08:12:00","slug":"qui-est-fabb","status":"publish","type":"page","link":"https:\/\/fabb.pl\/fr\/qui-est-fabb\/","title":{"rendered":"Qui est Fabb"},"content":{"rendered":"<section class=\"page-header\"\n  >\n      <div class=\"page-header__videoWrapper\">\n      <video class=\"page-header__video\"  loop=\"true\" autoplay=\"autoplay\" playsinline muted>\n      <!-- <video class=\"page-header__video\"  loop=\"true\" muted> -->\n        <source src=\"https:\/\/fabb.pl\/wp-content\/uploads\/2023\/12\/Film-relacje-w-firmie-.mp4\" type=\"video\/mp4\">\n      <\/video>\n    <\/div>\n  \n  <div class=\"container2\">\n\n          <h1 class=\"page-header__heading\" style=\"color: #f3eee8\">\n        NOUS CR\u00c9ONS DES TISSUS, <br \/>\r\nNOUS TISSONS DES RELATIONS\n      <\/h1>\n    \n  <\/div>\n<\/section>\n\n\n<section id=\"\" class=\"text-section alignfull\" style=\"--text-color: #c28053; --background-color: #faf8f6;\">\n  <div class=\"container2\">\n\n        <div class=\"text-section__content text-section__content--top\">\n      <p>Notre vaste exp\u00e9rience dans l&rsquo;importation et la vente de tissus s&rsquo;est transform\u00e9e en une marque qui, gr\u00e2ce \u00e0 sa confiance et \u00e0 ses recommandations, a acquis la r\u00e9putation d&rsquo;un fabricant renomm\u00e9. Chaque \u00e9tape de notre histoire, depuis nos d\u00e9buts jusqu&rsquo;\u00e0 aujourd&rsquo;hui, est un voyage rempli d&rsquo;apprentissage et de d\u00e9veloppement continu, aboutissant \u00e0 la cr\u00e9ation d&rsquo;une identit\u00e9 de marque moderne, appr\u00e9ci\u00e9e tant dans les milieux industriels que dans les petites entreprises familiales. <\/p>\n\n    <\/div>\n  \n          <h2 class=\"text-section__heading\">\n        AVEC NOS TISSUS<br \/>\r\nNOUS ENRICHIRONS LES INT\u00c9RIEURS<br \/>\r\nAUTOUR DU MONDE\n      <\/h2>\n    \n          <div class=\"text-section__content\">\n        <p>Notre \u00e9quipe, avec une passion ind\u00e9fectible, suit les tendances mondiales pour livrer des produits qui non seulement r\u00e9pondent aux besoins actuels du march\u00e9 mais les anticipent souvent. Nous nous engageons \u00e0 offrir des tissus d&rsquo;une qualit\u00e9 et d&rsquo;une esth\u00e9tique in\u00e9gal\u00e9es, qui sont beaux, durables et toujours en phase avec les derni\u00e8res innovations et tendances en mati\u00e8re de design d&rsquo;int\u00e9rieur.<\/p>\n\n      <\/div>\n    \n\n  <\/div>\n<\/section>\n\n\n<section id=\"\" class=\"text-image alignfull\" style=\"--text-color: #b49a7b; --hover-color: #735101; --background-color: #efe8e0;\">\n  <div class=\"container2\">\n\n        <div class=\"text-image__heading\">\n      <h2 class=\"text-image__title\">\n        ENSEMBLE, CR\u00c9ONS <br \/>\r\nQUELQUE CHOSE DE PLUS\n      <\/h2>\n            <figure class=\"text-image__image\">\n        <img decoding=\"async\" src=\"https:\/\/fabb.pl\/wp-content\/uploads\/2023\/12\/AboutMainImage.webp\">\n      <\/figure>\n          <\/div>\n    \n    <div class=\"text-image__contentWrapper\">\n            <figure class=\"text-image__vImage\">\n        <img decoding=\"async\" src=\"https:\/\/fabb.pl\/wp-content\/uploads\/2023\/12\/AboutFabric.webp\">\n      <\/figure>\n            \n\n              <div class=\"text-image__content\">\n          <p>Notre mission va bien au-del\u00e0 de la simple vente de produits. Notre approche professionnelle du service client repose sur la construction de relations chaleureuses et amicales, offrant des conseils fiables et une sinc\u00e9rit\u00e9 authentique. Nous comprenons que la cl\u00e9 du succ\u00e8s r\u00e9side non seulement dans la qualit\u00e9 de nos produits, mais aussi dans une compr\u00e9hension approfondie et un soutien de nos clients.<\/p>\n<h4 class=\"highlighText\">DEVENEZ PARTIE DE NOTRE COMMUNAUT\u00c9 CR\u00c9ONS DE LA VALEUR ET DES LIENS DURABLES.<\/h4>\n<p>Pour nous, chaque client est bien plus qu&rsquo;un simple destinataire &#8211; il est un partenaire avec lequel nous cr\u00e9ons ensemble des choses pr\u00e9cieuses et belles. Nous croyons qu&rsquo;\u00e0 travers de telles relations, nous pouvons ensemble cr\u00e9er des produits qui seront salu\u00e9s et trouveront leurs applications partout dans le monde.<\/p>\n\n\n                  <\/div>\n      \n    <\/div>\n\n\n  <\/div>\n<\/section>\n\n\n<section id=\"\" class=\"text-section text-section--points\" style=\"--text-color: #56848d; --background-color: #a9c3c9;\">\n  <div class=\"container2\">\n\n\n\n          <h2 class=\"text-section__heading\">\n        Nous sommes l\u00e0<br \/>\r\npour VOUS&#8230;\n      <\/h2>\n    \n        <div class=\"text-section__points\">\n      <p>&#8230; soutenir dans vos projets et id\u00e9es en fournissant des tissus qui non seulement r\u00e9pondent, mais d\u00e9passent les attentes.<\/p>\n<p>&#8230;  non seulement en tant que partenaire commercial, mais aussi en tant que compagnon, pr\u00eat \u00e0 discuter autour d&rsquo;une bonne tasse de caf\u00e9.<\/p>\n<p>&#8230; SOULIGNANT NOTRE RESPONSABILIT\u00c9 ET NOUS ENGAGEANT DANS DES INITIATIVES \u00c9COLOGIQUES<\/p>\n\n    <\/div>\n    \n          <div class=\"text-section__content\">\n        <p>Chez Fabb, nous croyons que tisser des liens &#8211; construire des connexions fortes et durables avec nos clients en partageant connaissances et engagement, est crucial. Par cons\u00e9quent, nous offrons fi\u00e8rement \u00e0 nos clients &#8211; des grandes usines et grossistes aux petites unit\u00e9s de production et entreprises locales &#8211; uniquement des mat\u00e9riaux de la plus haute qualit\u00e9.<\/p>\n\n      <\/div>\n    \n\n  <\/div>\n<\/section>\n\n\n<section id=\"\" class=\"text-image mapAbsolute alignfull\" style=\"--text-color: #b49a7b; --hover-color: #674e31; --background-color: #fafafa;\">\n  <div class=\"container2\">\n\n        <div class=\"text-image__heading\">\n      <h2 class=\"text-image__title\">\n        Nous sommes votre<br \/>\r\npartenaire<br \/>\r\npartenaire\n      <\/h2>\n            <figure class=\"text-image__image\">\n        <img decoding=\"async\" src=\"https:\/\/fabb.pl\/wp-content\/uploads\/2023\/12\/Bielsko_5-1.webp\">\n      <\/figure>\n          <\/div>\n    \n    <div class=\"text-image__contentWrapper\">\n            <figure class=\"text-image__vImage\">\n        <img decoding=\"async\" src=\"https:\/\/fabb.pl\/wp-content\/uploads\/2023\/12\/mapa.svg\">\n      <\/figure>\n            \n\n              <div class=\"text-image__content\">\n          <p>Cependant, nos ambitions et comp\u00e9tences vont au-del\u00e0 des fronti\u00e8res de l&rsquo;Europe. Nous entrons avec succ\u00e8s sur les march\u00e9s asiatiques comp\u00e9titifs, o\u00f9 notre marque gagne en reconnaissance pour notre engagement envers la qualit\u00e9 et l&rsquo;innovation. Chez Fabb, nous sommes fiers de pouvoir offrir nos produits \u00e0 une telle \u00e9chelle, en nous adaptant aux besoins et sp\u00e9cifications diversifi\u00e9s des march\u00e9s internationaux.<\/p>\n<h4 class=\"highlighText\">NOUS COMBINONS TRADITION ET MODERNIT\u00c9, VALEURS LOCALES ET PORT\u00c9E GLOBALE<\/h4>\n<p>En utilisant notre cha\u00eene d&rsquo;approvisionnement \u00e9tendue et notre logiciel op\u00e9rationnel de pointe, nous offrons fi\u00e8rement nos produits de haute qualit\u00e9 sur les march\u00e9s europ\u00e9ens dynamiques. Notre pr\u00e9sence s&rsquo;\u00e9tend du nord au sud de l&rsquo;Europe, englobant divers pays tels que l&rsquo;Allemagne, la Lituanie, la Su\u00e8de, la Belgique, l&rsquo;Espagne, le Portugal, l&rsquo;Italie, la France, la Roumanie, la Bulgarie et la R\u00e9publique Tch\u00e8que.<\/p>\n\n\n                      <a href=\"https:\/\/fabb.pl\/fr\/contact\" target=\"\" class=\"text-image__button\">\n              RENCONTREZ NOS REPR\u00c9SENTANTS\n            <\/a>\n                  <\/div>\n      \n    <\/div>\n\n\n  <\/div>\n<\/section>\n","protected":false},"excerpt":{"rendered":"","protected":false},"author":1,"featured_media":11857,"parent":0,"menu_order":0,"comment_status":"closed","ping_status":"closed","template":"","meta":{"_acf_changed":false,"inline_featured_image":false,"footnotes":""},"class_list":["post-11891","page","type-page","status-publish","has-post-thumbnail","hentry"],"yoast_head":"<!-- This site is optimized with the Yoast SEO plugin v26.7 - https:\/\/yoast.com\/wordpress\/plugins\/seo\/ -->\n<title>Qui est Fabb - Fabb<\/title>\n<meta name=\"description\" content=\"Notre vaste exp\u00e9rience dans l&#039;importation et la vente de tissus s&#039;est transform\u00e9e en une marque qui, gr\u00e2ce \u00e0 sa confiance et \u00e0 ses recommandations, a acquis la r\u00e9putation d&#039;un fabricant renomm\u00e9.\" \/>\n<meta name=\"robots\" content=\"index, follow, max-snippet:-1, max-image-preview:large, max-video-preview:-1\" \/>\n<link rel=\"canonical\" href=\"https:\/\/fabb.pl\/fr\/qui-est-fabb\/\" \/>\n<meta property=\"og:locale\" content=\"fr_FR\" \/>\n<meta property=\"og:type\" content=\"article\" \/>\n<meta property=\"og:title\" content=\"Qui est Fabb - Fabb\" \/>\n<meta property=\"og:description\" content=\"Notre vaste exp\u00e9rience dans l&#039;importation et la vente de tissus s&#039;est transform\u00e9e en une marque qui, gr\u00e2ce \u00e0 sa confiance et \u00e0 ses recommandations, a acquis la r\u00e9putation d&#039;un fabricant renomm\u00e9.\" \/>\n<meta property=\"og:url\" content=\"https:\/\/fabb.pl\/fr\/qui-est-fabb\/\" \/>\n<meta property=\"og:site_name\" content=\"Fabb\" \/>\n<meta property=\"article:modified_time\" content=\"2024-01-03T08:12:00+00:00\" \/>\n<meta property=\"og:image\" content=\"https:\/\/fabb.pl\/wp-content\/uploads\/2023\/12\/AboutMainImage.webp\" \/>\n\t<meta property=\"og:image:width\" content=\"2130\" \/>\n\t<meta property=\"og:image:height\" content=\"1374\" \/>\n\t<meta property=\"og:image:type\" content=\"image\/webp\" \/>\n<meta name=\"twitter:card\" content=\"summary_large_image\" \/>\n<script type=\"application\/ld+json\" class=\"yoast-schema-graph\">{\"@context\":\"https:\/\/schema.org\",\"@graph\":[{\"@type\":\"WebPage\",\"@id\":\"https:\/\/fabb.pl\/fr\/qui-est-fabb\/\",\"url\":\"https:\/\/fabb.pl\/fr\/qui-est-fabb\/\",\"name\":\"Qui est Fabb - Fabb\",\"isPartOf\":{\"@id\":\"https:\/\/fabb.pl\/fr\/#website\"},\"primaryImageOfPage\":{\"@id\":\"https:\/\/fabb.pl\/fr\/qui-est-fabb\/#primaryimage\"},\"image\":{\"@id\":\"https:\/\/fabb.pl\/fr\/qui-est-fabb\/#primaryimage\"},\"thumbnailUrl\":\"https:\/\/fabb.pl\/wp-content\/uploads\/2023\/12\/AboutMainImage.webp\",\"datePublished\":\"2023-12-11T13:32:23+00:00\",\"dateModified\":\"2024-01-03T08:12:00+00:00\",\"description\":\"Notre vaste exp\u00e9rience dans l'importation et la vente de tissus s'est transform\u00e9e en une marque qui, gr\u00e2ce \u00e0 sa confiance et \u00e0 ses recommandations, a acquis la r\u00e9putation d'un fabricant renomm\u00e9.\",\"breadcrumb\":{\"@id\":\"https:\/\/fabb.pl\/fr\/qui-est-fabb\/#breadcrumb\"},\"inLanguage\":\"fr-FR\",\"potentialAction\":[{\"@type\":\"ReadAction\",\"target\":[\"https:\/\/fabb.pl\/fr\/qui-est-fabb\/\"]}]},{\"@type\":\"ImageObject\",\"inLanguage\":\"fr-FR\",\"@id\":\"https:\/\/fabb.pl\/fr\/qui-est-fabb\/#primaryimage\",\"url\":\"https:\/\/fabb.pl\/wp-content\/uploads\/2023\/12\/AboutMainImage.webp\",\"contentUrl\":\"https:\/\/fabb.pl\/wp-content\/uploads\/2023\/12\/AboutMainImage.webp\",\"width\":2130,\"height\":1374},{\"@type\":\"BreadcrumbList\",\"@id\":\"https:\/\/fabb.pl\/fr\/qui-est-fabb\/#breadcrumb\",\"itemListElement\":[{\"@type\":\"ListItem\",\"position\":1,\"name\":\"Strona g\u0142\u00f3wna\",\"item\":\"https:\/\/fabb.pl\/fr\/\"},{\"@type\":\"ListItem\",\"position\":2,\"name\":\"Qui est Fabb\"}]},{\"@type\":\"WebSite\",\"@id\":\"https:\/\/fabb.pl\/fr\/#website\",\"url\":\"https:\/\/fabb.pl\/fr\/\",\"name\":\"Fabb\",\"description\":\"\",\"potentialAction\":[{\"@type\":\"SearchAction\",\"target\":{\"@type\":\"EntryPoint\",\"urlTemplate\":\"https:\/\/fabb.pl\/fr\/?s={search_term_string}\"},\"query-input\":{\"@type\":\"PropertyValueSpecification\",\"valueRequired\":true,\"valueName\":\"search_term_string\"}}],\"inLanguage\":\"fr-FR\"}]}<\/script>\n<!-- \/ Yoast SEO plugin. -->","yoast_head_json":{"title":"Qui est Fabb - Fabb","description":"Notre vaste exp\u00e9rience dans l'importation et la vente de tissus s'est transform\u00e9e en une marque qui, gr\u00e2ce \u00e0 sa confiance et \u00e0 ses recommandations, a acquis la r\u00e9putation d'un fabricant renomm\u00e9.","robots":{"index":"index","follow":"follow","max-snippet":"max-snippet:-1","max-image-preview":"max-image-preview:large","max-video-preview":"max-video-preview:-1"},"canonical":"https:\/\/fabb.pl\/fr\/qui-est-fabb\/","og_locale":"fr_FR","og_type":"article","og_title":"Qui est Fabb - Fabb","og_description":"Notre vaste exp\u00e9rience dans l'importation et la vente de tissus s'est transform\u00e9e en une marque qui, gr\u00e2ce \u00e0 sa confiance et \u00e0 ses recommandations, a acquis la r\u00e9putation d'un fabricant renomm\u00e9.","og_url":"https:\/\/fabb.pl\/fr\/qui-est-fabb\/","og_site_name":"Fabb","article_modified_time":"2024-01-03T08:12:00+00:00","og_image":[{"width":2130,"height":1374,"url":"https:\/\/fabb.pl\/wp-content\/uploads\/2023\/12\/AboutMainImage.webp","type":"image\/webp"}],"twitter_card":"summary_large_image","schema":{"@context":"https:\/\/schema.org","@graph":[{"@type":"WebPage","@id":"https:\/\/fabb.pl\/fr\/qui-est-fabb\/","url":"https:\/\/fabb.pl\/fr\/qui-est-fabb\/","name":"Qui est Fabb - Fabb","isPartOf":{"@id":"https:\/\/fabb.pl\/fr\/#website"},"primaryImageOfPage":{"@id":"https:\/\/fabb.pl\/fr\/qui-est-fabb\/#primaryimage"},"image":{"@id":"https:\/\/fabb.pl\/fr\/qui-est-fabb\/#primaryimage"},"thumbnailUrl":"https:\/\/fabb.pl\/wp-content\/uploads\/2023\/12\/AboutMainImage.webp","datePublished":"2023-12-11T13:32:23+00:00","dateModified":"2024-01-03T08:12:00+00:00","description":"Notre vaste exp\u00e9rience dans l'importation et la vente de tissus s'est transform\u00e9e en une marque qui, gr\u00e2ce \u00e0 sa confiance et \u00e0 ses recommandations, a acquis la r\u00e9putation d'un fabricant renomm\u00e9.","breadcrumb":{"@id":"https:\/\/fabb.pl\/fr\/qui-est-fabb\/#breadcrumb"},"inLanguage":"fr-FR","potentialAction":[{"@type":"ReadAction","target":["https:\/\/fabb.pl\/fr\/qui-est-fabb\/"]}]},{"@type":"ImageObject","inLanguage":"fr-FR","@id":"https:\/\/fabb.pl\/fr\/qui-est-fabb\/#primaryimage","url":"https:\/\/fabb.pl\/wp-content\/uploads\/2023\/12\/AboutMainImage.webp","contentUrl":"https:\/\/fabb.pl\/wp-content\/uploads\/2023\/12\/AboutMainImage.webp","width":2130,"height":1374},{"@type":"BreadcrumbList","@id":"https:\/\/fabb.pl\/fr\/qui-est-fabb\/#breadcrumb","itemListElement":[{"@type":"ListItem","position":1,"name":"Strona g\u0142\u00f3wna","item":"https:\/\/fabb.pl\/fr\/"},{"@type":"ListItem","position":2,"name":"Qui est Fabb"}]},{"@type":"WebSite","@id":"https:\/\/fabb.pl\/fr\/#website","url":"https:\/\/fabb.pl\/fr\/","name":"Fabb","description":"","potentialAction":[{"@type":"SearchAction","target":{"@type":"EntryPoint","urlTemplate":"https:\/\/fabb.pl\/fr\/?s={search_term_string}"},"query-input":{"@type":"PropertyValueSpecification","valueRequired":true,"valueName":"search_term_string"}}],"inLanguage":"fr-FR"}]}},"acf":[],"_links":{"self":[{"href":"https:\/\/fabb.pl\/fr\/wp-json\/wp\/v2\/pages\/11891","targetHints":{"allow":["GET"]}}],"collection":[{"href":"https:\/\/fabb.pl\/fr\/wp-json\/wp\/v2\/pages"}],"about":[{"href":"https:\/\/fabb.pl\/fr\/wp-json\/wp\/v2\/types\/page"}],"author":[{"embeddable":true,"href":"https:\/\/fabb.pl\/fr\/wp-json\/wp\/v2\/users\/1"}],"replies":[{"embeddable":true,"href":"https:\/\/fabb.pl\/fr\/wp-json\/wp\/v2\/comments?post=11891"}],"version-history":[{"count":7,"href":"https:\/\/fabb.pl\/fr\/wp-json\/wp\/v2\/pages\/11891\/revisions"}],"predecessor-version":[{"id":14054,"href":"https:\/\/fabb.pl\/fr\/wp-json\/wp\/v2\/pages\/11891\/revisions\/14054"}],"wp:featuredmedia":[{"embeddable":true,"href":"https:\/\/fabb.pl\/fr\/wp-json\/wp\/v2\/media\/11857"}],"wp:attachment":[{"href":"https:\/\/fabb.pl\/fr\/wp-json\/wp\/v2\/media?parent=11891"}],"curies":[{"name":"wp","href":"https:\/\/api.w.org\/{rel}","templated":true}]}}