{"id":5852,"date":"2023-10-23T00:52:54","date_gmt":"2023-10-22T22:52:54","guid":{"rendered":"https:\/\/fabb.pl\/warsztat-projektanta\/"},"modified":"2024-01-03T10:50:11","modified_gmt":"2024-01-03T09:50:11","slug":"taller-de-diseno","status":"publish","type":"page","link":"https:\/\/fabb.pl\/es\/taller-de-diseno\/","title":{"rendered":"TALLER DE DISE\u00d1O"},"content":{"rendered":"<section class=\"page-header\"\n  >\n      <div class=\"page-header__videoWrapper\">\n      <video class=\"page-header__video\"  loop=\"true\" autoplay=\"autoplay\" playsinline muted>\n      <!-- <video class=\"page-header__video\"  loop=\"true\" muted> -->\n        <source src=\"https:\/\/fabb.pl\/wp-content\/uploads\/2023\/10\/warsztat-projektanta_compressed.mp4\" type=\"video\/mp4\">\n      <\/video>\n    <\/div>\n  \n  <div class=\"container2\">\n\n          <h1 class=\"page-header__heading\" style=\"color: #8cc0d0\">\n        TALLER <br \/>\r\nDE DISE\u00d1O\n      <\/h1>\n    \n  <\/div>\n<\/section>\n\n\n<section id=\"\" class=\"text-section alignfull\" style=\"--text-color: #dc774f; --background-color: #f6f4f3;\">\n  <div class=\"container2\">\n\n    \n          <h2 class=\"text-section__heading\">\n        UNA PLATAFORMA DONDE ENCONTRAR\u00c1S TODOS LOS MATERIALES NECESARIOS PARA REALIZAR TUS PROYECTOS.\n      <\/h2>\n    \n          <div class=\"text-section__content\">\n        <p>Simplemente cont\u00e1ctanos para obtener acceso a la plataforma donde encontrar\u00e1s una amplia gama de excepcionales modelos de muebles, junto con texturas de tela fabb disponibles que pueden ser f\u00e1cilmente importadas a tus propios programas de dise\u00f1o. Pero eso no es todo: si te gustan los muebles, puedes pedirlos directamente a nosotros. Nuestra oferta se basa en los mejores dise\u00f1os de muebles de renombrados fabricantes polacos.<\/p>\n<p><a href=\"#login\" class=\"not-logged-only\">INICIA SESI\u00d3N EN TU CUENTA<\/a><\/p>\n<p><a href=\"#formularz\" class=\"not-logged-only\">CONT\u00c1CTANOS PARA OBTENER ACCESO A LA PLATAFORMA<\/a><\/p>\n\n      <\/div>\n    \n\n  <\/div>\n<\/section>\n\n\n<section class=\"icon-section\">\n  <div class=\"container2\">\n          <h2 class=\"icon-section__heading\">\n        AGREGA A TU PROYECTO MUEBLES ENVUELTOS EN TELA FABB\n      <\/h2>\n    \n          <img decoding=\"async\" class=\"icon-section__image\" src=\"https:\/\/fabb.pl\/wp-content\/uploads\/2023\/10\/fot.01.jpg\" alt=\"\">\n    \n          <div class=\"icon-section__icons\">\n                  <div class=\"icon-section__icon\">\n                          <img decoding=\"async\" class=\"icon-section__icon-image\" src=\"https:\/\/fabb.pl\/wp-content\/uploads\/2023\/12\/es-krzesla.svg\" alt=\"\">\n                      <\/div>\n                  <div class=\"icon-section__icon\">\n                          <img decoding=\"async\" class=\"icon-section__icon-image\" src=\"https:\/\/fabb.pl\/wp-content\/uploads\/2023\/12\/es-lozka.svg\" alt=\"\">\n                      <\/div>\n                  <div class=\"icon-section__icon\">\n                          <img decoding=\"async\" class=\"icon-section__icon-image\" src=\"https:\/\/fabb.pl\/wp-content\/uploads\/2023\/12\/es-naroznik.svg\" alt=\"\">\n                      <\/div>\n                  <div class=\"icon-section__icon\">\n                          <img decoding=\"async\" class=\"icon-section__icon-image\" src=\"https:\/\/fabb.pl\/wp-content\/uploads\/2023\/12\/es-sofy.svg\" alt=\"\">\n                      <\/div>\n              <\/div>\n    \n          <a class=\"button button__primary\" href=\"https:\/\/fabb.pl\/es\/catalogo-de-muebles\"\n              >\n        CAT\u00c1LOGO DE MUEBLES\n      <\/a>\n    \n  <\/div>\n<\/section>\n\n\n<section class=\"focus-image\">\n\n    <div class=\"container2\">\n      <h2 class=\"focus-image__heading\">\n        Car\u00e1cter \u00fanico de interiores gracias a la tela Fabb\n      <\/h2>\n\n              <div class=\"focus-image__points\">\n          <div class=\"swiper\">\n            <div class=\"swiper-wrapper\">\n\n              \n                                                    <div class=\"swiper-slide\">\n                    <div class=\"focus-image__point-slide\">\n                      <img decoding=\"async\" src=\"https:\/\/fabb.pl\/wp-content\/uploads\/2024\/01\/Wnetrze-1-scaled.webp\" alt=\"\">\n\n                \n                \n\n                      <div class=\"focus-image__point\" style=\"top:50%; left:50%;\">\n                        <svg viewBox=\"0 0 30 30\" fill=\"none\" xmlns=\"http:\/\/www.w3.org\/2000\/svg\">\n                          <circle cx=\"14.8042\" cy=\"14.5214\" r=\"14.5\" fill=\"#262626\" fill-opacity=\"0.4\"\/>\n                          <circle cx=\"14.8044\" cy=\"14.5214\" r=\"6.04167\" fill=\"white\"\/>\n                        <\/svg>\n\n                                                  <a class=\"focus-image__point-info focus-image__point-link\" href=\"https:\/\/fabb.pl\/es\/kolekcje\/rago\/\">\n                                                          <h3>Rago 79<\/h3>\n                                                                                  <\/a>\n                                              <\/div>\n\n                    \n              \n                \n                \n\n                      <div class=\"focus-image__point\" style=\"top:50%; left:50%;\">\n                        <svg viewBox=\"0 0 30 30\" fill=\"none\" xmlns=\"http:\/\/www.w3.org\/2000\/svg\">\n                          <circle cx=\"14.8042\" cy=\"14.5214\" r=\"14.5\" fill=\"#262626\" fill-opacity=\"0.4\"\/>\n                          <circle cx=\"14.8044\" cy=\"14.5214\" r=\"6.04167\" fill=\"white\"\/>\n                        <\/svg>\n\n                                                  <a class=\"focus-image__point-info focus-image__point-link\" href=\"https:\/\/fabb.pl\/es\/kolekcje\/rago\/\">\n                                                          <h3>Rago 59<\/h3>\n                                                                                  <\/a>\n                                              <\/div>\n\n                    \n              \n                \n                \n\n                      <div class=\"focus-image__point\" style=\"top:72.15%; left:22.64%;\">\n                        <svg viewBox=\"0 0 30 30\" fill=\"none\" xmlns=\"http:\/\/www.w3.org\/2000\/svg\">\n                          <circle cx=\"14.8042\" cy=\"14.5214\" r=\"14.5\" fill=\"#262626\" fill-opacity=\"0.4\"\/>\n                          <circle cx=\"14.8044\" cy=\"14.5214\" r=\"6.04167\" fill=\"white\"\/>\n                        <\/svg>\n\n                                                  <a class=\"focus-image__point-info focus-image__point-link\" href=\"https:\/\/fabb.pl\/es\/kolekcje\/nolio\/\">\n                                                          <h3>Nolio 24<\/h3>\n                                                                                  <\/a>\n                                              <\/div>\n\n                    \n              \n                \n                \n\n                      <div class=\"focus-image__point\" style=\"top:68.49%; left:25.88%;\">\n                        <svg viewBox=\"0 0 30 30\" fill=\"none\" xmlns=\"http:\/\/www.w3.org\/2000\/svg\">\n                          <circle cx=\"14.8042\" cy=\"14.5214\" r=\"14.5\" fill=\"#262626\" fill-opacity=\"0.4\"\/>\n                          <circle cx=\"14.8044\" cy=\"14.5214\" r=\"6.04167\" fill=\"white\"\/>\n                        <\/svg>\n\n                                                  <a class=\"focus-image__point-info focus-image__point-link\" href=\"https:\/\/fabb.pl\/es\/kolekcje\/voss\/\">\n                                                          <h3>Voss 18<\/h3>\n                                                                                  <\/a>\n                                              <\/div>\n\n                    \n              \n                \n                \n\n                      <div class=\"focus-image__point\" style=\"top:68.49%; left:32.64%;\">\n                        <svg viewBox=\"0 0 30 30\" fill=\"none\" xmlns=\"http:\/\/www.w3.org\/2000\/svg\">\n                          <circle cx=\"14.8042\" cy=\"14.5214\" r=\"14.5\" fill=\"#262626\" fill-opacity=\"0.4\"\/>\n                          <circle cx=\"14.8044\" cy=\"14.5214\" r=\"6.04167\" fill=\"white\"\/>\n                        <\/svg>\n\n                                                  <a class=\"focus-image__point-info focus-image__point-link\" href=\"https:\/\/fabb.pl\/es\/kolekcje\/hyper\/\">\n                                                          <h3>Hyper 23<\/h3>\n                                                                                  <\/a>\n                                              <\/div>\n\n                    \n              \n                \n                \n\n                      <div class=\"focus-image__point\" style=\"top:27.71%; left:62.64%;\">\n                        <svg viewBox=\"0 0 30 30\" fill=\"none\" xmlns=\"http:\/\/www.w3.org\/2000\/svg\">\n                          <circle cx=\"14.8042\" cy=\"14.5214\" r=\"14.5\" fill=\"#262626\" fill-opacity=\"0.4\"\/>\n                          <circle cx=\"14.8044\" cy=\"14.5214\" r=\"6.04167\" fill=\"white\"\/>\n                        <\/svg>\n\n                                                  <a class=\"focus-image__point-info focus-image__point-link\" href=\"https:\/\/fabb.pl\/es\/kolekcje\/bluvel\/\">\n                                                          <h3>Bluvel 22<\/h3>\n                                                                                  <\/a>\n                                              <\/div>\n\n                    \n              \n                \n                \n\n                      <div class=\"focus-image__point\" style=\"top:42.87%; left:57.93%;\">\n                        <svg viewBox=\"0 0 30 30\" fill=\"none\" xmlns=\"http:\/\/www.w3.org\/2000\/svg\">\n                          <circle cx=\"14.8042\" cy=\"14.5214\" r=\"14.5\" fill=\"#262626\" fill-opacity=\"0.4\"\/>\n                          <circle cx=\"14.8044\" cy=\"14.5214\" r=\"6.04167\" fill=\"white\"\/>\n                        <\/svg>\n\n                                                  <a class=\"focus-image__point-info focus-image__point-link\" href=\"https:\/\/fabb.pl\/es\/kolekcje\/bluvel\/\">\n                                                          <h3>Bluvel 28<\/h3>\n                                                                                  <\/a>\n                                              <\/div>\n\n                                            <\/div>\n                      <\/div>\n                    \n                          <\/div>\n\n            \n          <\/div>\n        <\/div>\n      \n    <\/div>\n  <\/section>\n\n\n\n<section class=\"materials-section\">\n    <img decoding=\"async\" class=\"materials-section__image\" src=\"https:\/\/fabb.pl\/wp-content\/uploads\/2023\/10\/materialy2.svg\" alt=\"\">\n  \n  <div class=\"container2\">\n\n          <h2 class=\"materials-section__heading\">\n        DESCARGA LOS MATERIALES <br \/>\r\nNECESARIOS Y CREA TU <br \/>\r\nDISE\u00d1O DE MUEBLES\n      <\/h2>\n    \n          <a class=\"button button__primary\" href=\"https:\/\/fabb.pl\/es\/descargar-archivos\"\n              >\n        DESCARGAR ARCHIVOS\n      <\/a>\n      <\/div>\n<\/section>\n\n\n<section class=\"form-section\"\n    style=\"--text-color: #ce9c8f; --background-color: #eee8e6;\">\n  <div class=\"container2\">\n\n          <h2 class=\"form-section__heading\">\n        \u00daNETE A LA COMUNIDAD DE DISE\u00d1ADORES, ARQUITECTOS Y DECORADORES DE INTERIORES\n      <\/h2>\n    \n    \n      <div class=\"form-section__form\">\n\n        \n<div class=\"wpcf7 no-js\" id=\"wpcf7-f11668-o1\" lang=\"es-ES\" dir=\"ltr\" data-wpcf7-id=\"11668\">\n<div class=\"screen-reader-response\"><p role=\"status\" aria-live=\"polite\" aria-atomic=\"true\"><\/p> <ul><\/ul><\/div>\n<form action=\"\/es\/wp-json\/wp\/v2\/pages\/5852#wpcf7-f11668-o1\" method=\"post\" class=\"wpcf7-form init\" aria-label=\"Formulario de contacto\" novalidate=\"novalidate\" data-status=\"init\">\n<fieldset class=\"hidden-fields-container\"><input type=\"hidden\" name=\"_wpcf7\" value=\"11668\" \/><input type=\"hidden\" name=\"_wpcf7_version\" value=\"6.1.4\" \/><input type=\"hidden\" name=\"_wpcf7_locale\" value=\"es_ES\" \/><input type=\"hidden\" name=\"_wpcf7_unit_tag\" value=\"wpcf7-f11668-o1\" \/><input type=\"hidden\" name=\"_wpcf7_container_post\" value=\"0\" \/><input type=\"hidden\" name=\"_wpcf7_posted_data_hash\" value=\"\" \/><input type=\"hidden\" name=\"_wpcf7_recaptcha_response\" value=\"\" \/>\n<\/fieldset>\n<h3 id=\"formularz\">ENV\u00cdANOS TUS DATOS DE CONTACTO<\/h3>\n\n<label for=\"your-name\"> Nombre <\/label>\n<span class=\"wpcf7-form-control-wrap\" data-name=\"your-name\"><input size=\"40\" maxlength=\"400\" class=\"wpcf7-form-control wpcf7-text wpcf7-validates-as-required\" id=\"your-name\" autocomplete=\"name\" aria-required=\"true\" aria-invalid=\"false\" placeholder=\"Nombre\" value=\"\" type=\"text\" name=\"your-name\" \/><\/span> \n\n<label for=\"your-email\"> E-mail <\/label>\n<span class=\"wpcf7-form-control-wrap\" data-name=\"your-email\"><input size=\"40\" maxlength=\"400\" class=\"wpcf7-form-control wpcf7-email wpcf7-validates-as-required wpcf7-text wpcf7-validates-as-email\" id=\"your-email\" autocomplete=\"email\" aria-required=\"true\" aria-invalid=\"false\" placeholder=\"E-mail\" value=\"\" type=\"email\" name=\"your-email\" \/><\/span>\n\n<label for=\"your-tel\"> Tel\u00e9fono <\/label>\n<span class=\"wpcf7-form-control-wrap\" data-name=\"your-tel\"><input size=\"40\" maxlength=\"400\" class=\"wpcf7-form-control wpcf7-tel wpcf7-text wpcf7-validates-as-tel\" id=\"your-tel\" aria-invalid=\"false\" placeholder=\"Tel\u00e9fono\" value=\"\" type=\"tel\" name=\"your-tel\" \/><\/span>\n\n<input class=\"wpcf7-form-control wpcf7-submit has-spinner\" type=\"submit\" value=\"ENVIAR\" \/>\n\n<p>O LLAMA PARA OBTENER ACCESO A LA PLATAFORMA<\/p>\n<p><a href=\"tel:+48502832466\"> (+48) 502 832 466 <\/a><\/p><p style=\"display: none !important;\" class=\"akismet-fields-container\" data-prefix=\"_wpcf7_ak_\"><label>&#916;<textarea name=\"_wpcf7_ak_hp_textarea\" cols=\"45\" rows=\"8\" maxlength=\"100\"><\/textarea><\/label><input type=\"hidden\" id=\"ak_js_1\" name=\"_wpcf7_ak_js\" value=\"33\"\/><script>document.getElementById( \"ak_js_1\" ).setAttribute( \"value\", ( new Date() ).getTime() );<\/script><\/p><input type='hidden' class='wpcf7-pum' value='{\"closepopup\":false,\"closedelay\":0,\"openpopup\":false,\"openpopup_id\":0}' \/><div class=\"wpcf7-response-output\" aria-hidden=\"true\"><\/div>\n<\/form>\n<\/div>\n\n      <\/div>\n    \n  <\/div>\n<\/section>\n","protected":false},"excerpt":{"rendered":"","protected":false},"author":2,"featured_media":9949,"parent":0,"menu_order":0,"comment_status":"closed","ping_status":"closed","template":"","meta":{"_acf_changed":false,"inline_featured_image":false,"footnotes":""},"class_list":["post-5852","page","type-page","status-publish","has-post-thumbnail","hentry"],"yoast_head":"<!-- This site is optimized with the Yoast SEO plugin v26.7 - https:\/\/yoast.com\/wordpress\/plugins\/seo\/ -->\n<title>TALLER DE DISE\u00d1O | fabb<\/title>\n<meta name=\"description\" content=\"En esta plataforma encontrar\u00e1s todos los materiales que necesitas para tus proyectos de mobiliario. Descarga, crea y admira: \u00a1adelante!\" \/>\n<meta name=\"robots\" content=\"index, follow, max-snippet:-1, max-image-preview:large, max-video-preview:-1\" \/>\n<link rel=\"canonical\" href=\"https:\/\/fabb.pl\/es\/taller-de-diseno\/\" \/>\n<meta property=\"og:locale\" content=\"es_ES\" \/>\n<meta property=\"og:type\" content=\"article\" \/>\n<meta property=\"og:title\" content=\"TALLER DE DISE\u00d1O | fabb\" \/>\n<meta property=\"og:description\" content=\"En esta plataforma encontrar\u00e1s todos los materiales que necesitas para tus proyectos de mobiliario. Descarga, crea y admira: \u00a1adelante!\" \/>\n<meta property=\"og:url\" content=\"https:\/\/fabb.pl\/es\/taller-de-diseno\/\" \/>\n<meta property=\"og:site_name\" content=\"Fabb\" \/>\n<meta property=\"article:modified_time\" content=\"2024-01-03T09:50:11+00:00\" \/>\n<meta property=\"og:image\" content=\"https:\/\/fabb.pl\/wp-content\/uploads\/2023\/10\/inspiracje.jpg\" \/>\n\t<meta property=\"og:image:width\" content=\"1920\" \/>\n\t<meta property=\"og:image:height\" content=\"1017\" \/>\n\t<meta property=\"og:image:type\" content=\"image\/jpeg\" \/>\n<meta name=\"twitter:card\" content=\"summary_large_image\" \/>\n<script type=\"application\/ld+json\" class=\"yoast-schema-graph\">{\"@context\":\"https:\/\/schema.org\",\"@graph\":[{\"@type\":\"WebPage\",\"@id\":\"https:\/\/fabb.pl\/es\/taller-de-diseno\/\",\"url\":\"https:\/\/fabb.pl\/es\/taller-de-diseno\/\",\"name\":\"TALLER DE DISE\u00d1O | fabb\",\"isPartOf\":{\"@id\":\"https:\/\/fabb.pl\/es\/#website\"},\"primaryImageOfPage\":{\"@id\":\"https:\/\/fabb.pl\/es\/taller-de-diseno\/#primaryimage\"},\"image\":{\"@id\":\"https:\/\/fabb.pl\/es\/taller-de-diseno\/#primaryimage\"},\"thumbnailUrl\":\"https:\/\/fabb.pl\/wp-content\/uploads\/2023\/10\/inspiracje.jpg\",\"datePublished\":\"2023-10-22T22:52:54+00:00\",\"dateModified\":\"2024-01-03T09:50:11+00:00\",\"description\":\"En esta plataforma encontrar\u00e1s todos los materiales que necesitas para tus proyectos de mobiliario. Descarga, crea y admira: \u00a1adelante!\",\"breadcrumb\":{\"@id\":\"https:\/\/fabb.pl\/es\/taller-de-diseno\/#breadcrumb\"},\"inLanguage\":\"es\",\"potentialAction\":[{\"@type\":\"ReadAction\",\"target\":[\"https:\/\/fabb.pl\/es\/taller-de-diseno\/\"]}]},{\"@type\":\"ImageObject\",\"inLanguage\":\"es\",\"@id\":\"https:\/\/fabb.pl\/es\/taller-de-diseno\/#primaryimage\",\"url\":\"https:\/\/fabb.pl\/wp-content\/uploads\/2023\/10\/inspiracje.jpg\",\"contentUrl\":\"https:\/\/fabb.pl\/wp-content\/uploads\/2023\/10\/inspiracje.jpg\",\"width\":1920,\"height\":1017},{\"@type\":\"BreadcrumbList\",\"@id\":\"https:\/\/fabb.pl\/es\/taller-de-diseno\/#breadcrumb\",\"itemListElement\":[{\"@type\":\"ListItem\",\"position\":1,\"name\":\"Strona g\u0142\u00f3wna\",\"item\":\"https:\/\/fabb.pl\/es\/\"},{\"@type\":\"ListItem\",\"position\":2,\"name\":\"TALLER DE DISE\u00d1O\"}]},{\"@type\":\"WebSite\",\"@id\":\"https:\/\/fabb.pl\/es\/#website\",\"url\":\"https:\/\/fabb.pl\/es\/\",\"name\":\"Fabb\",\"description\":\"\",\"potentialAction\":[{\"@type\":\"SearchAction\",\"target\":{\"@type\":\"EntryPoint\",\"urlTemplate\":\"https:\/\/fabb.pl\/es\/?s={search_term_string}\"},\"query-input\":{\"@type\":\"PropertyValueSpecification\",\"valueRequired\":true,\"valueName\":\"search_term_string\"}}],\"inLanguage\":\"es\"}]}<\/script>\n<!-- \/ Yoast SEO plugin. -->","yoast_head_json":{"title":"TALLER DE DISE\u00d1O | fabb","description":"En esta plataforma encontrar\u00e1s todos los materiales que necesitas para tus proyectos de mobiliario. Descarga, crea y admira: \u00a1adelante!","robots":{"index":"index","follow":"follow","max-snippet":"max-snippet:-1","max-image-preview":"max-image-preview:large","max-video-preview":"max-video-preview:-1"},"canonical":"https:\/\/fabb.pl\/es\/taller-de-diseno\/","og_locale":"es_ES","og_type":"article","og_title":"TALLER DE DISE\u00d1O | fabb","og_description":"En esta plataforma encontrar\u00e1s todos los materiales que necesitas para tus proyectos de mobiliario. Descarga, crea y admira: \u00a1adelante!","og_url":"https:\/\/fabb.pl\/es\/taller-de-diseno\/","og_site_name":"Fabb","article_modified_time":"2024-01-03T09:50:11+00:00","og_image":[{"width":1920,"height":1017,"url":"https:\/\/fabb.pl\/wp-content\/uploads\/2023\/10\/inspiracje.jpg","type":"image\/jpeg"}],"twitter_card":"summary_large_image","schema":{"@context":"https:\/\/schema.org","@graph":[{"@type":"WebPage","@id":"https:\/\/fabb.pl\/es\/taller-de-diseno\/","url":"https:\/\/fabb.pl\/es\/taller-de-diseno\/","name":"TALLER DE DISE\u00d1O | fabb","isPartOf":{"@id":"https:\/\/fabb.pl\/es\/#website"},"primaryImageOfPage":{"@id":"https:\/\/fabb.pl\/es\/taller-de-diseno\/#primaryimage"},"image":{"@id":"https:\/\/fabb.pl\/es\/taller-de-diseno\/#primaryimage"},"thumbnailUrl":"https:\/\/fabb.pl\/wp-content\/uploads\/2023\/10\/inspiracje.jpg","datePublished":"2023-10-22T22:52:54+00:00","dateModified":"2024-01-03T09:50:11+00:00","description":"En esta plataforma encontrar\u00e1s todos los materiales que necesitas para tus proyectos de mobiliario. Descarga, crea y admira: \u00a1adelante!","breadcrumb":{"@id":"https:\/\/fabb.pl\/es\/taller-de-diseno\/#breadcrumb"},"inLanguage":"es","potentialAction":[{"@type":"ReadAction","target":["https:\/\/fabb.pl\/es\/taller-de-diseno\/"]}]},{"@type":"ImageObject","inLanguage":"es","@id":"https:\/\/fabb.pl\/es\/taller-de-diseno\/#primaryimage","url":"https:\/\/fabb.pl\/wp-content\/uploads\/2023\/10\/inspiracje.jpg","contentUrl":"https:\/\/fabb.pl\/wp-content\/uploads\/2023\/10\/inspiracje.jpg","width":1920,"height":1017},{"@type":"BreadcrumbList","@id":"https:\/\/fabb.pl\/es\/taller-de-diseno\/#breadcrumb","itemListElement":[{"@type":"ListItem","position":1,"name":"Strona g\u0142\u00f3wna","item":"https:\/\/fabb.pl\/es\/"},{"@type":"ListItem","position":2,"name":"TALLER DE DISE\u00d1O"}]},{"@type":"WebSite","@id":"https:\/\/fabb.pl\/es\/#website","url":"https:\/\/fabb.pl\/es\/","name":"Fabb","description":"","potentialAction":[{"@type":"SearchAction","target":{"@type":"EntryPoint","urlTemplate":"https:\/\/fabb.pl\/es\/?s={search_term_string}"},"query-input":{"@type":"PropertyValueSpecification","valueRequired":true,"valueName":"search_term_string"}}],"inLanguage":"es"}]}},"acf":[],"_links":{"self":[{"href":"https:\/\/fabb.pl\/es\/wp-json\/wp\/v2\/pages\/5852","targetHints":{"allow":["GET"]}}],"collection":[{"href":"https:\/\/fabb.pl\/es\/wp-json\/wp\/v2\/pages"}],"about":[{"href":"https:\/\/fabb.pl\/es\/wp-json\/wp\/v2\/types\/page"}],"author":[{"embeddable":true,"href":"https:\/\/fabb.pl\/es\/wp-json\/wp\/v2\/users\/2"}],"replies":[{"embeddable":true,"href":"https:\/\/fabb.pl\/es\/wp-json\/wp\/v2\/comments?post=5852"}],"version-history":[{"count":13,"href":"https:\/\/fabb.pl\/es\/wp-json\/wp\/v2\/pages\/5852\/revisions"}],"predecessor-version":[{"id":14521,"href":"https:\/\/fabb.pl\/es\/wp-json\/wp\/v2\/pages\/5852\/revisions\/14521"}],"wp:featuredmedia":[{"embeddable":true,"href":"https:\/\/fabb.pl\/es\/wp-json\/wp\/v2\/media\/9949"}],"wp:attachment":[{"href":"https:\/\/fabb.pl\/es\/wp-json\/wp\/v2\/media?parent=5852"}],"curies":[{"name":"wp","href":"https:\/\/api.w.org\/{rel}","templated":true}]}}