{"id":5845,"date":"2023-10-26T13:14:51","date_gmt":"2023-10-26T11:14:51","guid":{"rendered":"https:\/\/fabb.pl\/katalog-mebli-dla-projektantow\/"},"modified":"2024-01-02T10:47:03","modified_gmt":"2024-01-02T09:47:03","slug":"catalogo-de-muebles","status":"publish","type":"page","link":"https:\/\/fabb.pl\/es\/catalogo-de-muebles\/","title":{"rendered":"CAT\u00c1LOGO DE MUEBLES"},"content":{"rendered":"<section class=\"filtered meble\" style=\"--accent-color: #424B63;\"  data-post-type=\"meble\" data-taxonomy=\"kategorie-mebli\">\n  <div class=\"filtered__heading-wrapper\" >\n    <div class=\"container2\">\n\n\n      <h1 class=\"filtered__heading\">\n          CAT\u00c1LOGO DE MUEBLES\n      <\/h1>\n\n              <a href=\"https:\/\/fabb.pl\/es\/catalogo-de-muebles\/#login\" class=\"button button__primary filtered__login\">zaloguj si\u0119 do konta projektanta<\/a>\n           <\/div>\n  <\/div>\n\n  <div class=\"container2\">\n\n\n\n\n    <div class=\"filtered__filters\">\n                      \n        <button class=\"filtered__filters-toggle\">Wybierz\n          <svg width=\"15\" height=\"15\" viewBox=\"0 0 15 15\" fill=\"none\" xmlns=\"http:\/\/www.w3.org\/2000\/svg\"><path d=\"M0.49 8.94V5.46H5.83V0.0599985H9.4V5.46H14.74V8.94H9.4V14.34H5.83V8.94H0.49Z\" fill=\"#AE4F34\"\/><\/svg>\n        <\/button>\n\n        <nav class=\"filtered__categories\">\n          \n                                    \n\n                          <a href=\"https:\/\/fabb.pl\/es\/catalogo-de-muebles\/?kategorie-mebli=krzesla-es\" class=\"filtered__categories-link  color-blue\">\n                <svg xmlns=\"http:\/\/www.w3.org\/2000\/svg\" width=\"170\" height=\"96\" fill=\"none\"><path d=\"M34.871.119C19.056.119 6.215 12.961 6.215 28.775v6.359H1.996a2.03 2.03 0 0 0-1.9 2.623l8.48 25.91c.268.818 1.039 1.377 1.9 1.377h4.398L3.205 94.479h9.248l9.135-22.33h27.605L59.85 96h8.736L55.899 65.045h2.365c.849 0 1.611-.543 1.889-1.346l8.951-25.91c.439-1.27-.547-2.654-1.891-2.654h-3.686v-6.359C63.527 12.961 50.686.119 34.871.119zm0 2c14.734 0 26.656 11.922 26.656 26.656v6.359h-5.318a2.01 2.01 0 0 0-1.943 1.529l-1.598 6.588H18.311L16.5 36.609a2.01 2.01 0 0 0-1.93-1.475H8.215v-6.359c0-14.734 11.922-26.656 26.656-26.656zM1.996 37.135H14.57l4.164 15.273a2.01 2.01 0 0 0 1.93 1.473h14.969 14.943a2.01 2.01 0 0 0 1.945-1.527l3.688-15.219h11.004l-8.949 25.91H10.477zm16.861 8.117h33.326l-1.607 6.629H35.633 20.664zm-1.83 19.793h36.709L65.606 94h-4.459L50.49 70.148H20.244l-9.135 22.33H6.149z\" fill=\"#ae4f34\"\/><\/svg>\n                <span>SILLAS<\/span>\n              <\/a>\n                      \n                                    \n\n                          <a href=\"https:\/\/fabb.pl\/es\/catalogo-de-muebles\/?kategorie-mebli=lozka-es\" class=\"filtered__categories-link  color-yellow\">\n                <svg xmlns=\"http:\/\/www.w3.org\/2000\/svg\" width=\"170\" height=\"96\" fill=\"none\" ><path d=\"M8.273 20.129v37.822H0v26.82h8.504L11.457 96h4.498l2.953-11.229h119.609L141.471 96h4.496l2.953-11.229h9.096v-1-25.82h-9.455V20.129H8.273zm2 2h136.287v35.822h-12.184V41.994H86.281v15.957H68.188V41.994H20.094v15.957h-9.82V22.129zm11.82 21.865h44.094v13.957H22.094V43.994zm66.188 0h44.096v13.957H88.281V43.994zM2 59.951h154.016v22.82H2v-22.82zm8.57 24.82h6.271L14.412 94H13l-2.43-9.229zm130.014 0h6.27L144.426 94h-1.414l-2.428-9.229z\" fill=\"#ae4f34\"\/><\/svg>\n                <span>CAMAS<\/span>\n              <\/a>\n                      \n                                    \n\n                                          <div class=\"filtered__categories-link inactive  color-brown\"  >\n                  <svg xmlns=\"http:\/\/www.w3.org\/2000\/svg\" width=\"170\" height=\"96\" fill=\"none\"><path d=\"M7.539 19.154v16.691H0V85.77h8.539 4.613L15.844 96h4.234l2.691-10.23h94.844L120.307 96h4.232l2.691-10.23h24.846L154.768 96h4.234l2.691-10.23H170v-1-49.463h-7V19.154zm2 2h134.23v14.152h-32.846v17.23H17.615V35.846H9.539zm136.23 0H161v14.152h-15.23zm-32.846 16.152H168V83.77h-45.307-9.77zM2 37.846h13.615V83.77H8.539 2zm15.615 16.691h44.846v13.078H17.615zm46.846 0h46.463v13.078H64.461zM17.615 69.615h93.309V83.77H17.615zM15.221 85.77h2.395 3.088L18.537 94h-1.15zm104.461 0h5.482L122.998 94h-1.15zm34.463 0h5.482L157.461 94h-1.15z\" fill=\"#ae4f34\"\/><\/svg>\n                  <span>SOF\u00c1 ESQUINERO<\/span>\n                <\/div>\n                                    \n                                    \n\n                          <a href=\"https:\/\/fabb.pl\/es\/catalogo-de-muebles\/?kategorie-mebli=sofy-es\" class=\"filtered__categories-link  color-green\">\n                <svg xmlns=\"http:\/\/www.w3.org\/2000\/svg\" width=\"170\" height=\"96\" fill=\"none\"><path d=\"M7.221 22.313v15.986H0v47.902h8.736 3.869l2.055 7.807C14.968 95.177 16.037 96 17.246 96a2.68 2.68 0 0 0 2.584-1.992l2.055-7.807h119.143l2.055 7.807a2.68 2.68 0 0 0 5.17 0l2.055-7.807h12.605v-1-46.902h-6.703V22.313zm2 2h144.988v13.986h-8.252v14.443h-129V38.299H9.221zM2 40.299h12.957v43.902H8.736 2zm145.957 0h12.955v43.902h-6.219-6.736zm-131 14.443h63.5V68.73h-63.5zm65.5 0h63.5V68.73h-63.5zm-65.5 15.988h129v13.471h-129zm-2.283 15.471h2.283 2.859l-1.92 7.297c-.079.3-.34.502-.65.502s-.571-.202-.65-.502zm128.422 0h5.143l-1.92 7.299c-.079.299-.34.5-.65.5s-.572-.201-.65-.5z\" fill=\"#ae4f34\"\/><\/svg>\n                <span>SOF\u00c1S<\/span>\n              <\/a>\n                              <\/nav>\n          <\/div>\n\n    \n\n\n  <\/div>\n  <div class=\"filtered__response\"><\/div>\n  <div class=\"filtered__no-posts\"><\/div>\n<\/section>\n","protected":false},"excerpt":{"rendered":"","protected":false},"author":2,"featured_media":0,"parent":0,"menu_order":0,"comment_status":"closed","ping_status":"closed","template":"template-limited.blade.php","meta":{"_acf_changed":false,"inline_featured_image":false,"footnotes":""},"class_list":["post-5845","page","type-page","status-publish","hentry"],"yoast_head":"<!-- This site is optimized with the Yoast SEO plugin v26.7 - https:\/\/yoast.com\/wordpress\/plugins\/seo\/ -->\n<title>CAT\u00c1LOGO DE MUEBLES | fabb<\/title>\n<meta name=\"description\" content=\"Vea c\u00f3mo quedan los muebles envueltos en nuestras telas. Este cat\u00e1logo le ayudar\u00e1 a preparar proyectos fascinantes.\" \/>\n<meta name=\"robots\" content=\"index, follow, max-snippet:-1, max-image-preview:large, max-video-preview:-1\" \/>\n<link rel=\"canonical\" href=\"https:\/\/fabb.pl\/es\/catalogo-de-muebles\/\" \/>\n<meta property=\"og:locale\" content=\"es_ES\" \/>\n<meta property=\"og:type\" content=\"article\" \/>\n<meta property=\"og:title\" content=\"CAT\u00c1LOGO DE MUEBLES | fabb\" \/>\n<meta property=\"og:description\" content=\"Vea c\u00f3mo quedan los muebles envueltos en nuestras telas. Este cat\u00e1logo le ayudar\u00e1 a preparar proyectos fascinantes.\" \/>\n<meta property=\"og:url\" content=\"https:\/\/fabb.pl\/es\/catalogo-de-muebles\/\" \/>\n<meta property=\"og:site_name\" content=\"Fabb\" \/>\n<meta property=\"article:modified_time\" content=\"2024-01-02T09:47:03+00:00\" \/>\n<meta name=\"twitter:card\" content=\"summary_large_image\" \/>\n<script type=\"application\/ld+json\" class=\"yoast-schema-graph\">{\"@context\":\"https:\/\/schema.org\",\"@graph\":[{\"@type\":\"WebPage\",\"@id\":\"https:\/\/fabb.pl\/es\/catalogo-de-muebles\/\",\"url\":\"https:\/\/fabb.pl\/es\/catalogo-de-muebles\/\",\"name\":\"CAT\u00c1LOGO DE MUEBLES | fabb\",\"isPartOf\":{\"@id\":\"https:\/\/fabb.pl\/es\/#website\"},\"datePublished\":\"2023-10-26T11:14:51+00:00\",\"dateModified\":\"2024-01-02T09:47:03+00:00\",\"description\":\"Vea c\u00f3mo quedan los muebles envueltos en nuestras telas. Este cat\u00e1logo le ayudar\u00e1 a preparar proyectos fascinantes.\",\"breadcrumb\":{\"@id\":\"https:\/\/fabb.pl\/es\/catalogo-de-muebles\/#breadcrumb\"},\"inLanguage\":\"es\",\"potentialAction\":[{\"@type\":\"ReadAction\",\"target\":[\"https:\/\/fabb.pl\/es\/catalogo-de-muebles\/\"]}]},{\"@type\":\"BreadcrumbList\",\"@id\":\"https:\/\/fabb.pl\/es\/catalogo-de-muebles\/#breadcrumb\",\"itemListElement\":[{\"@type\":\"ListItem\",\"position\":1,\"name\":\"Strona g\u0142\u00f3wna\",\"item\":\"https:\/\/fabb.pl\/es\/\"},{\"@type\":\"ListItem\",\"position\":2,\"name\":\"CAT\u00c1LOGO DE MUEBLES\"}]},{\"@type\":\"WebSite\",\"@id\":\"https:\/\/fabb.pl\/es\/#website\",\"url\":\"https:\/\/fabb.pl\/es\/\",\"name\":\"Fabb\",\"description\":\"\",\"potentialAction\":[{\"@type\":\"SearchAction\",\"target\":{\"@type\":\"EntryPoint\",\"urlTemplate\":\"https:\/\/fabb.pl\/es\/?s={search_term_string}\"},\"query-input\":{\"@type\":\"PropertyValueSpecification\",\"valueRequired\":true,\"valueName\":\"search_term_string\"}}],\"inLanguage\":\"es\"}]}<\/script>\n<!-- \/ Yoast SEO plugin. -->","yoast_head_json":{"title":"CAT\u00c1LOGO DE MUEBLES | fabb","description":"Vea c\u00f3mo quedan los muebles envueltos en nuestras telas. Este cat\u00e1logo le ayudar\u00e1 a preparar proyectos fascinantes.","robots":{"index":"index","follow":"follow","max-snippet":"max-snippet:-1","max-image-preview":"max-image-preview:large","max-video-preview":"max-video-preview:-1"},"canonical":"https:\/\/fabb.pl\/es\/catalogo-de-muebles\/","og_locale":"es_ES","og_type":"article","og_title":"CAT\u00c1LOGO DE MUEBLES | fabb","og_description":"Vea c\u00f3mo quedan los muebles envueltos en nuestras telas. Este cat\u00e1logo le ayudar\u00e1 a preparar proyectos fascinantes.","og_url":"https:\/\/fabb.pl\/es\/catalogo-de-muebles\/","og_site_name":"Fabb","article_modified_time":"2024-01-02T09:47:03+00:00","twitter_card":"summary_large_image","schema":{"@context":"https:\/\/schema.org","@graph":[{"@type":"WebPage","@id":"https:\/\/fabb.pl\/es\/catalogo-de-muebles\/","url":"https:\/\/fabb.pl\/es\/catalogo-de-muebles\/","name":"CAT\u00c1LOGO DE MUEBLES | fabb","isPartOf":{"@id":"https:\/\/fabb.pl\/es\/#website"},"datePublished":"2023-10-26T11:14:51+00:00","dateModified":"2024-01-02T09:47:03+00:00","description":"Vea c\u00f3mo quedan los muebles envueltos en nuestras telas. Este cat\u00e1logo le ayudar\u00e1 a preparar proyectos fascinantes.","breadcrumb":{"@id":"https:\/\/fabb.pl\/es\/catalogo-de-muebles\/#breadcrumb"},"inLanguage":"es","potentialAction":[{"@type":"ReadAction","target":["https:\/\/fabb.pl\/es\/catalogo-de-muebles\/"]}]},{"@type":"BreadcrumbList","@id":"https:\/\/fabb.pl\/es\/catalogo-de-muebles\/#breadcrumb","itemListElement":[{"@type":"ListItem","position":1,"name":"Strona g\u0142\u00f3wna","item":"https:\/\/fabb.pl\/es\/"},{"@type":"ListItem","position":2,"name":"CAT\u00c1LOGO DE MUEBLES"}]},{"@type":"WebSite","@id":"https:\/\/fabb.pl\/es\/#website","url":"https:\/\/fabb.pl\/es\/","name":"Fabb","description":"","potentialAction":[{"@type":"SearchAction","target":{"@type":"EntryPoint","urlTemplate":"https:\/\/fabb.pl\/es\/?s={search_term_string}"},"query-input":{"@type":"PropertyValueSpecification","valueRequired":true,"valueName":"search_term_string"}}],"inLanguage":"es"}]}},"acf":[],"_links":{"self":[{"href":"https:\/\/fabb.pl\/es\/wp-json\/wp\/v2\/pages\/5845","targetHints":{"allow":["GET"]}}],"collection":[{"href":"https:\/\/fabb.pl\/es\/wp-json\/wp\/v2\/pages"}],"about":[{"href":"https:\/\/fabb.pl\/es\/wp-json\/wp\/v2\/types\/page"}],"author":[{"embeddable":true,"href":"https:\/\/fabb.pl\/es\/wp-json\/wp\/v2\/users\/2"}],"replies":[{"embeddable":true,"href":"https:\/\/fabb.pl\/es\/wp-json\/wp\/v2\/comments?post=5845"}],"version-history":[{"count":6,"href":"https:\/\/fabb.pl\/es\/wp-json\/wp\/v2\/pages\/5845\/revisions"}],"predecessor-version":[{"id":14345,"href":"https:\/\/fabb.pl\/es\/wp-json\/wp\/v2\/pages\/5845\/revisions\/14345"}],"wp:attachment":[{"href":"https:\/\/fabb.pl\/es\/wp-json\/wp\/v2\/media?parent=5845"}],"curies":[{"name":"wp","href":"https:\/\/api.w.org\/{rel}","templated":true}]}}