{"id":18497,"date":"2024-01-22T15:26:57","date_gmt":"2024-01-22T14:26:57","guid":{"rendered":"https:\/\/fabb.pl\/newsletter\/"},"modified":"2025-04-14T11:47:08","modified_gmt":"2025-04-14T09:47:08","slug":"newsletter","status":"publish","type":"page","link":"https:\/\/fabb.pl\/es\/newsletter\/","title":{"rendered":"newsletter"},"content":{"rendered":"<section class=\"form-section\"\n      id=\"newsletter\"\n    style=\"--text-color: #d0a64d; --background-color: ;\">\n  <div class=\"container2\">\n\n    \n    \n      <div class=\"form-section__form\">\n\n        \n<div class=\"wpcf7 no-js\" id=\"wpcf7-f33355-o1\" lang=\"es-ES\" dir=\"ltr\" data-wpcf7-id=\"33355\">\n<div class=\"screen-reader-response\"><p role=\"status\" aria-live=\"polite\" aria-atomic=\"true\"><\/p> <ul><\/ul><\/div>\n<form action=\"\/es\/wp-json\/wp\/v2\/pages\/18497#wpcf7-f33355-o1\" method=\"post\" class=\"wpcf7-form init\" aria-label=\"Formulario de contacto\" novalidate=\"novalidate\" data-status=\"init\">\n<fieldset class=\"hidden-fields-container\"><input type=\"hidden\" name=\"_wpcf7\" value=\"33355\" \/><input type=\"hidden\" name=\"_wpcf7_version\" value=\"6.1.4\" \/><input type=\"hidden\" name=\"_wpcf7_locale\" value=\"es_ES\" \/><input type=\"hidden\" name=\"_wpcf7_unit_tag\" value=\"wpcf7-f33355-o1\" \/><input type=\"hidden\" name=\"_wpcf7_container_post\" value=\"0\" \/><input type=\"hidden\" name=\"_wpcf7_posted_data_hash\" value=\"\" \/><input type=\"hidden\" name=\"_wpcf7_recaptcha_response\" value=\"\" \/>\n<\/fieldset>\n<label>\n    <span class=\"wpcf7-form-control-wrap\" data-name=\"your-email\"><input size=\"40\" maxlength=\"400\" class=\"wpcf7-form-control wpcf7-email wpcf7-validates-as-required wpcf7-text wpcf7-validates-as-email\" id=\"your-email\" autocomplete=\"email\" aria-required=\"true\" aria-invalid=\"false\" placeholder=\"Tu correo electr\u00f3nico\" value=\"\" type=\"email\" name=\"your-email\" \/><\/span> <\/label>\n\n<span class=\"wpcf7-form-control-wrap\" data-name=\"acceptance-676\"><span class=\"wpcf7-form-control wpcf7-acceptance\"><span class=\"wpcf7-list-item\"><input type=\"checkbox\" name=\"acceptance-676\" value=\"1\" aria-invalid=\"false\" \/><\/span><\/span><\/span> Acepto recibir informaci\u00f3n comercial por v\u00eda electr\u00f3nica en la direcci\u00f3n de correo electr\u00f3nico que he proporcionado, seg\u00fan lo dispuesto en el art\u00edculo 10, apartado 1, de la Ley de 18 de julio de 2002 sobre la prestaci\u00f3n de servicios por v\u00ed<p style=\"display: none !important;\" class=\"akismet-fields-container\" data-prefix=\"_wpcf7_ak_\"><label>&#916;<textarea name=\"_wpcf7_ak_hp_textarea\" cols=\"45\" rows=\"8\" maxlength=\"100\"><\/textarea><\/label><input type=\"hidden\" id=\"ak_js_1\" name=\"_wpcf7_ak_js\" value=\"121\"\/><script>document.getElementById( \"ak_js_1\" ).setAttribute( \"value\", ( new Date() ).getTime() );<\/script><\/p><input type='hidden' class='wpcf7-pum' value='{\"closepopup\":false,\"closedelay\":0,\"openpopup\":false,\"openpopup_id\":0}' \/><div class=\"wpcf7-response-output\" aria-hidden=\"true\"><\/div>\n<\/form>\n<\/div>\n\n      <\/div>\n    \n  <\/div>\n<\/section>\n","protected":false},"excerpt":{"rendered":"","protected":false},"author":1,"featured_media":0,"parent":0,"menu_order":0,"comment_status":"closed","ping_status":"closed","template":"template-page-gold.blade.php","meta":{"_acf_changed":false,"inline_featured_image":false,"footnotes":""},"class_list":["post-18497","page","type-page","status-publish","hentry"],"yoast_head":"<!-- This site is optimized with the Yoast SEO plugin v26.7 - https:\/\/yoast.com\/wordpress\/plugins\/seo\/ -->\n<title>newsletter - Fabb<\/title>\n<meta name=\"robots\" content=\"index, follow, max-snippet:-1, max-image-preview:large, max-video-preview:-1\" \/>\n<link rel=\"canonical\" href=\"https:\/\/fabb.pl\/es\/newsletter\/\" \/>\n<meta property=\"og:locale\" content=\"es_ES\" \/>\n<meta property=\"og:type\" content=\"article\" \/>\n<meta property=\"og:title\" content=\"newsletter - Fabb\" \/>\n<meta property=\"og:url\" content=\"https:\/\/fabb.pl\/es\/newsletter\/\" \/>\n<meta property=\"og:site_name\" content=\"Fabb\" \/>\n<meta property=\"article:modified_time\" content=\"2025-04-14T09:47:08+00:00\" \/>\n<meta name=\"twitter:card\" content=\"summary_large_image\" \/>\n<script type=\"application\/ld+json\" class=\"yoast-schema-graph\">{\"@context\":\"https:\/\/schema.org\",\"@graph\":[{\"@type\":\"WebPage\",\"@id\":\"https:\/\/fabb.pl\/es\/newsletter\/\",\"url\":\"https:\/\/fabb.pl\/es\/newsletter\/\",\"name\":\"newsletter - Fabb\",\"isPartOf\":{\"@id\":\"https:\/\/fabb.pl\/es\/#website\"},\"datePublished\":\"2024-01-22T14:26:57+00:00\",\"dateModified\":\"2025-04-14T09:47:08+00:00\",\"breadcrumb\":{\"@id\":\"https:\/\/fabb.pl\/es\/newsletter\/#breadcrumb\"},\"inLanguage\":\"es\",\"potentialAction\":[{\"@type\":\"ReadAction\",\"target\":[\"https:\/\/fabb.pl\/es\/newsletter\/\"]}]},{\"@type\":\"BreadcrumbList\",\"@id\":\"https:\/\/fabb.pl\/es\/newsletter\/#breadcrumb\",\"itemListElement\":[{\"@type\":\"ListItem\",\"position\":1,\"name\":\"Strona g\u0142\u00f3wna\",\"item\":\"https:\/\/fabb.pl\/es\/\"},{\"@type\":\"ListItem\",\"position\":2,\"name\":\"newsletter\"}]},{\"@type\":\"WebSite\",\"@id\":\"https:\/\/fabb.pl\/es\/#website\",\"url\":\"https:\/\/fabb.pl\/es\/\",\"name\":\"Fabb\",\"description\":\"\",\"potentialAction\":[{\"@type\":\"SearchAction\",\"target\":{\"@type\":\"EntryPoint\",\"urlTemplate\":\"https:\/\/fabb.pl\/es\/?s={search_term_string}\"},\"query-input\":{\"@type\":\"PropertyValueSpecification\",\"valueRequired\":true,\"valueName\":\"search_term_string\"}}],\"inLanguage\":\"es\"}]}<\/script>\n<!-- \/ Yoast SEO plugin. -->","yoast_head_json":{"title":"newsletter - Fabb","robots":{"index":"index","follow":"follow","max-snippet":"max-snippet:-1","max-image-preview":"max-image-preview:large","max-video-preview":"max-video-preview:-1"},"canonical":"https:\/\/fabb.pl\/es\/newsletter\/","og_locale":"es_ES","og_type":"article","og_title":"newsletter - Fabb","og_url":"https:\/\/fabb.pl\/es\/newsletter\/","og_site_name":"Fabb","article_modified_time":"2025-04-14T09:47:08+00:00","twitter_card":"summary_large_image","schema":{"@context":"https:\/\/schema.org","@graph":[{"@type":"WebPage","@id":"https:\/\/fabb.pl\/es\/newsletter\/","url":"https:\/\/fabb.pl\/es\/newsletter\/","name":"newsletter - Fabb","isPartOf":{"@id":"https:\/\/fabb.pl\/es\/#website"},"datePublished":"2024-01-22T14:26:57+00:00","dateModified":"2025-04-14T09:47:08+00:00","breadcrumb":{"@id":"https:\/\/fabb.pl\/es\/newsletter\/#breadcrumb"},"inLanguage":"es","potentialAction":[{"@type":"ReadAction","target":["https:\/\/fabb.pl\/es\/newsletter\/"]}]},{"@type":"BreadcrumbList","@id":"https:\/\/fabb.pl\/es\/newsletter\/#breadcrumb","itemListElement":[{"@type":"ListItem","position":1,"name":"Strona g\u0142\u00f3wna","item":"https:\/\/fabb.pl\/es\/"},{"@type":"ListItem","position":2,"name":"newsletter"}]},{"@type":"WebSite","@id":"https:\/\/fabb.pl\/es\/#website","url":"https:\/\/fabb.pl\/es\/","name":"Fabb","description":"","potentialAction":[{"@type":"SearchAction","target":{"@type":"EntryPoint","urlTemplate":"https:\/\/fabb.pl\/es\/?s={search_term_string}"},"query-input":{"@type":"PropertyValueSpecification","valueRequired":true,"valueName":"search_term_string"}}],"inLanguage":"es"}]}},"acf":[],"_links":{"self":[{"href":"https:\/\/fabb.pl\/es\/wp-json\/wp\/v2\/pages\/18497","targetHints":{"allow":["GET"]}}],"collection":[{"href":"https:\/\/fabb.pl\/es\/wp-json\/wp\/v2\/pages"}],"about":[{"href":"https:\/\/fabb.pl\/es\/wp-json\/wp\/v2\/types\/page"}],"author":[{"embeddable":true,"href":"https:\/\/fabb.pl\/es\/wp-json\/wp\/v2\/users\/1"}],"replies":[{"embeddable":true,"href":"https:\/\/fabb.pl\/es\/wp-json\/wp\/v2\/comments?post=18497"}],"version-history":[{"count":3,"href":"https:\/\/fabb.pl\/es\/wp-json\/wp\/v2\/pages\/18497\/revisions"}],"predecessor-version":[{"id":33365,"href":"https:\/\/fabb.pl\/es\/wp-json\/wp\/v2\/pages\/18497\/revisions\/33365"}],"wp:attachment":[{"href":"https:\/\/fabb.pl\/es\/wp-json\/wp\/v2\/media?parent=18497"}],"curies":[{"name":"wp","href":"https:\/\/api.w.org\/{rel}","templated":true}]}}