{"id":13828,"date":"2023-12-19T11:13:50","date_gmt":"2023-12-19T10:13:50","guid":{"rendered":"https:\/\/fabb.pl\/dla-partnera\/"},"modified":"2026-02-03T22:33:19","modified_gmt":"2026-02-03T21:33:19","slug":"lugar-del-socio","status":"publish","type":"page","link":"https:\/\/fabb.pl\/es\/lugar-del-socio\/","title":{"rendered":"LUGAR DEL SOCIO"},"content":{"rendered":"<section class=\"page-header-small\" style=\"--text-color: #ba633d; --background-color: #efe9e3;\">\n\n  <div class=\"container2\">\n\n          <div class=\"page-header-small__content\">\n        <h1 class=\"page-header-small__heading\" style=\"color: #ba633d\">\n          TEJIENDO BUENAS RELACIONES CON <br \/>\r\nUN EXCELENTE CAF\u00c9\n        <\/h1>\n\n                  <img decoding=\"async\" class=\"page-header-small__image\" src=\"https:\/\/fabb.pl\/wp-content\/uploads\/2023\/12\/partnerzyTop.webp\" alt=\"\">\n        \n      <\/div>\n    \n  <\/div>\n<\/section>\n\n\n<section id=\"\" class=\"text-image heading-left alignfull\" style=\"--text-color: #213b53; --hover-color: #66728e; --background-color: #efe9e3;\">\n  <div class=\"container2\">\n\n        <div class=\"text-image__heading\">\n      <h2 class=\"text-image__title\">\n        Trabajar <br \/>\r\ncon nosotros garantiza<br \/>\r\nun placer puro\n      <\/h2>\n          <\/div>\n    \n    <div class=\"text-image__contentWrapper\">\n                    <div class=\"text-image__videoWrapper\">\n          <video class=\"video\" height=\"100%\" loop=\"true\" autoplay=\"autoplay\"  muted playsinline>\n            <source src=\"https:\/\/fabb.pl\/wp-content\/uploads\/2023\/12\/wpolpraca.mp4\" type=\"video\/mp4\">\n          <\/video>\n        <\/div>\n      \n\n              <div class=\"text-image__content\">\n          <p>Ofrecemos una amplia gama de tejidos de tapicer\u00eda de primera clase que han sido distinguidos con certificados y premios prestigiosos. Toda nuestra gama de productos est\u00e1 continuamente disponible, asegurando la fiabilidad y la continuidad del suministro. Nuestro sistema operativo moderno y equipo cualificado garantizan el m\u00e1s alto nivel de supervisi\u00f3n en todo el proceso.<\/p>\n<h4 class=\"highlighText\">Nos caracterizamos por nuestra flexibilidad, lo que nos permite tratar a cada socio comercial de manera \u00fanica.<\/h4>\n<p>Ya sea que representes a una gran corporaci\u00f3n, una empresa mediana, un mayorista de telas o una f\u00e1brica de muebles, ofrecemos servicios hechos a medida. Nos aseguramos de que cada uno reciba t\u00e9rminos comerciales que coincidan con sus expectativas y capacidades, reflejando nuestra dedicaci\u00f3n a la satisfacci\u00f3n del cliente.<\/p>\n\n\n                      <a href=\"https:\/\/fabb.pl\/es\/tkaniny\/\" target=\"\" class=\"text-image__button\">\n              VEA NUESTROS TEJIDOS\n            <\/a>\n                  <\/div>\n      \n    <\/div>\n\n\n  <\/div>\n<\/section>\n\n\n<section id=\"\" class=\"text-image mapBackground text-left heading-left alignfull\" style=\"--text-color: #f9f4ef; --hover-color: #a54217; --background-color: #ba633d;\">\n  <div class=\"container2\">\n\n        <div class=\"text-image__heading\">\n      <h2 class=\"text-image__title\">\n        Centro log\u00edstico en el <br \/>\r\ncoraz\u00f3n del n\u00facleo de empresas <br \/>\r\nde tapicer\u00eda de Polonia.\n      <\/h2>\n            <figure class=\"text-image__image\">\n        <img decoding=\"async\" src=\"https:\/\/fabb.pl\/wp-content\/uploads\/2023\/12\/mapa-1.svg\">\n      <\/figure>\n          <\/div>\n    \n    <div class=\"text-image__contentWrapper\">\n            \n\n              <div class=\"text-image__content\">\n          <p>Esto asegura una \u00f3ptima realizaci\u00f3n de pedidos. Su cercan\u00eda a la frontera occidental del pa\u00eds permite una distribuci\u00f3n eficiente a nuestros socios en toda Europa y m\u00e1s all\u00e1. Contamos con nuestra propia flota de transporte, lo que se traduce en entregas r\u00e1pidas y eficientes. <\/p>\n<p>Nuestros tejidos se almacenan en un almac\u00e9n de alta capacidad tecnol\u00f3gicamente avanzado, que cubre un \u00e1rea de m\u00e1s de 3.500 m\u00b2. Un sistema operativo innovador nos garantiza un manejo de pedidos r\u00e1pido y preciso, lo cual es nuestra prioridad y confirma nuestro compromiso con la satisfacci\u00f3n del cliente.<\/p>\n\n\n                  <\/div>\n      \n    <\/div>\n\n\n  <\/div>\n<\/section>\n\n\n<section id=\"\" class=\"text-gallery\" style=\"--text-color: #f9f4ef; --hover-color: #5f809f; --background-color: #213b53;\">\n  <div class=\"container2\">\n\n          <h2 class=\"text-gallery__heading\">\n        DEPARTAMENTO DE MARKETING <br \/>\r\nSIEMPRE A LA MANO\n      <\/h2>\n    \n          <div class=\"text-gallery__content\">\n        <p>Entendemos completamente la importancia del apoyo de marketing para el \u00e9xito empresarial. Les aseguramos que pueden contar con nuestro total compromiso en todos los aspectos de la promoci\u00f3n. Nuestro equipo de especialistas ha preparado un rico conjunto de materiales de marketing \u00fanicos, disponibles para las empresas cooperantes. Adem\u00e1s, el apoyo profesional de nuestro departamento de marketing siempre est\u00e1 disponible para ayudar a alcanzar los objetivos de comunicaci\u00f3n y empresariales.<\/p>\n\n\n                  <div class=\"text-gallery__button\">\n            <a href=\"https:\/\/fabb.pl\/es\/descargar-archivos\"\n            class=\"button button__primary\">\n              MATERIALES DE MARKETING DISPONIBLES PARA DESCARGA\n            <\/a>\n          <\/div>\n              <\/div>\n\n\n    \n  <\/div>\n\n      <div class=\"text-gallery__gallery\">\n              <figure class=\"singleImage\">\n          <img decoding=\"async\" class=\"image\" src=\"https:\/\/fabb.pl\/wp-content\/uploads\/2023\/12\/Rectangle-4.webp\">\n        <\/figure>\n              <figure class=\"singleImage\">\n          <img decoding=\"async\" class=\"image\" src=\"https:\/\/fabb.pl\/wp-content\/uploads\/2023\/12\/Rectangle-3.webp\">\n        <\/figure>\n              <figure class=\"singleImage\">\n          <img decoding=\"async\" class=\"image\" src=\"https:\/\/fabb.pl\/wp-content\/uploads\/2023\/12\/Rectangle-6.webp\">\n        <\/figure>\n              <figure class=\"singleImage\">\n          <img decoding=\"async\" class=\"image\" src=\"https:\/\/fabb.pl\/wp-content\/uploads\/2023\/12\/Rectangle-5.webp\">\n        <\/figure>\n          <\/div>\n  <\/section>\n\n\n<section id=\"\" class=\"text-section heading-center alignfull\" style=\"--text-color: #ba633d; --background-color: #fafafa;\">\n  <div class=\"container2\">\n\n    \n          <h2 class=\"text-section__heading\">\n        NUESTROS TEJIDOS VIENEN CON UNA GARANT\u00cdA <br \/>\r\nDE 6 A\u00d1OS\n      <\/h2>\n    \n          <div class=\"text-section__content\">\n        <p>Ofrecemos con confianza una garant\u00eda en nuestros productos. Cada material comprado en nosotros viene con una garant\u00eda de seis a\u00f1os, reflejando nuestra confianza en su fiabilidad y durabilidad. Esperamos que este compromiso sea una se\u00f1al clara de que los tejidos que proporcionamos representan el m\u00e1s alto nivel de calidad en el mercado.<\/p>\n<p><a href=\"https:\/\/fabb.pl\/wp-content\/uploads\/2025\/09\/Fabb_warranty_card_en-a.pdf\">POL\u00cdTICA DE RECLAMACIONES<\/a><\/p>\n\n      <\/div>\n    \n\n  <\/div>\n<\/section>\n\n\n<section class=\"form-section\"\n    style=\"--text-color: #213b53; --background-color: #efe9e3;\">\n  <div class=\"container2\">\n\n          <h2 class=\"form-section__heading\">\n        \u00danete a<br \/>\r\nnuestros distribuidores <br \/>\r\ndistribuidores\n      <\/h2>\n    \n    \n      <div class=\"form-section__form\">\n\n        \n<div class=\"wpcf7 no-js\" id=\"wpcf7-f14193-o1\" lang=\"es-ES\" dir=\"ltr\" data-wpcf7-id=\"14193\">\n<div class=\"screen-reader-response\"><p role=\"status\" aria-live=\"polite\" aria-atomic=\"true\"><\/p> <ul><\/ul><\/div>\n<form action=\"\/es\/wp-json\/wp\/v2\/pages\/13828#wpcf7-f14193-o1\" method=\"post\" class=\"wpcf7-form init\" aria-label=\"Formulario de contacto\" novalidate=\"novalidate\" data-status=\"init\">\n<fieldset class=\"hidden-fields-container\"><input type=\"hidden\" name=\"_wpcf7\" value=\"14193\" \/><input type=\"hidden\" name=\"_wpcf7_version\" value=\"6.1.4\" \/><input type=\"hidden\" name=\"_wpcf7_locale\" value=\"es_ES\" \/><input type=\"hidden\" name=\"_wpcf7_unit_tag\" value=\"wpcf7-f14193-o1\" \/><input type=\"hidden\" name=\"_wpcf7_container_post\" value=\"0\" \/><input type=\"hidden\" name=\"_wpcf7_posted_data_hash\" value=\"\" \/><input type=\"hidden\" name=\"_wpcf7_recaptcha_response\" value=\"\" \/>\n<\/fieldset>\n<h3 id=\"formularz\">ENV\u00cdANOS TUS DATOS DE CONTACTO<\/h3>\n\n<label for=\"your-name\"> Nombre <\/label>\n<span class=\"wpcf7-form-control-wrap\" data-name=\"your-name\"><input size=\"40\" maxlength=\"400\" class=\"wpcf7-form-control wpcf7-text wpcf7-validates-as-required\" id=\"your-name\" autocomplete=\"name\" aria-required=\"true\" aria-invalid=\"false\" placeholder=\"Nombre\" value=\"\" type=\"text\" name=\"your-name\" \/><\/span> \n\n<label for=\"your-email\"> E-mail <\/label>\n<span class=\"wpcf7-form-control-wrap\" data-name=\"your-email\"><input size=\"40\" maxlength=\"400\" class=\"wpcf7-form-control wpcf7-email wpcf7-validates-as-required wpcf7-text wpcf7-validates-as-email\" id=\"your-email\" autocomplete=\"email\" aria-required=\"true\" aria-invalid=\"false\" placeholder=\"E-mail\" value=\"\" type=\"email\" name=\"your-email\" \/><\/span>\n\n<label for=\"your-tel\"> Tel\u00e9fono <\/label>\n<span class=\"wpcf7-form-control-wrap\" data-name=\"your-tel\"><input size=\"40\" maxlength=\"400\" class=\"wpcf7-form-control wpcf7-tel wpcf7-text wpcf7-validates-as-tel\" id=\"your-tel\" aria-invalid=\"false\" placeholder=\"Tel\u00e9fono\" value=\"\" type=\"tel\" name=\"your-tel\" \/><\/span>\n\n<input class=\"wpcf7-form-control wpcf7-submit has-spinner\" type=\"submit\" value=\"ENVIAR\" \/><p style=\"display: none !important;\" class=\"akismet-fields-container\" data-prefix=\"_wpcf7_ak_\"><label>&#916;<textarea name=\"_wpcf7_ak_hp_textarea\" cols=\"45\" rows=\"8\" maxlength=\"100\"><\/textarea><\/label><input type=\"hidden\" id=\"ak_js_1\" name=\"_wpcf7_ak_js\" value=\"152\"\/><script>document.getElementById( \"ak_js_1\" ).setAttribute( \"value\", ( new Date() ).getTime() );<\/script><\/p><input type='hidden' class='wpcf7-pum' value='{\"closepopup\":false,\"closedelay\":0,\"openpopup\":false,\"openpopup_id\":0}' \/><div class=\"wpcf7-response-output\" aria-hidden=\"true\"><\/div>\n<\/form>\n<\/div>\n\n      <\/div>\n    \n  <\/div>\n<\/section>\n","protected":false},"excerpt":{"rendered":"","protected":false},"author":1,"featured_media":12163,"parent":0,"menu_order":0,"comment_status":"closed","ping_status":"closed","template":"","meta":{"_acf_changed":false,"inline_featured_image":false,"footnotes":""},"class_list":["post-13828","page","type-page","status-publish","has-post-thumbnail","hentry"],"yoast_head":"<!-- This site is optimized with the Yoast SEO plugin v26.7 - https:\/\/yoast.com\/wordpress\/plugins\/seo\/ -->\n<title>LUGAR DEL SOCIO - Fabb<\/title>\n<meta name=\"description\" content=\"Ya sea que representes a una gran corporaci\u00f3n, una empresa mediana, un mayorista de telas o una f\u00e1brica de muebles, ofrecemos servicios hechos a medida. Nos aseguramos de que cada uno reciba t\u00e9rminos comerciales que coincidan con sus expectativas y capacidades, reflejando nuestra dedicaci\u00f3n a la satisfacci\u00f3n del cliente.\" \/>\n<meta name=\"robots\" content=\"index, follow, max-snippet:-1, max-image-preview:large, max-video-preview:-1\" \/>\n<link rel=\"canonical\" href=\"https:\/\/fabb.pl\/es\/lugar-del-socio\/\" \/>\n<meta property=\"og:locale\" content=\"es_ES\" \/>\n<meta property=\"og:type\" content=\"article\" \/>\n<meta property=\"og:title\" content=\"LUGAR DEL SOCIO - Fabb\" \/>\n<meta property=\"og:description\" content=\"Ya sea que representes a una gran corporaci\u00f3n, una empresa mediana, un mayorista de telas o una f\u00e1brica de muebles, ofrecemos servicios hechos a medida. Nos aseguramos de que cada uno reciba t\u00e9rminos comerciales que coincidan con sus expectativas y capacidades, reflejando nuestra dedicaci\u00f3n a la satisfacci\u00f3n del cliente.\" \/>\n<meta property=\"og:url\" content=\"https:\/\/fabb.pl\/es\/lugar-del-socio\/\" \/>\n<meta property=\"og:site_name\" content=\"Fabb\" \/>\n<meta property=\"article:modified_time\" content=\"2026-02-03T21:33:19+00:00\" \/>\n<meta property=\"og:image\" content=\"https:\/\/fabb.pl\/wp-content\/uploads\/2023\/12\/partnerzyTop.webp\" \/>\n\t<meta property=\"og:image:width\" content=\"970\" \/>\n\t<meta property=\"og:image:height\" content=\"574\" \/>\n\t<meta property=\"og:image:type\" content=\"image\/webp\" \/>\n<meta name=\"twitter:card\" content=\"summary_large_image\" \/>\n<meta name=\"twitter:label1\" content=\"Tiempo de lectura\" \/>\n\t<meta name=\"twitter:data1\" content=\"1 minuto\" \/>\n<script type=\"application\/ld+json\" class=\"yoast-schema-graph\">{\"@context\":\"https:\/\/schema.org\",\"@graph\":[{\"@type\":\"WebPage\",\"@id\":\"https:\/\/fabb.pl\/es\/lugar-del-socio\/\",\"url\":\"https:\/\/fabb.pl\/es\/lugar-del-socio\/\",\"name\":\"LUGAR DEL SOCIO - Fabb\",\"isPartOf\":{\"@id\":\"https:\/\/fabb.pl\/es\/#website\"},\"primaryImageOfPage\":{\"@id\":\"https:\/\/fabb.pl\/es\/lugar-del-socio\/#primaryimage\"},\"image\":{\"@id\":\"https:\/\/fabb.pl\/es\/lugar-del-socio\/#primaryimage\"},\"thumbnailUrl\":\"https:\/\/fabb.pl\/wp-content\/uploads\/2023\/12\/partnerzyTop.webp\",\"datePublished\":\"2023-12-19T10:13:50+00:00\",\"dateModified\":\"2026-02-03T21:33:19+00:00\",\"description\":\"Ya sea que representes a una gran corporaci\u00f3n, una empresa mediana, un mayorista de telas o una f\u00e1brica de muebles, ofrecemos servicios hechos a medida. Nos aseguramos de que cada uno reciba t\u00e9rminos comerciales que coincidan con sus expectativas y capacidades, reflejando nuestra dedicaci\u00f3n a la satisfacci\u00f3n del cliente.\",\"breadcrumb\":{\"@id\":\"https:\/\/fabb.pl\/es\/lugar-del-socio\/#breadcrumb\"},\"inLanguage\":\"es\",\"potentialAction\":[{\"@type\":\"ReadAction\",\"target\":[\"https:\/\/fabb.pl\/es\/lugar-del-socio\/\"]}]},{\"@type\":\"ImageObject\",\"inLanguage\":\"es\",\"@id\":\"https:\/\/fabb.pl\/es\/lugar-del-socio\/#primaryimage\",\"url\":\"https:\/\/fabb.pl\/wp-content\/uploads\/2023\/12\/partnerzyTop.webp\",\"contentUrl\":\"https:\/\/fabb.pl\/wp-content\/uploads\/2023\/12\/partnerzyTop.webp\",\"width\":970,\"height\":574},{\"@type\":\"BreadcrumbList\",\"@id\":\"https:\/\/fabb.pl\/es\/lugar-del-socio\/#breadcrumb\",\"itemListElement\":[{\"@type\":\"ListItem\",\"position\":1,\"name\":\"Strona g\u0142\u00f3wna\",\"item\":\"https:\/\/fabb.pl\/es\/\"},{\"@type\":\"ListItem\",\"position\":2,\"name\":\"LUGAR DEL SOCIO\"}]},{\"@type\":\"WebSite\",\"@id\":\"https:\/\/fabb.pl\/es\/#website\",\"url\":\"https:\/\/fabb.pl\/es\/\",\"name\":\"Fabb\",\"description\":\"\",\"potentialAction\":[{\"@type\":\"SearchAction\",\"target\":{\"@type\":\"EntryPoint\",\"urlTemplate\":\"https:\/\/fabb.pl\/es\/?s={search_term_string}\"},\"query-input\":{\"@type\":\"PropertyValueSpecification\",\"valueRequired\":true,\"valueName\":\"search_term_string\"}}],\"inLanguage\":\"es\"}]}<\/script>\n<!-- \/ Yoast SEO plugin. -->","yoast_head_json":{"title":"LUGAR DEL SOCIO - Fabb","description":"Ya sea que representes a una gran corporaci\u00f3n, una empresa mediana, un mayorista de telas o una f\u00e1brica de muebles, ofrecemos servicios hechos a medida. Nos aseguramos de que cada uno reciba t\u00e9rminos comerciales que coincidan con sus expectativas y capacidades, reflejando nuestra dedicaci\u00f3n a la satisfacci\u00f3n del cliente.","robots":{"index":"index","follow":"follow","max-snippet":"max-snippet:-1","max-image-preview":"max-image-preview:large","max-video-preview":"max-video-preview:-1"},"canonical":"https:\/\/fabb.pl\/es\/lugar-del-socio\/","og_locale":"es_ES","og_type":"article","og_title":"LUGAR DEL SOCIO - Fabb","og_description":"Ya sea que representes a una gran corporaci\u00f3n, una empresa mediana, un mayorista de telas o una f\u00e1brica de muebles, ofrecemos servicios hechos a medida. Nos aseguramos de que cada uno reciba t\u00e9rminos comerciales que coincidan con sus expectativas y capacidades, reflejando nuestra dedicaci\u00f3n a la satisfacci\u00f3n del cliente.","og_url":"https:\/\/fabb.pl\/es\/lugar-del-socio\/","og_site_name":"Fabb","article_modified_time":"2026-02-03T21:33:19+00:00","og_image":[{"width":970,"height":574,"url":"https:\/\/fabb.pl\/wp-content\/uploads\/2023\/12\/partnerzyTop.webp","type":"image\/webp"}],"twitter_card":"summary_large_image","twitter_misc":{"Tiempo de lectura":"1 minuto"},"schema":{"@context":"https:\/\/schema.org","@graph":[{"@type":"WebPage","@id":"https:\/\/fabb.pl\/es\/lugar-del-socio\/","url":"https:\/\/fabb.pl\/es\/lugar-del-socio\/","name":"LUGAR DEL SOCIO - Fabb","isPartOf":{"@id":"https:\/\/fabb.pl\/es\/#website"},"primaryImageOfPage":{"@id":"https:\/\/fabb.pl\/es\/lugar-del-socio\/#primaryimage"},"image":{"@id":"https:\/\/fabb.pl\/es\/lugar-del-socio\/#primaryimage"},"thumbnailUrl":"https:\/\/fabb.pl\/wp-content\/uploads\/2023\/12\/partnerzyTop.webp","datePublished":"2023-12-19T10:13:50+00:00","dateModified":"2026-02-03T21:33:19+00:00","description":"Ya sea que representes a una gran corporaci\u00f3n, una empresa mediana, un mayorista de telas o una f\u00e1brica de muebles, ofrecemos servicios hechos a medida. Nos aseguramos de que cada uno reciba t\u00e9rminos comerciales que coincidan con sus expectativas y capacidades, reflejando nuestra dedicaci\u00f3n a la satisfacci\u00f3n del cliente.","breadcrumb":{"@id":"https:\/\/fabb.pl\/es\/lugar-del-socio\/#breadcrumb"},"inLanguage":"es","potentialAction":[{"@type":"ReadAction","target":["https:\/\/fabb.pl\/es\/lugar-del-socio\/"]}]},{"@type":"ImageObject","inLanguage":"es","@id":"https:\/\/fabb.pl\/es\/lugar-del-socio\/#primaryimage","url":"https:\/\/fabb.pl\/wp-content\/uploads\/2023\/12\/partnerzyTop.webp","contentUrl":"https:\/\/fabb.pl\/wp-content\/uploads\/2023\/12\/partnerzyTop.webp","width":970,"height":574},{"@type":"BreadcrumbList","@id":"https:\/\/fabb.pl\/es\/lugar-del-socio\/#breadcrumb","itemListElement":[{"@type":"ListItem","position":1,"name":"Strona g\u0142\u00f3wna","item":"https:\/\/fabb.pl\/es\/"},{"@type":"ListItem","position":2,"name":"LUGAR DEL SOCIO"}]},{"@type":"WebSite","@id":"https:\/\/fabb.pl\/es\/#website","url":"https:\/\/fabb.pl\/es\/","name":"Fabb","description":"","potentialAction":[{"@type":"SearchAction","target":{"@type":"EntryPoint","urlTemplate":"https:\/\/fabb.pl\/es\/?s={search_term_string}"},"query-input":{"@type":"PropertyValueSpecification","valueRequired":true,"valueName":"search_term_string"}}],"inLanguage":"es"}]}},"acf":[],"_links":{"self":[{"href":"https:\/\/fabb.pl\/es\/wp-json\/wp\/v2\/pages\/13828","targetHints":{"allow":["GET"]}}],"collection":[{"href":"https:\/\/fabb.pl\/es\/wp-json\/wp\/v2\/pages"}],"about":[{"href":"https:\/\/fabb.pl\/es\/wp-json\/wp\/v2\/types\/page"}],"author":[{"embeddable":true,"href":"https:\/\/fabb.pl\/es\/wp-json\/wp\/v2\/users\/1"}],"replies":[{"embeddable":true,"href":"https:\/\/fabb.pl\/es\/wp-json\/wp\/v2\/comments?post=13828"}],"version-history":[{"count":21,"href":"https:\/\/fabb.pl\/es\/wp-json\/wp\/v2\/pages\/13828\/revisions"}],"predecessor-version":[{"id":43152,"href":"https:\/\/fabb.pl\/es\/wp-json\/wp\/v2\/pages\/13828\/revisions\/43152"}],"wp:featuredmedia":[{"embeddable":true,"href":"https:\/\/fabb.pl\/es\/wp-json\/wp\/v2\/media\/12163"}],"wp:attachment":[{"href":"https:\/\/fabb.pl\/es\/wp-json\/wp\/v2\/media?parent=13828"}],"curies":[{"name":"wp","href":"https:\/\/api.w.org\/{rel}","templated":true}]}}