{"id":11893,"date":"2023-12-11T14:32:23","date_gmt":"2023-12-11T13:32:23","guid":{"rendered":"https:\/\/fabb.pl\/o-marce\/"},"modified":"2024-01-03T09:21:21","modified_gmt":"2024-01-03T08:21:21","slug":"quien-es-fabb","status":"publish","type":"page","link":"https:\/\/fabb.pl\/es\/quien-es-fabb\/","title":{"rendered":"Qui\u00e9n es Fabb"},"content":{"rendered":"<section class=\"page-header\"\n  >\n      <div class=\"page-header__videoWrapper\">\n      <video class=\"page-header__video\"  loop=\"true\" autoplay=\"autoplay\" playsinline muted>\n      <!-- <video class=\"page-header__video\"  loop=\"true\" muted> -->\n        <source src=\"https:\/\/fabb.pl\/wp-content\/uploads\/2023\/12\/Film-relacje-w-firmie-.mp4\" type=\"video\/mp4\">\n      <\/video>\n    <\/div>\n  \n  <div class=\"container2\">\n\n          <h1 class=\"page-header__heading\" style=\"color: #f3eee8\">\n        CREAMOS TELAS, <br \/>\r\nTEJEMOS RELACIONES\n      <\/h1>\n    \n  <\/div>\n<\/section>\n\n\n<section id=\"\" class=\"text-section alignfull\" style=\"--text-color: #c28053; --background-color: #faf8f6;\">\n  <div class=\"container2\">\n\n        <div class=\"text-section__content text-section__content--top\">\n      <p>Nuestra amplia experiencia en la importaci\u00f3n y venta de telas se ha transformado en una marca que, a trav\u00e9s de su confianza y recomendaciones, ha ganado la reputaci\u00f3n de ser un fabricante renombrado. Cada etapa de nuestra historia, desde nuestros comienzos hasta el d\u00eda de hoy, es un viaje lleno de aprendizaje y desarrollo continuo, que ha resultado en la creaci\u00f3n de una identidad de marca moderna, apreciada tanto en c\u00edrculos industriales como en peque\u00f1as empresas familiares. <\/p>\n\n    <\/div>\n  \n          <h2 class=\"text-section__heading\">\n        CON NUESTRAS TELAS<br \/>\r\nENRIQUECEMOS INTERIORES<br \/>\r\nALREDEDOR DEL MUNDO\n      <\/h2>\n    \n          <div class=\"text-section__content\">\n        <p>Nuestro equipo, con una pasi\u00f3n incansable, sigue las tendencias globales para entregar productos que no solo satisfacen las necesidades actuales del mercado, sino que a menudo las anticipan. Estamos comprometidos a ofrecer telas de calidad y est\u00e9tica incomparables, que son hermosas, duraderas y siempre en l\u00ednea con las \u00faltimas innovaciones y tendencias en dise\u00f1o de interiores.<\/p>\n\n      <\/div>\n    \n\n  <\/div>\n<\/section>\n\n\n<section id=\"\" class=\"text-image alignfull\" style=\"--text-color: #b49a7b; --hover-color: #735101; --background-color: #efe8e0;\">\n  <div class=\"container2\">\n\n        <div class=\"text-image__heading\">\n      <h2 class=\"text-image__title\">\n        JUNTOS, <br \/>\r\nCREEMOS ALGO M\u00c1S\n      <\/h2>\n            <figure class=\"text-image__image\">\n        <img decoding=\"async\" src=\"https:\/\/fabb.pl\/wp-content\/uploads\/2023\/12\/AboutMainImage.webp\">\n      <\/figure>\n          <\/div>\n    \n    <div class=\"text-image__contentWrapper\">\n            <figure class=\"text-image__vImage\">\n        <img decoding=\"async\" src=\"https:\/\/fabb.pl\/wp-content\/uploads\/2023\/12\/AboutFabric.webp\">\n      <\/figure>\n            \n\n              <div class=\"text-image__content\">\n          <p>Nuestra misi\u00f3n va mucho m\u00e1s all\u00e1 de la simple venta de productos. Nuestro enfoque profesional hacia el servicio al cliente se basa en construir relaciones c\u00e1lidas y amigables, proporcionar consejos confiables y sinceridad aut\u00e9ntica. Entendemos que la clave del \u00e9xito no solo radica en la calidad de nuestros productos, sino tambi\u00e9n en una comprensi\u00f3n profunda y apoyo de nuestros clientes.<\/p>\n<h4 class=\"highlighText\">FORMA PARTE DE NUESTRA COMUNIDAD CREEMOS VALOR Y LAZOS DURADEROS.<\/h4>\n<p>Para nosotros, cada cliente es m\u00e1s que un simple destinatario, son socios con quienes creamos conjuntamente cosas valiosas y hermosas. Creemos que a trav\u00e9s de tales relaciones, podemos crear juntos productos que ser\u00e1n aclamados y encontrar\u00e1n sus aplicaciones en todo el mundo.<\/p>\n\n\n                  <\/div>\n      \n    <\/div>\n\n\n  <\/div>\n<\/section>\n\n\n<section id=\"\" class=\"text-section text-section--points\" style=\"--text-color: #56848d; --background-color: #a9c3c9;\">\n  <div class=\"container2\">\n\n\n\n          <h2 class=\"text-section__heading\">\n        estamos aqu\u00ed <br \/>\r\npara usted&#8230;\n      <\/h2>\n    \n        <div class=\"text-section__points\">\n      <p>&#8230; apoyar sus proyectos e ideas, proporcionando telas que no solo cumplen, sino que superan las expectativas.<\/p>\n<p>&#8230; no solo como socios comerciales, sino tambi\u00e9n como compa\u00f1eros, listos para conversar con una buena taza de caf\u00e9.<br \/>\n&#8230; RESALTANDO NUESTRA RESPONSABILIDAD Y PARTICIPANDO EN INICIATIVAS ECOL\u00d3GICAS<\/p>\n\n    <\/div>\n    \n          <div class=\"text-section__content\">\n        <p>En Fabb creemos que tejer v\u00ednculos &#8211; construir relaciones fuertes y duraderas con nuestros clientes a trav\u00e9s del intercambio de conocimiento y compromiso, es clave. Por eso, con orgullo ofrecemos a nuestros clientes &#8211; desde grandes f\u00e1bricas y mayoristas hasta peque\u00f1as plantas de producci\u00f3n y empresas locales &#8211; solo materiales de la m\u00e1s alta calidad.<\/p>\n\n      <\/div>\n    \n\n  <\/div>\n<\/section>\n\n\n<section id=\"\" class=\"text-image mapAbsolute alignfull\" style=\"--text-color: #b49a7b; --hover-color: #674e31; --background-color: #fafafa;\">\n  <div class=\"container2\">\n\n        <div class=\"text-image__heading\">\n      <h2 class=\"text-image__title\">\n        Somos<br \/>\r\nglobal\n      <\/h2>\n            <figure class=\"text-image__image\">\n        <img decoding=\"async\" src=\"https:\/\/fabb.pl\/wp-content\/uploads\/2023\/12\/Bielsko_5-1.webp\">\n      <\/figure>\n          <\/div>\n    \n    <div class=\"text-image__contentWrapper\">\n            <figure class=\"text-image__vImage\">\n        <img decoding=\"async\" src=\"https:\/\/fabb.pl\/wp-content\/uploads\/2023\/12\/mapa.svg\">\n      <\/figure>\n            \n\n              <div class=\"text-image__content\">\n          <p>Sin embargo, nuestras ambiciones y competencias van m\u00e1s all\u00e1 de las fronteras de Europa. Estamos ingresando con \u00e9xito en los competitivos mercados asi\u00e1ticos, donde nuestra marca est\u00e1 ganando reconocimiento por nuestro compromiso con la calidad y la innovaci\u00f3n.<br \/>\nEn Fabb, nos enorgullecemos de poder ofrecer nuestros productos a gran escala, adapt\u00e1ndonos a las diversas necesidades y especificaciones de los mercados internacionales.<\/p>\n<h4 class=\"highlighText\">COMBINAMOS LA TRADICI\u00d3N CON LA MODERNIDAD, VALORES LOCALES CON ALCANCE GLOBAL.<\/h4>\n<p>Utilizando nuestra extensa cadena de suministro y software operativo de \u00faltima generaci\u00f3n, ofrecemos con orgullo nuestros productos de alta calidad en los din\u00e1micos mercados europeos. Nuestra presencia se extiende desde el norte hasta el sur de Europa, abarcando pa\u00edses diversos como Alemania, Lituania, Suecia, B\u00e9lgica, Espa\u00f1a, Portugal, Italia, Francia, Ruman\u00eda, Bulgaria y la Rep\u00fablica Checa.<\/p>\n\n\n                      <a href=\"https:\/\/fabb.pl\/es\/contacto\" target=\"\" class=\"text-image__button\">\n              CONOZCA A NUESTROS REPRESENTANTES\n            <\/a>\n                  <\/div>\n      \n    <\/div>\n\n\n  <\/div>\n<\/section>\n","protected":false},"excerpt":{"rendered":"","protected":false},"author":1,"featured_media":11859,"parent":0,"menu_order":0,"comment_status":"closed","ping_status":"closed","template":"","meta":{"_acf_changed":false,"inline_featured_image":false,"footnotes":""},"class_list":["post-11893","page","type-page","status-publish","has-post-thumbnail","hentry"],"yoast_head":"<!-- This site is optimized with the Yoast SEO plugin v26.7 - https:\/\/yoast.com\/wordpress\/plugins\/seo\/ -->\n<title>Qui\u00e9n es Fabb - Fabb<\/title>\n<meta name=\"description\" content=\"Nuestra amplia experiencia en la importaci\u00f3n y venta de telas se ha transformado en una marca que, a trav\u00e9s de su confianza y recomendaciones, ha ganado la reputaci\u00f3n de ser un fabricante renombrado.\" \/>\n<meta name=\"robots\" content=\"index, follow, max-snippet:-1, max-image-preview:large, max-video-preview:-1\" \/>\n<link rel=\"canonical\" href=\"https:\/\/fabb.pl\/es\/quien-es-fabb\/\" \/>\n<meta property=\"og:locale\" content=\"es_ES\" \/>\n<meta property=\"og:type\" content=\"article\" \/>\n<meta property=\"og:title\" content=\"Qui\u00e9n es Fabb - Fabb\" \/>\n<meta property=\"og:description\" content=\"Nuestra amplia experiencia en la importaci\u00f3n y venta de telas se ha transformado en una marca que, a trav\u00e9s de su confianza y recomendaciones, ha ganado la reputaci\u00f3n de ser un fabricante renombrado.\" \/>\n<meta property=\"og:url\" content=\"https:\/\/fabb.pl\/es\/quien-es-fabb\/\" \/>\n<meta property=\"og:site_name\" content=\"Fabb\" \/>\n<meta property=\"article:modified_time\" content=\"2024-01-03T08:21:21+00:00\" \/>\n<meta property=\"og:image\" content=\"https:\/\/fabb.pl\/wp-content\/uploads\/2023\/12\/AboutMainImage.webp\" \/>\n\t<meta property=\"og:image:width\" content=\"2130\" \/>\n\t<meta property=\"og:image:height\" content=\"1374\" \/>\n\t<meta property=\"og:image:type\" content=\"image\/webp\" \/>\n<meta name=\"twitter:card\" content=\"summary_large_image\" \/>\n<script type=\"application\/ld+json\" class=\"yoast-schema-graph\">{\"@context\":\"https:\/\/schema.org\",\"@graph\":[{\"@type\":\"WebPage\",\"@id\":\"https:\/\/fabb.pl\/es\/quien-es-fabb\/\",\"url\":\"https:\/\/fabb.pl\/es\/quien-es-fabb\/\",\"name\":\"Qui\u00e9n es Fabb - Fabb\",\"isPartOf\":{\"@id\":\"https:\/\/fabb.pl\/es\/#website\"},\"primaryImageOfPage\":{\"@id\":\"https:\/\/fabb.pl\/es\/quien-es-fabb\/#primaryimage\"},\"image\":{\"@id\":\"https:\/\/fabb.pl\/es\/quien-es-fabb\/#primaryimage\"},\"thumbnailUrl\":\"https:\/\/fabb.pl\/wp-content\/uploads\/2023\/12\/AboutMainImage.webp\",\"datePublished\":\"2023-12-11T13:32:23+00:00\",\"dateModified\":\"2024-01-03T08:21:21+00:00\",\"description\":\"Nuestra amplia experiencia en la importaci\u00f3n y venta de telas se ha transformado en una marca que, a trav\u00e9s de su confianza y recomendaciones, ha ganado la reputaci\u00f3n de ser un fabricante renombrado.\",\"breadcrumb\":{\"@id\":\"https:\/\/fabb.pl\/es\/quien-es-fabb\/#breadcrumb\"},\"inLanguage\":\"es\",\"potentialAction\":[{\"@type\":\"ReadAction\",\"target\":[\"https:\/\/fabb.pl\/es\/quien-es-fabb\/\"]}]},{\"@type\":\"ImageObject\",\"inLanguage\":\"es\",\"@id\":\"https:\/\/fabb.pl\/es\/quien-es-fabb\/#primaryimage\",\"url\":\"https:\/\/fabb.pl\/wp-content\/uploads\/2023\/12\/AboutMainImage.webp\",\"contentUrl\":\"https:\/\/fabb.pl\/wp-content\/uploads\/2023\/12\/AboutMainImage.webp\",\"width\":2130,\"height\":1374},{\"@type\":\"BreadcrumbList\",\"@id\":\"https:\/\/fabb.pl\/es\/quien-es-fabb\/#breadcrumb\",\"itemListElement\":[{\"@type\":\"ListItem\",\"position\":1,\"name\":\"Strona g\u0142\u00f3wna\",\"item\":\"https:\/\/fabb.pl\/es\/\"},{\"@type\":\"ListItem\",\"position\":2,\"name\":\"Qui\u00e9n es Fabb\"}]},{\"@type\":\"WebSite\",\"@id\":\"https:\/\/fabb.pl\/es\/#website\",\"url\":\"https:\/\/fabb.pl\/es\/\",\"name\":\"Fabb\",\"description\":\"\",\"potentialAction\":[{\"@type\":\"SearchAction\",\"target\":{\"@type\":\"EntryPoint\",\"urlTemplate\":\"https:\/\/fabb.pl\/es\/?s={search_term_string}\"},\"query-input\":{\"@type\":\"PropertyValueSpecification\",\"valueRequired\":true,\"valueName\":\"search_term_string\"}}],\"inLanguage\":\"es\"}]}<\/script>\n<!-- \/ Yoast SEO plugin. -->","yoast_head_json":{"title":"Qui\u00e9n es Fabb - Fabb","description":"Nuestra amplia experiencia en la importaci\u00f3n y venta de telas se ha transformado en una marca que, a trav\u00e9s de su confianza y recomendaciones, ha ganado la reputaci\u00f3n de ser un fabricante renombrado.","robots":{"index":"index","follow":"follow","max-snippet":"max-snippet:-1","max-image-preview":"max-image-preview:large","max-video-preview":"max-video-preview:-1"},"canonical":"https:\/\/fabb.pl\/es\/quien-es-fabb\/","og_locale":"es_ES","og_type":"article","og_title":"Qui\u00e9n es Fabb - Fabb","og_description":"Nuestra amplia experiencia en la importaci\u00f3n y venta de telas se ha transformado en una marca que, a trav\u00e9s de su confianza y recomendaciones, ha ganado la reputaci\u00f3n de ser un fabricante renombrado.","og_url":"https:\/\/fabb.pl\/es\/quien-es-fabb\/","og_site_name":"Fabb","article_modified_time":"2024-01-03T08:21:21+00:00","og_image":[{"width":2130,"height":1374,"url":"https:\/\/fabb.pl\/wp-content\/uploads\/2023\/12\/AboutMainImage.webp","type":"image\/webp"}],"twitter_card":"summary_large_image","schema":{"@context":"https:\/\/schema.org","@graph":[{"@type":"WebPage","@id":"https:\/\/fabb.pl\/es\/quien-es-fabb\/","url":"https:\/\/fabb.pl\/es\/quien-es-fabb\/","name":"Qui\u00e9n es Fabb - Fabb","isPartOf":{"@id":"https:\/\/fabb.pl\/es\/#website"},"primaryImageOfPage":{"@id":"https:\/\/fabb.pl\/es\/quien-es-fabb\/#primaryimage"},"image":{"@id":"https:\/\/fabb.pl\/es\/quien-es-fabb\/#primaryimage"},"thumbnailUrl":"https:\/\/fabb.pl\/wp-content\/uploads\/2023\/12\/AboutMainImage.webp","datePublished":"2023-12-11T13:32:23+00:00","dateModified":"2024-01-03T08:21:21+00:00","description":"Nuestra amplia experiencia en la importaci\u00f3n y venta de telas se ha transformado en una marca que, a trav\u00e9s de su confianza y recomendaciones, ha ganado la reputaci\u00f3n de ser un fabricante renombrado.","breadcrumb":{"@id":"https:\/\/fabb.pl\/es\/quien-es-fabb\/#breadcrumb"},"inLanguage":"es","potentialAction":[{"@type":"ReadAction","target":["https:\/\/fabb.pl\/es\/quien-es-fabb\/"]}]},{"@type":"ImageObject","inLanguage":"es","@id":"https:\/\/fabb.pl\/es\/quien-es-fabb\/#primaryimage","url":"https:\/\/fabb.pl\/wp-content\/uploads\/2023\/12\/AboutMainImage.webp","contentUrl":"https:\/\/fabb.pl\/wp-content\/uploads\/2023\/12\/AboutMainImage.webp","width":2130,"height":1374},{"@type":"BreadcrumbList","@id":"https:\/\/fabb.pl\/es\/quien-es-fabb\/#breadcrumb","itemListElement":[{"@type":"ListItem","position":1,"name":"Strona g\u0142\u00f3wna","item":"https:\/\/fabb.pl\/es\/"},{"@type":"ListItem","position":2,"name":"Qui\u00e9n es Fabb"}]},{"@type":"WebSite","@id":"https:\/\/fabb.pl\/es\/#website","url":"https:\/\/fabb.pl\/es\/","name":"Fabb","description":"","potentialAction":[{"@type":"SearchAction","target":{"@type":"EntryPoint","urlTemplate":"https:\/\/fabb.pl\/es\/?s={search_term_string}"},"query-input":{"@type":"PropertyValueSpecification","valueRequired":true,"valueName":"search_term_string"}}],"inLanguage":"es"}]}},"acf":[],"_links":{"self":[{"href":"https:\/\/fabb.pl\/es\/wp-json\/wp\/v2\/pages\/11893","targetHints":{"allow":["GET"]}}],"collection":[{"href":"https:\/\/fabb.pl\/es\/wp-json\/wp\/v2\/pages"}],"about":[{"href":"https:\/\/fabb.pl\/es\/wp-json\/wp\/v2\/types\/page"}],"author":[{"embeddable":true,"href":"https:\/\/fabb.pl\/es\/wp-json\/wp\/v2\/users\/1"}],"replies":[{"embeddable":true,"href":"https:\/\/fabb.pl\/es\/wp-json\/wp\/v2\/comments?post=11893"}],"version-history":[{"count":3,"href":"https:\/\/fabb.pl\/es\/wp-json\/wp\/v2\/pages\/11893\/revisions"}],"predecessor-version":[{"id":14163,"href":"https:\/\/fabb.pl\/es\/wp-json\/wp\/v2\/pages\/11893\/revisions\/14163"}],"wp:featuredmedia":[{"embeddable":true,"href":"https:\/\/fabb.pl\/es\/wp-json\/wp\/v2\/media\/11859"}],"wp:attachment":[{"href":"https:\/\/fabb.pl\/es\/wp-json\/wp\/v2\/media?parent=11893"}],"curies":[{"name":"wp","href":"https:\/\/api.w.org\/{rel}","templated":true}]}}