{"id":5850,"date":"2023-10-23T00:52:54","date_gmt":"2023-10-22T22:52:54","guid":{"rendered":"https:\/\/fabb.pl\/warsztat-projektanta\/"},"modified":"2024-01-03T10:30:18","modified_gmt":"2024-01-03T09:30:18","slug":"designer-werkstatt","status":"publish","type":"page","link":"https:\/\/fabb.pl\/de\/designer-werkstatt\/","title":{"rendered":"DESIGNER-WERKSTATT"},"content":{"rendered":"<section class=\"page-header\"\n  >\n      <div class=\"page-header__videoWrapper\">\n      <video class=\"page-header__video\"  loop=\"true\" autoplay=\"autoplay\" playsinline muted>\n      <!-- <video class=\"page-header__video\"  loop=\"true\" muted> -->\n        <source src=\"https:\/\/fabb.pl\/wp-content\/uploads\/2023\/10\/warsztat-projektanta_compressed.mp4\" type=\"video\/mp4\">\n      <\/video>\n    <\/div>\n  \n  <div class=\"container2\">\n\n          <h1 class=\"page-header__heading\" style=\"color: #8cc0d0\">\n        DESIGNER-WERKSTATT\n      <\/h1>\n    \n  <\/div>\n<\/section>\n\n\n<section id=\"\" class=\"text-section alignfull\" style=\"--text-color: #dc774f; --background-color: #f6f4f3;\">\n  <div class=\"container2\">\n\n    \n          <h2 class=\"text-section__heading\">\n        EINE PLATTFORM, AUF DER SIE ALLE NOTWENDIGEN MATERIALIEN FINDEN, UM IHRE PROJEKTE ZU VERWIRKLICHEN\n      <\/h2>\n    \n          <div class=\"text-section__content\">\n        <p>Kontaktieren Sie uns einfach, um Zugang zu der Plattform zu erhalten, auf der Sie eine breite Palette von au\u00dfergew\u00f6hnlichen M\u00f6belmodellen finden, zusammen mit verf\u00fcgbaren Stofftexturen von fabb, die leicht in Ihre eigenen Designprogramme importiert werden k\u00f6nnen. Aber das ist noch nicht alles \u2013 wenn Ihnen die M\u00f6bel gefallen, k\u00f6nnen Sie diese direkt bei uns bestellen. Unser Angebot basiert auf den besten M\u00f6beldesigns von renommierten polnischen Herstellern.<\/p>\n<p><a href=\"#login\" class=\"not-logged-only\">MELDEN SIE SICH IN IHREM KONTO AN<\/a><\/p>\n<p><a href=\"#formularz\" class=\"not-logged-only\">KONTAKTIEREN SIE UNS, UM ZUGANG ZUR PLATTFORM ZU ERHALTEN<\/a><\/p>\n\n      <\/div>\n    \n\n  <\/div>\n<\/section>\n\n\n<section class=\"icon-section\">\n  <div class=\"container2\">\n          <h2 class=\"icon-section__heading\">\n        F\u00dcGEN SIE IHREM PROJEKT M\u00d6BEL HINZU, DIE MIT FABB-STOFF BEZOGEN SIND\n      <\/h2>\n    \n          <img decoding=\"async\" class=\"icon-section__image\" src=\"https:\/\/fabb.pl\/wp-content\/uploads\/2023\/10\/fot.01.jpg\" alt=\"\">\n    \n          <div class=\"icon-section__icons\">\n                  <div class=\"icon-section__icon\">\n                          <img decoding=\"async\" class=\"icon-section__icon-image\" src=\"https:\/\/fabb.pl\/wp-content\/uploads\/2023\/12\/krzesla-de.svg\" alt=\"\">\n                      <\/div>\n                  <div class=\"icon-section__icon\">\n                          <img decoding=\"async\" class=\"icon-section__icon-image\" src=\"https:\/\/fabb.pl\/wp-content\/uploads\/2023\/12\/lozka-de.svg\" alt=\"\">\n                      <\/div>\n                  <div class=\"icon-section__icon\">\n                          <img decoding=\"async\" class=\"icon-section__icon-image\" src=\"https:\/\/fabb.pl\/wp-content\/uploads\/2023\/12\/narozniki-de.svg\" alt=\"\">\n                      <\/div>\n                  <div class=\"icon-section__icon\">\n                          <img decoding=\"async\" class=\"icon-section__icon-image\" src=\"https:\/\/fabb.pl\/wp-content\/uploads\/2023\/12\/sofy-de.svg\" alt=\"\">\n                      <\/div>\n              <\/div>\n    \n          <a class=\"button button__primary\" href=\"https:\/\/fabb.pl\/de\/mobelkatalog-fur-designer\"\n              >\n        M\u00d6BELKATALOG\n      <\/a>\n    \n  <\/div>\n<\/section>\n\n\n<section class=\"focus-image\">\n\n    <div class=\"container2\">\n      <h2 class=\"focus-image__heading\">\n        Einzigartiger Charakter von Innenr\u00e4umen dank Fabb-Stoff\n      <\/h2>\n\n              <div class=\"focus-image__points\">\n          <div class=\"swiper\">\n            <div class=\"swiper-wrapper\">\n\n              \n                                                    <div class=\"swiper-slide\">\n                    <div class=\"focus-image__point-slide\">\n                      <img decoding=\"async\" src=\"https:\/\/fabb.pl\/wp-content\/uploads\/2024\/01\/Wnetrze-1-scaled.webp\" alt=\"\">\n\n                \n                \n\n                      <div class=\"focus-image__point\" style=\"top:47.02%; left:71.7%;\">\n                        <svg viewBox=\"0 0 30 30\" fill=\"none\" xmlns=\"http:\/\/www.w3.org\/2000\/svg\">\n                          <circle cx=\"14.8042\" cy=\"14.5214\" r=\"14.5\" fill=\"#262626\" fill-opacity=\"0.4\"\/>\n                          <circle cx=\"14.8044\" cy=\"14.5214\" r=\"6.04167\" fill=\"white\"\/>\n                        <\/svg>\n\n                                                  <a class=\"focus-image__point-info focus-image__point-link\" href=\"https:\/\/fabb.pl\/de\/stoffkatalog\/rago\/\">\n                                                          <h3>Rago 79<\/h3>\n                                                                                  <\/a>\n                                              <\/div>\n\n                    \n              \n                \n                \n\n                      <div class=\"focus-image__point\" style=\"top:67.91%; left:71.11%;\">\n                        <svg viewBox=\"0 0 30 30\" fill=\"none\" xmlns=\"http:\/\/www.w3.org\/2000\/svg\">\n                          <circle cx=\"14.8042\" cy=\"14.5214\" r=\"14.5\" fill=\"#262626\" fill-opacity=\"0.4\"\/>\n                          <circle cx=\"14.8044\" cy=\"14.5214\" r=\"6.04167\" fill=\"white\"\/>\n                        <\/svg>\n\n                                                  <a class=\"focus-image__point-info focus-image__point-link\" href=\"https:\/\/fabb.pl\/de\/stoffkatalog\/rago\/\">\n                                                          <h3>Rago 59<\/h3>\n                                                                                  <\/a>\n                                              <\/div>\n\n                    \n              \n                \n                \n\n                      <div class=\"focus-image__point\" style=\"top:70.52%; left:22.04%;\">\n                        <svg viewBox=\"0 0 30 30\" fill=\"none\" xmlns=\"http:\/\/www.w3.org\/2000\/svg\">\n                          <circle cx=\"14.8042\" cy=\"14.5214\" r=\"14.5\" fill=\"#262626\" fill-opacity=\"0.4\"\/>\n                          <circle cx=\"14.8044\" cy=\"14.5214\" r=\"6.04167\" fill=\"white\"\/>\n                        <\/svg>\n\n                                                  <a class=\"focus-image__point-info focus-image__point-link\" href=\"https:\/\/fabb.pl\/de\/stoffkatalog\/nolio\/\">\n                                                          <h3>Nolio 24<\/h3>\n                                                                                  <\/a>\n                                              <\/div>\n\n                    \n              \n                \n                \n\n                      <div class=\"focus-image__point\" style=\"top:67.91%; left:26.15%;\">\n                        <svg viewBox=\"0 0 30 30\" fill=\"none\" xmlns=\"http:\/\/www.w3.org\/2000\/svg\">\n                          <circle cx=\"14.8042\" cy=\"14.5214\" r=\"14.5\" fill=\"#262626\" fill-opacity=\"0.4\"\/>\n                          <circle cx=\"14.8044\" cy=\"14.5214\" r=\"6.04167\" fill=\"white\"\/>\n                        <\/svg>\n\n                                                  <a class=\"focus-image__point-info focus-image__point-link\" href=\"https:\/\/fabb.pl\/de\/stoffkatalog\/voss\/\">\n                                                          <h3>Voss 18<\/h3>\n                                                                                  <\/a>\n                                              <\/div>\n\n                    \n              \n                \n                \n\n                      <div class=\"focus-image__point\" style=\"top:68.49%; left:32.05%;\">\n                        <svg viewBox=\"0 0 30 30\" fill=\"none\" xmlns=\"http:\/\/www.w3.org\/2000\/svg\">\n                          <circle cx=\"14.8042\" cy=\"14.5214\" r=\"14.5\" fill=\"#262626\" fill-opacity=\"0.4\"\/>\n                          <circle cx=\"14.8044\" cy=\"14.5214\" r=\"6.04167\" fill=\"white\"\/>\n                        <\/svg>\n\n                                                  <a class=\"focus-image__point-info focus-image__point-link\" href=\"https:\/\/fabb.pl\/de\/stoffkatalog\/hyper\/\">\n                                                          <h3>Hyper 23<\/h3>\n                                                                                  <\/a>\n                                              <\/div>\n\n                    \n              \n                \n                \n\n                      <div class=\"focus-image__point\" style=\"top:35.03%; left:62.34%;\">\n                        <svg viewBox=\"0 0 30 30\" fill=\"none\" xmlns=\"http:\/\/www.w3.org\/2000\/svg\">\n                          <circle cx=\"14.8042\" cy=\"14.5214\" r=\"14.5\" fill=\"#262626\" fill-opacity=\"0.4\"\/>\n                          <circle cx=\"14.8044\" cy=\"14.5214\" r=\"6.04167\" fill=\"white\"\/>\n                        <\/svg>\n\n                                                  <a class=\"focus-image__point-info focus-image__point-link\" href=\"https:\/\/fabb.pl\/de\/stoffkatalog\/bluvel\/\">\n                                                          <h3>Bluvel 22<\/h3>\n                                                                                  <\/a>\n                                              <\/div>\n\n                    \n              \n                \n                \n\n                      <div class=\"focus-image__point\" style=\"top:40.78%; left:56.76%;\">\n                        <svg viewBox=\"0 0 30 30\" fill=\"none\" xmlns=\"http:\/\/www.w3.org\/2000\/svg\">\n                          <circle cx=\"14.8042\" cy=\"14.5214\" r=\"14.5\" fill=\"#262626\" fill-opacity=\"0.4\"\/>\n                          <circle cx=\"14.8044\" cy=\"14.5214\" r=\"6.04167\" fill=\"white\"\/>\n                        <\/svg>\n\n                                                  <a class=\"focus-image__point-info focus-image__point-link\" href=\"https:\/\/fabb.pl\/de\/stoffkatalog\/bluvel\/\">\n                                                          <h3>Bluvel 28<\/h3>\n                                                                                  <\/a>\n                                              <\/div>\n\n                                            <\/div>\n                      <\/div>\n                    \n                          <\/div>\n\n            \n          <\/div>\n        <\/div>\n      \n    <\/div>\n  <\/section>\n\n\n\n<section class=\"materials-section\">\n    <img decoding=\"async\" class=\"materials-section__image\" src=\"https:\/\/fabb.pl\/wp-content\/uploads\/2023\/10\/materialy2.svg\" alt=\"\">\n  \n  <div class=\"container2\">\n\n          <h2 class=\"materials-section__heading\">\n        LADEN SIE DIE NOTWENDIGEN <br \/>\r\nMATERIALIEN HERUNTER UND <br \/>\r\nERSTELLEN SIE IHR M\u00d6BELDESIGN\n      <\/h2>\n    \n          <a class=\"button button__primary\" href=\"DATEIEN HERUNTERLADEN\"\n              >\n        DATEIEN HERUNTERLADEN\n      <\/a>\n      <\/div>\n<\/section>\n\n\n<section class=\"form-section\"\n    style=\"--text-color: #ce9c8f; --background-color: #eee8e6;\">\n  <div class=\"container2\">\n\n          <h2 class=\"form-section__heading\">\n        TRETEN SIE DER GEMEINSCHAFT VON DESIGNERN, ARCHITEKTEN UND INNENEINRICHTERN BEI\n      <\/h2>\n    \n    \n      <div class=\"form-section__form\">\n\n        <p class=\"wpcf7-contact-form-not-found\"><strong>Fehler:<\/strong> Kontaktformular wurde nicht gefunden.<\/p>\n      <\/div>\n    \n  <\/div>\n<\/section>\n","protected":false},"excerpt":{"rendered":"","protected":false},"author":2,"featured_media":9950,"parent":0,"menu_order":0,"comment_status":"closed","ping_status":"closed","template":"","meta":{"_acf_changed":false,"inline_featured_image":false,"footnotes":""},"class_list":["post-5850","page","type-page","status-publish","has-post-thumbnail","hentry"],"yoast_head":"<!-- This site is optimized with the Yoast SEO plugin v26.7 - https:\/\/yoast.com\/wordpress\/plugins\/seo\/ -->\n<title>DESIGNER-WERKSTATT | fabb<\/title>\n<meta name=\"description\" content=\"Auf dieser Plattform finden Sie alle Materialien, die Sie f\u00fcr Ihre M\u00f6belprojekte ben\u00f6tigen. Herunterladen, gestalten und bewundern - nur zu!\" \/>\n<meta name=\"robots\" content=\"index, follow, max-snippet:-1, max-image-preview:large, max-video-preview:-1\" \/>\n<link rel=\"canonical\" href=\"https:\/\/fabb.pl\/de\/designer-werkstatt\/\" \/>\n<meta property=\"og:locale\" content=\"de_DE\" \/>\n<meta property=\"og:type\" content=\"article\" \/>\n<meta property=\"og:title\" content=\"DESIGNER-WERKSTATT | fabb\" \/>\n<meta property=\"og:description\" content=\"Auf dieser Plattform finden Sie alle Materialien, die Sie f\u00fcr Ihre M\u00f6belprojekte ben\u00f6tigen. Herunterladen, gestalten und bewundern - nur zu!\" \/>\n<meta property=\"og:url\" content=\"https:\/\/fabb.pl\/de\/designer-werkstatt\/\" \/>\n<meta property=\"og:site_name\" content=\"Fabb\" \/>\n<meta property=\"article:modified_time\" content=\"2024-01-03T09:30:18+00:00\" \/>\n<meta property=\"og:image\" content=\"https:\/\/fabb.pl\/wp-content\/uploads\/2023\/10\/inspiracje.jpg\" \/>\n\t<meta property=\"og:image:width\" content=\"1920\" \/>\n\t<meta property=\"og:image:height\" content=\"1017\" \/>\n\t<meta property=\"og:image:type\" content=\"image\/jpeg\" \/>\n<meta name=\"twitter:card\" content=\"summary_large_image\" \/>\n<script type=\"application\/ld+json\" class=\"yoast-schema-graph\">{\"@context\":\"https:\/\/schema.org\",\"@graph\":[{\"@type\":\"WebPage\",\"@id\":\"https:\/\/fabb.pl\/de\/designer-werkstatt\/\",\"url\":\"https:\/\/fabb.pl\/de\/designer-werkstatt\/\",\"name\":\"DESIGNER-WERKSTATT | fabb\",\"isPartOf\":{\"@id\":\"https:\/\/fabb.pl\/de\/#website\"},\"primaryImageOfPage\":{\"@id\":\"https:\/\/fabb.pl\/de\/designer-werkstatt\/#primaryimage\"},\"image\":{\"@id\":\"https:\/\/fabb.pl\/de\/designer-werkstatt\/#primaryimage\"},\"thumbnailUrl\":\"https:\/\/fabb.pl\/wp-content\/uploads\/2023\/10\/inspiracje.jpg\",\"datePublished\":\"2023-10-22T22:52:54+00:00\",\"dateModified\":\"2024-01-03T09:30:18+00:00\",\"description\":\"Auf dieser Plattform finden Sie alle Materialien, die Sie f\u00fcr Ihre M\u00f6belprojekte ben\u00f6tigen. Herunterladen, gestalten und bewundern - nur zu!\",\"breadcrumb\":{\"@id\":\"https:\/\/fabb.pl\/de\/designer-werkstatt\/#breadcrumb\"},\"inLanguage\":\"de\",\"potentialAction\":[{\"@type\":\"ReadAction\",\"target\":[\"https:\/\/fabb.pl\/de\/designer-werkstatt\/\"]}]},{\"@type\":\"ImageObject\",\"inLanguage\":\"de\",\"@id\":\"https:\/\/fabb.pl\/de\/designer-werkstatt\/#primaryimage\",\"url\":\"https:\/\/fabb.pl\/wp-content\/uploads\/2023\/10\/inspiracje.jpg\",\"contentUrl\":\"https:\/\/fabb.pl\/wp-content\/uploads\/2023\/10\/inspiracje.jpg\",\"width\":1920,\"height\":1017},{\"@type\":\"BreadcrumbList\",\"@id\":\"https:\/\/fabb.pl\/de\/designer-werkstatt\/#breadcrumb\",\"itemListElement\":[{\"@type\":\"ListItem\",\"position\":1,\"name\":\"Strona g\u0142\u00f3wna\",\"item\":\"https:\/\/fabb.pl\/de\/\"},{\"@type\":\"ListItem\",\"position\":2,\"name\":\"DESIGNER-WERKSTATT\"}]},{\"@type\":\"WebSite\",\"@id\":\"https:\/\/fabb.pl\/de\/#website\",\"url\":\"https:\/\/fabb.pl\/de\/\",\"name\":\"Fabb\",\"description\":\"\",\"potentialAction\":[{\"@type\":\"SearchAction\",\"target\":{\"@type\":\"EntryPoint\",\"urlTemplate\":\"https:\/\/fabb.pl\/de\/?s={search_term_string}\"},\"query-input\":{\"@type\":\"PropertyValueSpecification\",\"valueRequired\":true,\"valueName\":\"search_term_string\"}}],\"inLanguage\":\"de\"}]}<\/script>\n<!-- \/ Yoast SEO plugin. -->","yoast_head_json":{"title":"DESIGNER-WERKSTATT | fabb","description":"Auf dieser Plattform finden Sie alle Materialien, die Sie f\u00fcr Ihre M\u00f6belprojekte ben\u00f6tigen. Herunterladen, gestalten und bewundern - nur zu!","robots":{"index":"index","follow":"follow","max-snippet":"max-snippet:-1","max-image-preview":"max-image-preview:large","max-video-preview":"max-video-preview:-1"},"canonical":"https:\/\/fabb.pl\/de\/designer-werkstatt\/","og_locale":"de_DE","og_type":"article","og_title":"DESIGNER-WERKSTATT | fabb","og_description":"Auf dieser Plattform finden Sie alle Materialien, die Sie f\u00fcr Ihre M\u00f6belprojekte ben\u00f6tigen. Herunterladen, gestalten und bewundern - nur zu!","og_url":"https:\/\/fabb.pl\/de\/designer-werkstatt\/","og_site_name":"Fabb","article_modified_time":"2024-01-03T09:30:18+00:00","og_image":[{"width":1920,"height":1017,"url":"https:\/\/fabb.pl\/wp-content\/uploads\/2023\/10\/inspiracje.jpg","type":"image\/jpeg"}],"twitter_card":"summary_large_image","schema":{"@context":"https:\/\/schema.org","@graph":[{"@type":"WebPage","@id":"https:\/\/fabb.pl\/de\/designer-werkstatt\/","url":"https:\/\/fabb.pl\/de\/designer-werkstatt\/","name":"DESIGNER-WERKSTATT | fabb","isPartOf":{"@id":"https:\/\/fabb.pl\/de\/#website"},"primaryImageOfPage":{"@id":"https:\/\/fabb.pl\/de\/designer-werkstatt\/#primaryimage"},"image":{"@id":"https:\/\/fabb.pl\/de\/designer-werkstatt\/#primaryimage"},"thumbnailUrl":"https:\/\/fabb.pl\/wp-content\/uploads\/2023\/10\/inspiracje.jpg","datePublished":"2023-10-22T22:52:54+00:00","dateModified":"2024-01-03T09:30:18+00:00","description":"Auf dieser Plattform finden Sie alle Materialien, die Sie f\u00fcr Ihre M\u00f6belprojekte ben\u00f6tigen. Herunterladen, gestalten und bewundern - nur zu!","breadcrumb":{"@id":"https:\/\/fabb.pl\/de\/designer-werkstatt\/#breadcrumb"},"inLanguage":"de","potentialAction":[{"@type":"ReadAction","target":["https:\/\/fabb.pl\/de\/designer-werkstatt\/"]}]},{"@type":"ImageObject","inLanguage":"de","@id":"https:\/\/fabb.pl\/de\/designer-werkstatt\/#primaryimage","url":"https:\/\/fabb.pl\/wp-content\/uploads\/2023\/10\/inspiracje.jpg","contentUrl":"https:\/\/fabb.pl\/wp-content\/uploads\/2023\/10\/inspiracje.jpg","width":1920,"height":1017},{"@type":"BreadcrumbList","@id":"https:\/\/fabb.pl\/de\/designer-werkstatt\/#breadcrumb","itemListElement":[{"@type":"ListItem","position":1,"name":"Strona g\u0142\u00f3wna","item":"https:\/\/fabb.pl\/de\/"},{"@type":"ListItem","position":2,"name":"DESIGNER-WERKSTATT"}]},{"@type":"WebSite","@id":"https:\/\/fabb.pl\/de\/#website","url":"https:\/\/fabb.pl\/de\/","name":"Fabb","description":"","potentialAction":[{"@type":"SearchAction","target":{"@type":"EntryPoint","urlTemplate":"https:\/\/fabb.pl\/de\/?s={search_term_string}"},"query-input":{"@type":"PropertyValueSpecification","valueRequired":true,"valueName":"search_term_string"}}],"inLanguage":"de"}]}},"acf":[],"_links":{"self":[{"href":"https:\/\/fabb.pl\/de\/wp-json\/wp\/v2\/pages\/5850","targetHints":{"allow":["GET"]}}],"collection":[{"href":"https:\/\/fabb.pl\/de\/wp-json\/wp\/v2\/pages"}],"about":[{"href":"https:\/\/fabb.pl\/de\/wp-json\/wp\/v2\/types\/page"}],"author":[{"embeddable":true,"href":"https:\/\/fabb.pl\/de\/wp-json\/wp\/v2\/users\/2"}],"replies":[{"embeddable":true,"href":"https:\/\/fabb.pl\/de\/wp-json\/wp\/v2\/comments?post=5850"}],"version-history":[{"count":14,"href":"https:\/\/fabb.pl\/de\/wp-json\/wp\/v2\/pages\/5850\/revisions"}],"predecessor-version":[{"id":14515,"href":"https:\/\/fabb.pl\/de\/wp-json\/wp\/v2\/pages\/5850\/revisions\/14515"}],"wp:featuredmedia":[{"embeddable":true,"href":"https:\/\/fabb.pl\/de\/wp-json\/wp\/v2\/media\/9950"}],"wp:attachment":[{"href":"https:\/\/fabb.pl\/de\/wp-json\/wp\/v2\/media?parent=5850"}],"curies":[{"name":"wp","href":"https:\/\/api.w.org\/{rel}","templated":true}]}}