{"id":13827,"date":"2023-12-19T11:13:50","date_gmt":"2023-12-19T10:13:50","guid":{"rendered":"https:\/\/fabb.pl\/dla-partnera\/"},"modified":"2026-02-03T22:30:04","modified_gmt":"2026-02-03T21:30:04","slug":"partnerplatz","status":"publish","type":"page","link":"https:\/\/fabb.pl\/de\/partnerplatz\/","title":{"rendered":"PARTNERPLATZ"},"content":{"rendered":"<section class=\"page-header-small\" style=\"--text-color: #ba633d; --background-color: #efe9e3;\">\n\n  <div class=\"container2\">\n\n          <div class=\"page-header-small__content\">\n        <h1 class=\"page-header-small__heading\" style=\"color: #ba633d\">\n          GUTE BEZIEHUNGEN <br \/>\r\nBEIM GENIESSEN <br \/>\r\nVON HERRLICHEM KAFFEE KN\u00dcPFEN\n        <\/h1>\n\n                  <img decoding=\"async\" class=\"page-header-small__image\" src=\"https:\/\/fabb.pl\/wp-content\/uploads\/2023\/12\/partnerzyTop.webp\" alt=\"\">\n        \n      <\/div>\n    \n  <\/div>\n<\/section>\n\n\n<section id=\"\" class=\"text-image heading-left alignfull\" style=\"--text-color: #213b53; --hover-color: #66728e; --background-color: #efe9e3;\">\n  <div class=\"container2\">\n\n        <div class=\"text-image__heading\">\n      <h2 class=\"text-image__title\">\n        Die Zusammenarbeit mit uns <br \/>\r\ngarantiert reines <br \/>\r\nVergn\u00fcgen.\n      <\/h2>\n          <\/div>\n    \n    <div class=\"text-image__contentWrapper\">\n                    <div class=\"text-image__videoWrapper\">\n          <video class=\"video\" height=\"100%\" loop=\"true\" autoplay=\"autoplay\"  muted playsinline>\n            <source src=\"https:\/\/fabb.pl\/wp-content\/uploads\/2023\/12\/wpolpraca.mp4\" type=\"video\/mp4\">\n          <\/video>\n        <\/div>\n      \n\n              <div class=\"text-image__content\">\n          <p> Wir bieten eine umfangreiche Auswahl an hochwertigen Polsterstoffen, die mit prestigetr\u00e4chtigen Zertifikaten und Auszeichnungen pr\u00e4miert wurden. Unser gesamtes Produktsortiment ist st\u00e4ndig verf\u00fcgbar, was Zuverl\u00e4ssigkeit und kontinuierliche Lieferungen gew\u00e4hrleistet. Unser modernes Betriebssystem und unser qualifiziertes Team garantieren h\u00f6chste Aufsicht \u00fcber den gesamten Prozess.<\/p>\n<h4 class=\"highlighText\">Wir zeichnen uns durch Flexibilit\u00e4t aus, die es uns erm\u00f6glicht, jeden Gesch\u00e4ftspartner auf einzigartige Weise zu behandeln.<\/h4>\n<p>Unabh\u00e4ngig davon, ob Sie eine gro\u00dfe Firma, ein mittelst\u00e4ndisches Unternehmen, einen Stoffgro\u00dfh\u00e4ndler oder eine M\u00f6belfabrik vertreten, bieten wir ma\u00dfgeschneiderte Dienstleistungen an. Wir gew\u00e4hrleisten, dass jeder Handelskonditionen erh\u00e4lt, die seinen Erwartungen und M\u00f6glichkeiten entsprechen, was unsere Hingabe zur Kundenzufriedenheit widerspiegelt.<\/p>\n\n\n                      <a href=\"https:\/\/fabb.pl\/de\/tkaniny\/\" target=\"\" class=\"text-image__button\">\n              SEHEN SIE UNSERE STOFFE\n            <\/a>\n                  <\/div>\n      \n    <\/div>\n\n\n  <\/div>\n<\/section>\n\n\n<section id=\"\" class=\"text-image mapBackground text-left heading-left alignfull\" style=\"--text-color: #f9f4ef; --hover-color: #a54217; --background-color: #ba633d;\">\n  <div class=\"container2\">\n\n        <div class=\"text-image__heading\">\n      <h2 class=\"text-image__title\">\n        Logistikzentrum <br \/>\r\nim Herzen des polnischen <br \/>\r\nZentrums der Polsterfirmen.\n      <\/h2>\n            <figure class=\"text-image__image\">\n        <img decoding=\"async\" src=\"https:\/\/fabb.pl\/wp-content\/uploads\/2023\/12\/mapa-1.svg\">\n      <\/figure>\n          <\/div>\n    \n    <div class=\"text-image__contentWrapper\">\n            \n\n              <div class=\"text-image__content\">\n          <p>Dies gew\u00e4hrleistet eine optimale Auftragserf\u00fcllung. Seine N\u00e4he zur westlichen Grenze des Landes erm\u00f6glicht eine effiziente Verteilung an unsere Partner in ganz Europa und dar\u00fcber hinaus. Wir verf\u00fcgen \u00fcber eine eigene Transportflotte, die schnelle und effiziente Lieferungen erm\u00f6glicht. <\/p>\n<p>Unsere Stoffe werden in einem technologisch fortschrittlichen Hochregallager gelagert, das eine Fl\u00e4che von \u00fcber 3.500 m\u00b2 umfasst. Ein innovatives Betriebssystem garantiert uns blitzschnelle und pr\u00e4zise Auftragsabwicklung, was unsere Priorit\u00e4t ist und unser Engagement f\u00fcr Kundenzufriedenheit best\u00e4tigt.<\/p>\n\n\n                  <\/div>\n      \n    <\/div>\n\n\n  <\/div>\n<\/section>\n\n\n<section id=\"\" class=\"text-gallery\" style=\"--text-color: #f9f4ef; --hover-color: #5f809f; --background-color: #213b53;\">\n  <div class=\"container2\">\n\n          <h2 class=\"text-gallery__heading\">\n        MARKETINGABTEILUNG <br \/>\r\nIMMER ZUR HAND\n      <\/h2>\n    \n          <div class=\"text-gallery__content\">\n        <p>Wir verstehen voll und ganz die Bedeutung von Marketingunterst\u00fctzung f\u00fcr den Gesch\u00e4ftserfolg. Wir versichern Ihnen, dass Sie auf unser vollst\u00e4ndiges Engagement in allen Aspekten der F\u00f6rderung z\u00e4hlen k\u00f6nnen. Unser Team von Spezialisten hat eine reichhaltige Auswahl an einzigartigen Marketingmaterialien vorbereitet, die f\u00fcr kooperierende Unternehmen zur Verf\u00fcgung stehen. Dar\u00fcber hinaus ist die professionelle Unterst\u00fctzung unserer Marketingabteilung immer zur Hand, um Kommunikations- und Gesch\u00e4ftsziele zu erreichen.<\/p>\n\n\n                  <div class=\"text-gallery__button\">\n            <a href=\"https:\/\/fabb.pl\/de\/dateien-herunterladen\/\"\n            class=\"button button__primary\">\n              MARKETINGMATERIALIEN ZUM DOWNLOAD VERF\u00dcGBAR\n            <\/a>\n          <\/div>\n              <\/div>\n\n\n    \n  <\/div>\n\n      <div class=\"text-gallery__gallery\">\n              <figure class=\"singleImage\">\n          <img decoding=\"async\" class=\"image\" src=\"https:\/\/fabb.pl\/wp-content\/uploads\/2023\/12\/Rectangle-4.webp\">\n        <\/figure>\n              <figure class=\"singleImage\">\n          <img decoding=\"async\" class=\"image\" src=\"https:\/\/fabb.pl\/wp-content\/uploads\/2023\/12\/Rectangle-3.webp\">\n        <\/figure>\n              <figure class=\"singleImage\">\n          <img decoding=\"async\" class=\"image\" src=\"https:\/\/fabb.pl\/wp-content\/uploads\/2023\/12\/Rectangle-6.webp\">\n        <\/figure>\n              <figure class=\"singleImage\">\n          <img decoding=\"async\" class=\"image\" src=\"https:\/\/fabb.pl\/wp-content\/uploads\/2023\/12\/Rectangle-5.webp\">\n        <\/figure>\n          <\/div>\n  <\/section>\n\n\n<section id=\"\" class=\"text-section heading-center alignfull\" style=\"--text-color: #ba633d; --background-color: #fafafa;\">\n  <div class=\"container2\">\n\n    \n          <h2 class=\"text-section__heading\">\n        UNSERE STOFFE KOMMEN MIT <br \/>\r\n6 JAHREN GARANTIE\n      <\/h2>\n    \n          <div class=\"text-section__content\">\n        <p>Wir bieten Ihnen voller Zuversicht eine Garantie auf unsere Produkte an. Jedes bei uns gekaufte Material kommt mit einer sechsj\u00e4hrigen Garantie, was unser Vertrauen in ihre Zuverl\u00e4ssigkeit und Haltbarkeit widerspiegelt. Wir hoffen, dass dieses Engagement ein klares Signal daf\u00fcr ist, dass die Stoffe, die wir liefern, das h\u00f6chste Qualit\u00e4tsniveau auf dem Markt repr\u00e4sentieren.<\/p>\n<p><a href=\"https:\/\/fabb.pl\/wp-content\/uploads\/2026\/01\/Fabb_warranty_card_EN_2026.pdf\">BESCHWERDERICHTLINIE<\/a><\/p>\n\n      <\/div>\n    \n\n  <\/div>\n<\/section>\n\n\n<section class=\"form-section\"\n    style=\"--text-color: #213b53; --background-color: #efe9e3;\">\n  <div class=\"container2\">\n\n          <h2 class=\"form-section__heading\">\n        Werden Sie Mitglied bei<br \/>\r\nunsere Vertriebspartner <br \/>\r\n\n      <\/h2>\n    \n    \n      <div class=\"form-section__form\">\n\n        <p class=\"wpcf7-contact-form-not-found\"><strong>Fehler:<\/strong> Kontaktformular wurde nicht gefunden.<\/p>\n      <\/div>\n    \n  <\/div>\n<\/section>\n","protected":false},"excerpt":{"rendered":"","protected":false},"author":1,"featured_media":12162,"parent":0,"menu_order":0,"comment_status":"closed","ping_status":"closed","template":"","meta":{"_acf_changed":false,"inline_featured_image":false,"footnotes":""},"class_list":["post-13827","page","type-page","status-publish","has-post-thumbnail","hentry"],"yoast_head":"<!-- This site is optimized with the Yoast SEO plugin v26.7 - https:\/\/yoast.com\/wordpress\/plugins\/seo\/ -->\n<title>PARTNERPLATZ - Fabb<\/title>\n<meta name=\"description\" content=\"Unabh\u00e4ngig davon, ob Sie eine gro\u00dfe Firma, ein mittelst\u00e4ndisches Unternehmen, einen Stoffgro\u00dfh\u00e4ndler oder eine M\u00f6belfabrik vertreten, bieten wir ma\u00dfgeschneiderte Dienstleistungen an.\" \/>\n<meta name=\"robots\" content=\"index, follow, max-snippet:-1, max-image-preview:large, max-video-preview:-1\" \/>\n<link rel=\"canonical\" href=\"https:\/\/fabb.pl\/de\/partnerplatz\/\" \/>\n<meta property=\"og:locale\" content=\"de_DE\" \/>\n<meta property=\"og:type\" content=\"article\" \/>\n<meta property=\"og:title\" content=\"PARTNERPLATZ - Fabb\" \/>\n<meta property=\"og:description\" content=\"Unabh\u00e4ngig davon, ob Sie eine gro\u00dfe Firma, ein mittelst\u00e4ndisches Unternehmen, einen Stoffgro\u00dfh\u00e4ndler oder eine M\u00f6belfabrik vertreten, bieten wir ma\u00dfgeschneiderte Dienstleistungen an.\" \/>\n<meta property=\"og:url\" content=\"https:\/\/fabb.pl\/de\/partnerplatz\/\" \/>\n<meta property=\"og:site_name\" content=\"Fabb\" \/>\n<meta property=\"article:modified_time\" content=\"2026-02-03T21:30:04+00:00\" \/>\n<meta property=\"og:image\" content=\"https:\/\/fabb.pl\/wp-content\/uploads\/2023\/12\/partnerzyTop.webp\" \/>\n\t<meta property=\"og:image:width\" content=\"970\" \/>\n\t<meta property=\"og:image:height\" content=\"574\" \/>\n\t<meta property=\"og:image:type\" content=\"image\/webp\" \/>\n<meta name=\"twitter:card\" content=\"summary_large_image\" \/>\n<meta name=\"twitter:label1\" content=\"Gesch\u00e4tzte Lesezeit\" \/>\n\t<meta name=\"twitter:data1\" content=\"1\u00a0Minute\" \/>\n<script type=\"application\/ld+json\" class=\"yoast-schema-graph\">{\"@context\":\"https:\/\/schema.org\",\"@graph\":[{\"@type\":\"WebPage\",\"@id\":\"https:\/\/fabb.pl\/de\/partnerplatz\/\",\"url\":\"https:\/\/fabb.pl\/de\/partnerplatz\/\",\"name\":\"PARTNERPLATZ - Fabb\",\"isPartOf\":{\"@id\":\"https:\/\/fabb.pl\/de\/#website\"},\"primaryImageOfPage\":{\"@id\":\"https:\/\/fabb.pl\/de\/partnerplatz\/#primaryimage\"},\"image\":{\"@id\":\"https:\/\/fabb.pl\/de\/partnerplatz\/#primaryimage\"},\"thumbnailUrl\":\"https:\/\/fabb.pl\/wp-content\/uploads\/2023\/12\/partnerzyTop.webp\",\"datePublished\":\"2023-12-19T10:13:50+00:00\",\"dateModified\":\"2026-02-03T21:30:04+00:00\",\"description\":\"Unabh\u00e4ngig davon, ob Sie eine gro\u00dfe Firma, ein mittelst\u00e4ndisches Unternehmen, einen Stoffgro\u00dfh\u00e4ndler oder eine M\u00f6belfabrik vertreten, bieten wir ma\u00dfgeschneiderte Dienstleistungen an.\",\"breadcrumb\":{\"@id\":\"https:\/\/fabb.pl\/de\/partnerplatz\/#breadcrumb\"},\"inLanguage\":\"de\",\"potentialAction\":[{\"@type\":\"ReadAction\",\"target\":[\"https:\/\/fabb.pl\/de\/partnerplatz\/\"]}]},{\"@type\":\"ImageObject\",\"inLanguage\":\"de\",\"@id\":\"https:\/\/fabb.pl\/de\/partnerplatz\/#primaryimage\",\"url\":\"https:\/\/fabb.pl\/wp-content\/uploads\/2023\/12\/partnerzyTop.webp\",\"contentUrl\":\"https:\/\/fabb.pl\/wp-content\/uploads\/2023\/12\/partnerzyTop.webp\",\"width\":970,\"height\":574},{\"@type\":\"BreadcrumbList\",\"@id\":\"https:\/\/fabb.pl\/de\/partnerplatz\/#breadcrumb\",\"itemListElement\":[{\"@type\":\"ListItem\",\"position\":1,\"name\":\"Strona g\u0142\u00f3wna\",\"item\":\"https:\/\/fabb.pl\/de\/\"},{\"@type\":\"ListItem\",\"position\":2,\"name\":\"PARTNERPLATZ\"}]},{\"@type\":\"WebSite\",\"@id\":\"https:\/\/fabb.pl\/de\/#website\",\"url\":\"https:\/\/fabb.pl\/de\/\",\"name\":\"Fabb\",\"description\":\"\",\"potentialAction\":[{\"@type\":\"SearchAction\",\"target\":{\"@type\":\"EntryPoint\",\"urlTemplate\":\"https:\/\/fabb.pl\/de\/?s={search_term_string}\"},\"query-input\":{\"@type\":\"PropertyValueSpecification\",\"valueRequired\":true,\"valueName\":\"search_term_string\"}}],\"inLanguage\":\"de\"}]}<\/script>\n<!-- \/ Yoast SEO plugin. -->","yoast_head_json":{"title":"PARTNERPLATZ - Fabb","description":"Unabh\u00e4ngig davon, ob Sie eine gro\u00dfe Firma, ein mittelst\u00e4ndisches Unternehmen, einen Stoffgro\u00dfh\u00e4ndler oder eine M\u00f6belfabrik vertreten, bieten wir ma\u00dfgeschneiderte Dienstleistungen an.","robots":{"index":"index","follow":"follow","max-snippet":"max-snippet:-1","max-image-preview":"max-image-preview:large","max-video-preview":"max-video-preview:-1"},"canonical":"https:\/\/fabb.pl\/de\/partnerplatz\/","og_locale":"de_DE","og_type":"article","og_title":"PARTNERPLATZ - Fabb","og_description":"Unabh\u00e4ngig davon, ob Sie eine gro\u00dfe Firma, ein mittelst\u00e4ndisches Unternehmen, einen Stoffgro\u00dfh\u00e4ndler oder eine M\u00f6belfabrik vertreten, bieten wir ma\u00dfgeschneiderte Dienstleistungen an.","og_url":"https:\/\/fabb.pl\/de\/partnerplatz\/","og_site_name":"Fabb","article_modified_time":"2026-02-03T21:30:04+00:00","og_image":[{"width":970,"height":574,"url":"https:\/\/fabb.pl\/wp-content\/uploads\/2023\/12\/partnerzyTop.webp","type":"image\/webp"}],"twitter_card":"summary_large_image","twitter_misc":{"Gesch\u00e4tzte Lesezeit":"1\u00a0Minute"},"schema":{"@context":"https:\/\/schema.org","@graph":[{"@type":"WebPage","@id":"https:\/\/fabb.pl\/de\/partnerplatz\/","url":"https:\/\/fabb.pl\/de\/partnerplatz\/","name":"PARTNERPLATZ - Fabb","isPartOf":{"@id":"https:\/\/fabb.pl\/de\/#website"},"primaryImageOfPage":{"@id":"https:\/\/fabb.pl\/de\/partnerplatz\/#primaryimage"},"image":{"@id":"https:\/\/fabb.pl\/de\/partnerplatz\/#primaryimage"},"thumbnailUrl":"https:\/\/fabb.pl\/wp-content\/uploads\/2023\/12\/partnerzyTop.webp","datePublished":"2023-12-19T10:13:50+00:00","dateModified":"2026-02-03T21:30:04+00:00","description":"Unabh\u00e4ngig davon, ob Sie eine gro\u00dfe Firma, ein mittelst\u00e4ndisches Unternehmen, einen Stoffgro\u00dfh\u00e4ndler oder eine M\u00f6belfabrik vertreten, bieten wir ma\u00dfgeschneiderte Dienstleistungen an.","breadcrumb":{"@id":"https:\/\/fabb.pl\/de\/partnerplatz\/#breadcrumb"},"inLanguage":"de","potentialAction":[{"@type":"ReadAction","target":["https:\/\/fabb.pl\/de\/partnerplatz\/"]}]},{"@type":"ImageObject","inLanguage":"de","@id":"https:\/\/fabb.pl\/de\/partnerplatz\/#primaryimage","url":"https:\/\/fabb.pl\/wp-content\/uploads\/2023\/12\/partnerzyTop.webp","contentUrl":"https:\/\/fabb.pl\/wp-content\/uploads\/2023\/12\/partnerzyTop.webp","width":970,"height":574},{"@type":"BreadcrumbList","@id":"https:\/\/fabb.pl\/de\/partnerplatz\/#breadcrumb","itemListElement":[{"@type":"ListItem","position":1,"name":"Strona g\u0142\u00f3wna","item":"https:\/\/fabb.pl\/de\/"},{"@type":"ListItem","position":2,"name":"PARTNERPLATZ"}]},{"@type":"WebSite","@id":"https:\/\/fabb.pl\/de\/#website","url":"https:\/\/fabb.pl\/de\/","name":"Fabb","description":"","potentialAction":[{"@type":"SearchAction","target":{"@type":"EntryPoint","urlTemplate":"https:\/\/fabb.pl\/de\/?s={search_term_string}"},"query-input":{"@type":"PropertyValueSpecification","valueRequired":true,"valueName":"search_term_string"}}],"inLanguage":"de"}]}},"acf":[],"_links":{"self":[{"href":"https:\/\/fabb.pl\/de\/wp-json\/wp\/v2\/pages\/13827","targetHints":{"allow":["GET"]}}],"collection":[{"href":"https:\/\/fabb.pl\/de\/wp-json\/wp\/v2\/pages"}],"about":[{"href":"https:\/\/fabb.pl\/de\/wp-json\/wp\/v2\/types\/page"}],"author":[{"embeddable":true,"href":"https:\/\/fabb.pl\/de\/wp-json\/wp\/v2\/users\/1"}],"replies":[{"embeddable":true,"href":"https:\/\/fabb.pl\/de\/wp-json\/wp\/v2\/comments?post=13827"}],"version-history":[{"count":19,"href":"https:\/\/fabb.pl\/de\/wp-json\/wp\/v2\/pages\/13827\/revisions"}],"predecessor-version":[{"id":43151,"href":"https:\/\/fabb.pl\/de\/wp-json\/wp\/v2\/pages\/13827\/revisions\/43151"}],"wp:featuredmedia":[{"embeddable":true,"href":"https:\/\/fabb.pl\/de\/wp-json\/wp\/v2\/media\/12162"}],"wp:attachment":[{"href":"https:\/\/fabb.pl\/de\/wp-json\/wp\/v2\/media?parent=13827"}],"curies":[{"name":"wp","href":"https:\/\/api.w.org\/{rel}","templated":true}]}}